{"id":927,"date":"2022-05-27T11:42:55","date_gmt":"2022-05-27T08:42:55","guid":{"rendered":"https:\/\/tahto.com\/?page_id=927"},"modified":"2024-04-12T10:20:08","modified_gmt":"2024-04-12T07:20:08","slug":"samlingar","status":"publish","type":"page","link":"https:\/\/tahto.com\/sv\/samlingar\/","title":{"rendered":"Samlingar"},"content":{"rendered":"\n<section class=\"block block-content-wrapper container-fluid theme-blue\">\n    <div class=\"container\">\n        <div class=\"row\">\n            <div class=\"col-12 col-lg-8 offset-lg-2 col-hd-6 offset-hd-3\">\n                <main class=\"entry-content\">\n                    \n\n<h1 class=\"wp-block-heading\"><strong>SAMLINGAR<\/strong><\/h1>\n\n\n\n<p>V\u00e5ra samlingar utg\u00f6r den nationella samlingen f\u00f6r finsk idrott. Samlingar inneh\u00e5ller 35&nbsp;500 f\u00f6rem\u00e5l, 500&nbsp;000 fotografier, 30&nbsp;000 b\u00f6cker, tusentals tidskrifter och 2000 meters dokument.<\/p>\n\n\n                <\/main>\n            <\/div>\n        <\/div>\n    <\/div>\n<\/section>\n\n\n<section class=\"block block-page-highlight container-fluid theme-gray\">\n    <div class=\"container\">\n        <div class=\"row\">\n            <div class=\"col-12 page-highlight__inner\">\n                \n                                <div class=\"row list-unstyled\">\n                                        <div class=\"col-12 col-lg-4 mb-4 mb-lg-0\">\n                        <a class=\"item h-100\" href=\"https:\/\/tahto.com\/sv\/samlingar\/dokument\/\">\n                            <img decoding=\"async\" width=\"768\" height=\"510\" src=\"https:\/\/tahto.com\/wp-content\/uploads\/2024\/04\/matkustajalistaa-jos-taittoon-tarvitaan-768x510.jpg\" class=\"attachment-page-highlight size-page-highlight wp-post-image\" alt=\"\" \/>                            <h3 class=\"item-title h6\">Dokument<\/h3>\n                        <\/a>\n                    <\/div>\n                                        <div class=\"col-12 col-lg-4 mb-4 mb-lg-0\">\n                        <a class=\"item h-100\" href=\"https:\/\/tahto.com\/sv\/samlingar\/foremal\/\">\n                            <img decoding=\"async\" width=\"768\" height=\"510\" src=\"https:\/\/tahto.com\/wp-content\/uploads\/2024\/04\/5D39907_Urheilumuseo_Photo_PasiSalminen_com-768x510.jpg\" class=\"attachment-page-highlight size-page-highlight wp-post-image\" alt=\"\" srcset=\"https:\/\/tahto.com\/wp-content\/uploads\/2024\/04\/5D39907_Urheilumuseo_Photo_PasiSalminen_com-768x510.jpg 768w, https:\/\/tahto.com\/wp-content\/uploads\/2024\/04\/5D39907_Urheilumuseo_Photo_PasiSalminen_com-300x200.jpg 300w, https:\/\/tahto.com\/wp-content\/uploads\/2024\/04\/5D39907_Urheilumuseo_Photo_PasiSalminen_com-560x373.jpg 560w\" sizes=\"(max-width: 575px) 100vw, (max-width: 767px) 510px, (max-width: 991px) 290px, (max-width: 1199px) 530px, 768px\" \/>                            <h3 class=\"item-title h6\">F\u00f6rem\u00e5l<\/h3>\n                        <\/a>\n                    <\/div>\n                                        <div class=\"col-12 col-lg-4 mb-4 mb-lg-0\">\n                        <a class=\"item h-100\" href=\"https:\/\/tahto.com\/sv\/fotografier\/\">\n                            <img decoding=\"async\" width=\"768\" height=\"510\" src=\"https:\/\/tahto.com\/wp-content\/uploads\/2024\/01\/3291_71-Senioritiistai-13.2.24-768x510.jpg\" class=\"attachment-page-highlight size-page-highlight wp-post-image\" alt=\"\" \/>                            <h3 class=\"item-title h6\">Fotografier<\/h3>\n                        <\/a>\n                    <\/div>\n                                    <\/div>\n                            <\/div>\n        <\/div>\n    <\/div>\n<\/section>\n\n\n<section class=\"block block-page-highlight container-fluid theme-gray\">\n    <div class=\"container\">\n        <div class=\"row\">\n            <div class=\"col-12 page-highlight__inner\">\n                \n                                <div class=\"row list-unstyled\">\n                                        <div class=\"col-12 col-lg-4 mb-4 mb-lg-0\">\n                        <a class=\"item h-100\" href=\"https:\/\/tahto.com\/sv\/bocker-och-tidningar\/\">\n                            <img decoding=\"async\" width=\"768\" height=\"510\" src=\"https:\/\/tahto.com\/wp-content\/uploads\/2022\/12\/1961-62-kansi-768x510.jpg\" class=\"attachment-page-highlight size-page-highlight wp-post-image\" alt=\"\" \/>                            <h3 class=\"item-title h6\">B\u00f6cker och tidningar<\/h3>\n                        <\/a>\n                    <\/div>\n                                    <\/div>\n                            <\/div>\n        <\/div>\n    <\/div>\n<\/section>\n\n\n<section class=\"block block-content-wrapper container-fluid theme-orange\">\n    <div class=\"container\">\n        <div class=\"row\">\n            <div class=\"col-12 col-lg-8 offset-lg-2 col-hd-6 offset-hd-3\">\n                <main class=\"entry-content\">\n                    \n\n<p>Vi tar emot f\u00f6rem\u00e5l, fotografier, dokument, b\u00f6cker och tidningar som anknyter sig till den finl\u00e4ndska motionens och idrottens historia och nutid.<\/p>\n\n\n\n<div class=\"wp-block-button\"><a class=\"wp-block-button__link has-white-color has-black-background-color has-text-color has-background wp-element-button\" href=\"https:\/\/tahto.com\/sv\/donera-till-oss\/\">Donera till oss<\/a><\/div>\n\n\n                <\/main>\n            <\/div>\n        <\/div>\n    <\/div>\n<\/section>","protected":false},"excerpt":{"rendered":"","protected":false},"author":15,"featured_media":3071,"parent":0,"menu_order":0,"comment_status":"closed","ping_status":"closed","template":"","meta":{"_acf_changed":false,"_relevanssi_hide_post":"","_relevanssi_hide_content":"","_relevanssi_pin_for_all":"","_relevanssi_pin_keywords":"","_relevanssi_unpin_keywords":"","_relevanssi_related_keywords":"","_relevanssi_related_include_ids":"","_relevanssi_related_exclude_ids":"","_relevanssi_related_no_append":"","_relevanssi_related_not_related":"","_relevanssi_related_posts":"11280,10998,10992,11276,11273","_relevanssi_noindex_reason":"","_improvement_type_select":"improve_an_existing","_thumb_yes_seoaic":false,"_frame_yes_seoaic":false,"seoaic_generate_description":"","seoaic_improve_instructions_prompt":"","seoaic_rollback_content_improvement":"","seoaic_idea_thumbnail_generator":"","thumbnail_generated":false,"thumbnail_generate_prompt":"","seoaic_article_description":"","footnotes":""},"class_list":["post-927","page","type-page","status-publish","has-post-thumbnail","hentry"],"acf":[],"yoast_head":"<!-- This site is optimized with the Yoast SEO plugin v27.4 - https:\/\/yoast.com\/product\/yoast-seo-wordpress\/ -->\n<title>Samlingar - Tahto<\/title>\n<meta name=\"robots\" content=\"index, follow, max-snippet:-1, max-image-preview:large, max-video-preview:-1\" \/>\n<link rel=\"canonical\" href=\"https:\/\/tahto.com\/sv\/samlingar\/\" \/>\n<meta property=\"og:locale\" content=\"sv_SE\" \/>\n<meta property=\"og:type\" content=\"article\" \/>\n<meta property=\"og:title\" content=\"Samlingar - Tahto\" \/>\n<meta property=\"og:url\" content=\"https:\/\/tahto.com\/sv\/samlingar\/\" \/>\n<meta property=\"og:site_name\" content=\"Tahto\" \/>\n<meta property=\"article:modified_time\" content=\"2024-04-12T07:20:08+00:00\" \/>\n<meta property=\"og:image\" content=\"https:\/\/tahto.com\/wp-content\/uploads\/2022\/06\/5D39907_Urheilumuseo_Photo_PasiSalminen_com-1-scaled.jpg\" \/>\n\t<meta property=\"og:image:width\" content=\"2560\" \/>\n\t<meta property=\"og:image:height\" content=\"1707\" \/>\n\t<meta property=\"og:image:type\" content=\"image\/jpeg\" \/>\n<meta name=\"twitter:card\" content=\"summary_large_image\" \/>\n<meta name=\"twitter:label1\" content=\"Ber\u00e4knad l\u00e4stid\" \/>\n\t<meta name=\"twitter:data1\" content=\"2 minuter\" \/>\n<script type=\"application\/ld+json\" class=\"yoast-schema-graph\">{\"@context\":\"https:\\\/\\\/schema.org\",\"@graph\":[{\"@type\":\"WebPage\",\"@id\":\"https:\\\/\\\/tahto.com\\\/sv\\\/samlingar\\\/\",\"url\":\"https:\\\/\\\/tahto.com\\\/sv\\\/samlingar\\\/\",\"name\":\"Samlingar - Tahto\",\"isPartOf\":{\"@id\":\"https:\\\/\\\/tahto.com\\\/#website\"},\"primaryImageOfPage\":{\"@id\":\"https:\\\/\\\/tahto.com\\\/sv\\\/samlingar\\\/#primaryimage\"},\"image\":{\"@id\":\"https:\\\/\\\/tahto.com\\\/sv\\\/samlingar\\\/#primaryimage\"},\"thumbnailUrl\":\"https:\\\/\\\/tahto.com\\\/wp-content\\\/uploads\\\/2022\\\/06\\\/5D39907_Urheilumuseo_Photo_PasiSalminen_com-1-scaled.jpg\",\"datePublished\":\"2022-05-27T08:42:55+00:00\",\"dateModified\":\"2024-04-12T07:20:08+00:00\",\"inLanguage\":\"sv-SE\",\"potentialAction\":[{\"@type\":\"ReadAction\",\"target\":[\"https:\\\/\\\/tahto.com\\\/sv\\\/samlingar\\\/\"]}]},{\"@type\":\"ImageObject\",\"inLanguage\":\"sv-SE\",\"@id\":\"https:\\\/\\\/tahto.com\\\/sv\\\/samlingar\\\/#primaryimage\",\"url\":\"https:\\\/\\\/tahto.com\\\/wp-content\\\/uploads\\\/2022\\\/06\\\/5D39907_Urheilumuseo_Photo_PasiSalminen_com-1-scaled.jpg\",\"contentUrl\":\"https:\\\/\\\/tahto.com\\\/wp-content\\\/uploads\\\/2022\\\/06\\\/5D39907_Urheilumuseo_Photo_PasiSalminen_com-1-scaled.jpg\",\"width\":2560,\"height\":1707},{\"@type\":\"WebSite\",\"@id\":\"https:\\\/\\\/tahto.com\\\/#website\",\"url\":\"https:\\\/\\\/tahto.com\\\/\",\"name\":\"Tahto\",\"description\":\"Uusi urheilumuseo\",\"publisher\":{\"@id\":\"https:\\\/\\\/tahto.com\\\/#organization\"},\"potentialAction\":[{\"@type\":\"SearchAction\",\"target\":{\"@type\":\"EntryPoint\",\"urlTemplate\":\"https:\\\/\\\/tahto.com\\\/?s={search_term_string}\"},\"query-input\":{\"@type\":\"PropertyValueSpecification\",\"valueRequired\":true,\"valueName\":\"search_term_string\"}}],\"inLanguage\":\"sv-SE\"},{\"@type\":\"Organization\",\"@id\":\"https:\\\/\\\/tahto.com\\\/#organization\",\"name\":\"Tahto\",\"url\":\"https:\\\/\\\/tahto.com\\\/\",\"logo\":{\"@type\":\"ImageObject\",\"inLanguage\":\"sv-SE\",\"@id\":\"https:\\\/\\\/tahto.com\\\/#\\\/schema\\\/logo\\\/image\\\/\",\"url\":\"https:\\\/\\\/tahto.com\\\/wp-content\\\/uploads\\\/2022\\\/05\\\/cropped-Favicon-Tahto-1.png\",\"contentUrl\":\"https:\\\/\\\/tahto.com\\\/wp-content\\\/uploads\\\/2022\\\/05\\\/cropped-Favicon-Tahto-1.png\",\"width\":240,\"height\":240,\"caption\":\"Tahto\"},\"image\":{\"@id\":\"https:\\\/\\\/tahto.com\\\/#\\\/schema\\\/logo\\\/image\\\/\"}}]}<\/script>\n<!-- \/ Yoast SEO plugin. -->","yoast_head_json":{"title":"Samlingar - Tahto","robots":{"index":"index","follow":"follow","max-snippet":"max-snippet:-1","max-image-preview":"max-image-preview:large","max-video-preview":"max-video-preview:-1"},"canonical":"https:\/\/tahto.com\/sv\/samlingar\/","og_locale":"sv_SE","og_type":"article","og_title":"Samlingar - Tahto","og_url":"https:\/\/tahto.com\/sv\/samlingar\/","og_site_name":"Tahto","article_modified_time":"2024-04-12T07:20:08+00:00","og_image":[{"width":2560,"height":1707,"url":"https:\/\/tahto.com\/wp-content\/uploads\/2022\/06\/5D39907_Urheilumuseo_Photo_PasiSalminen_com-1-scaled.jpg","type":"image\/jpeg"}],"twitter_card":"summary_large_image","twitter_misc":{"Ber\u00e4knad l\u00e4stid":"2 minuter"},"schema":{"@context":"https:\/\/schema.org","@graph":[{"@type":"WebPage","@id":"https:\/\/tahto.com\/sv\/samlingar\/","url":"https:\/\/tahto.com\/sv\/samlingar\/","name":"Samlingar - Tahto","isPartOf":{"@id":"https:\/\/tahto.com\/#website"},"primaryImageOfPage":{"@id":"https:\/\/tahto.com\/sv\/samlingar\/#primaryimage"},"image":{"@id":"https:\/\/tahto.com\/sv\/samlingar\/#primaryimage"},"thumbnailUrl":"https:\/\/tahto.com\/wp-content\/uploads\/2022\/06\/5D39907_Urheilumuseo_Photo_PasiSalminen_com-1-scaled.jpg","datePublished":"2022-05-27T08:42:55+00:00","dateModified":"2024-04-12T07:20:08+00:00","inLanguage":"sv-SE","potentialAction":[{"@type":"ReadAction","target":["https:\/\/tahto.com\/sv\/samlingar\/"]}]},{"@type":"ImageObject","inLanguage":"sv-SE","@id":"https:\/\/tahto.com\/sv\/samlingar\/#primaryimage","url":"https:\/\/tahto.com\/wp-content\/uploads\/2022\/06\/5D39907_Urheilumuseo_Photo_PasiSalminen_com-1-scaled.jpg","contentUrl":"https:\/\/tahto.com\/wp-content\/uploads\/2022\/06\/5D39907_Urheilumuseo_Photo_PasiSalminen_com-1-scaled.jpg","width":2560,"height":1707},{"@type":"WebSite","@id":"https:\/\/tahto.com\/#website","url":"https:\/\/tahto.com\/","name":"Tahto","description":"Uusi urheilumuseo","publisher":{"@id":"https:\/\/tahto.com\/#organization"},"potentialAction":[{"@type":"SearchAction","target":{"@type":"EntryPoint","urlTemplate":"https:\/\/tahto.com\/?s={search_term_string}"},"query-input":{"@type":"PropertyValueSpecification","valueRequired":true,"valueName":"search_term_string"}}],"inLanguage":"sv-SE"},{"@type":"Organization","@id":"https:\/\/tahto.com\/#organization","name":"Tahto","url":"https:\/\/tahto.com\/","logo":{"@type":"ImageObject","inLanguage":"sv-SE","@id":"https:\/\/tahto.com\/#\/schema\/logo\/image\/","url":"https:\/\/tahto.com\/wp-content\/uploads\/2022\/05\/cropped-Favicon-Tahto-1.png","contentUrl":"https:\/\/tahto.com\/wp-content\/uploads\/2022\/05\/cropped-Favicon-Tahto-1.png","width":240,"height":240,"caption":"Tahto"},"image":{"@id":"https:\/\/tahto.com\/#\/schema\/logo\/image\/"}}]}},"_links":{"self":[{"href":"https:\/\/tahto.com\/sv\/wp-json\/wp\/v2\/pages\/927","targetHints":{"allow":["GET"]}}],"collection":[{"href":"https:\/\/tahto.com\/sv\/wp-json\/wp\/v2\/pages"}],"about":[{"href":"https:\/\/tahto.com\/sv\/wp-json\/wp\/v2\/types\/page"}],"author":[{"embeddable":true,"href":"https:\/\/tahto.com\/sv\/wp-json\/wp\/v2\/users\/15"}],"replies":[{"embeddable":true,"href":"https:\/\/tahto.com\/sv\/wp-json\/wp\/v2\/comments?post=927"}],"version-history":[{"count":9,"href":"https:\/\/tahto.com\/sv\/wp-json\/wp\/v2\/pages\/927\/revisions"}],"predecessor-version":[{"id":9873,"href":"https:\/\/tahto.com\/sv\/wp-json\/wp\/v2\/pages\/927\/revisions\/9873"}],"wp:featuredmedia":[{"embeddable":true,"href":"https:\/\/tahto.com\/sv\/wp-json\/wp\/v2\/media\/3071"}],"wp:attachment":[{"href":"https:\/\/tahto.com\/sv\/wp-json\/wp\/v2\/media?parent=927"}],"curies":[{"name":"wp","href":"https:\/\/api.w.org\/{rel}","templated":true}]}}