{"id":824,"date":"2022-05-17T13:38:40","date_gmt":"2022-05-17T10:38:40","guid":{"rendered":"https:\/\/tahto.com\/?page_id=824"},"modified":"2024-05-02T14:15:55","modified_gmt":"2024-05-02T11:15:55","slug":"fotografier","status":"publish","type":"page","link":"https:\/\/tahto.com\/sv\/fotografier\/","title":{"rendered":"Fotografier"},"content":{"rendered":"\n<section class=\"block block-content-wrapper container-fluid theme-blue\">\n    <div class=\"container\">\n        <div class=\"row\">\n            <div class=\"col-12 col-lg-8 offset-lg-2 col-hd-6 offset-hd-3\">\n                <main class=\"entry-content\">\n                    \n\n<div class=\"wp-block-buttons is-horizontal is-content-justification-left is-nowrap is-layout-flex wp-container-core-buttons-is-layout-531651d8 wp-block-buttons-is-layout-flex\"><\/div>\n\n\n\n<h1 class=\"wp-block-heading\">FOTOGRAFIER<\/h1>\n\n\n\n<p>Fotografiet \u00e4r den mest tilltalande k\u00e4llan till det f\u00f6rflutna. V\u00e5ra fotografier ber\u00e4ttar om den finl\u00e4ndska idrottens h\u00f6jdpunkter, idrottsplatsernas och -traditionernas f\u00f6r\u00e4ndringar samt verksamheten inom talrika idrottsorganisationer och de aktiva personerna inom dessa. Huvuddelen av v\u00e5ra fotografisamlingar \u00e4r \u00e4ldre \u00e4n 1970-talet. Den mest betydelsefulla specialsamlingen ber\u00f6r Helsingfors olympiska spel 1952: drygt 10000 originalnegativ kring f\u00f6rberedelser, \u00f6ppnings- och avslutningsceremonierna, t\u00e4vlingsplatserna samt f\u00f6rst\u00e5s olika grenars h\u00e4ndelser och de framg\u00e5ngsrika idrottarna.<br><br>Du kan bekanta dig med v\u00e5ra mest efterfr\u00e5gade idrottsbilder i v\u00e5r n\u00e4tbutik och best\u00e4lla dem f\u00f6r eget bruk. <\/p>\n\n\n\n<div class=\"wp-block-buttons is-nowrap is-layout-flex wp-container-core-buttons-is-layout-ad2f72ca wp-block-buttons-is-layout-flex\">\n<div class=\"wp-block-button has-custom-width wp-block-button__width-50 is-style-fill\"><a class=\"wp-block-button__link has-white-color has-black-background-color has-text-color has-background wp-element-button\" href=\"https:\/\/verkkokauppa.urheilumuseo.fi\/\" target=\"_blank\" rel=\"noreferrer noopener\">N\u00e4tbutik<\/a><\/div>\n\n\n\n<div class=\"wp-block-button has-custom-width wp-block-button__width-50 is-style-fill\"><a class=\"wp-block-button__link has-black-color has-black-background-color has-text-color has-background wp-element-button\" href=\"https:\/\/tahto.com\/sv\/hinnasto\/\">Prislista<\/a><\/div>\n\n\n\n<div class=\"wp-block-button has-custom-width wp-block-button__width-50 is-style-fill\"><a class=\"wp-block-button__link has-white-color has-black-background-color has-text-color has-background wp-element-button\" href=\"https:\/\/tahto.com\/sv\/leverans-och-anvandningsvillkor\/\">Leverans- och anv\u00e4ndningsvillkor<\/a><\/div>\n<\/div>\n\n\n\n<p>N\u00e4tbutiken inneh\u00e5ller endast en liten del av alla v\u00e5ra fotografier: om du inte hittar bilden du s\u00f6ker, ta kontakt med bildarkivet.<\/p>\n\n\n\n<p>TILL\u00c4GGSINFORMATION:<br>Merja Vilen<br>specialist<br>merja.vilen@tahto.com<br>tel. 044 761 1713<\/p>\n\n\n\n<p><\/p>\n\n\n\n<div class=\"wp-block-buttons is-layout-flex wp-block-buttons-is-layout-flex\"><\/div>\n\n\n                <\/main>\n            <\/div>\n        <\/div>\n    <\/div>\n<\/section>","protected":false},"excerpt":{"rendered":"","protected":false},"author":15,"featured_media":9244,"parent":0,"menu_order":0,"comment_status":"closed","ping_status":"closed","template":"","meta":{"_acf_changed":false,"_relevanssi_hide_post":"","_relevanssi_hide_content":"","_relevanssi_pin_for_all":"","_relevanssi_pin_keywords":"","_relevanssi_unpin_keywords":"","_relevanssi_related_keywords":"","_relevanssi_related_include_ids":"","_relevanssi_related_exclude_ids":"","_relevanssi_related_no_append":"","_relevanssi_related_not_related":"","_relevanssi_related_posts":"","_relevanssi_noindex_reason":"","_improvement_type_select":"improve_an_existing","_thumb_yes_seoaic":false,"_frame_yes_seoaic":false,"seoaic_generate_description":"","seoaic_improve_instructions_prompt":"","seoaic_rollback_content_improvement":"","seoaic_idea_thumbnail_generator":"","thumbnail_generated":false,"thumbnail_generate_prompt":"","seoaic_article_description":"","footnotes":""},"class_list":["post-824","page","type-page","status-publish","has-post-thumbnail","hentry"],"acf":[],"yoast_head":"<!-- This site is optimized with the Yoast SEO plugin v27.4 - https:\/\/yoast.com\/product\/yoast-seo-wordpress\/ -->\n<title>Fotografier - Tahto<\/title>\n<meta name=\"robots\" content=\"index, follow, max-snippet:-1, max-image-preview:large, max-video-preview:-1\" \/>\n<link rel=\"canonical\" href=\"https:\/\/tahto.com\/sv\/fotografier\/\" \/>\n<meta property=\"og:locale\" content=\"sv_SE\" \/>\n<meta property=\"og:type\" content=\"article\" \/>\n<meta property=\"og:title\" content=\"Fotografier - Tahto\" \/>\n<meta property=\"og:url\" content=\"https:\/\/tahto.com\/sv\/fotografier\/\" \/>\n<meta property=\"og:site_name\" content=\"Tahto\" \/>\n<meta property=\"article:modified_time\" content=\"2024-05-02T11:15:55+00:00\" \/>\n<meta property=\"og:image\" content=\"https:\/\/tahto.com\/wp-content\/uploads\/2024\/01\/3291_71-Senioritiistai-13.2.24-scaled.jpg\" \/>\n\t<meta property=\"og:image:width\" content=\"2560\" \/>\n\t<meta property=\"og:image:height\" content=\"1811\" \/>\n\t<meta property=\"og:image:type\" content=\"image\/jpeg\" \/>\n<meta name=\"twitter:card\" content=\"summary_large_image\" \/>\n<meta name=\"twitter:label1\" content=\"Ber\u00e4knad l\u00e4stid\" \/>\n\t<meta name=\"twitter:data1\" content=\"2 minuter\" \/>\n<script type=\"application\/ld+json\" class=\"yoast-schema-graph\">{\"@context\":\"https:\\\/\\\/schema.org\",\"@graph\":[{\"@type\":\"WebPage\",\"@id\":\"https:\\\/\\\/tahto.com\\\/sv\\\/fotografier\\\/\",\"url\":\"https:\\\/\\\/tahto.com\\\/sv\\\/fotografier\\\/\",\"name\":\"Fotografier - Tahto\",\"isPartOf\":{\"@id\":\"https:\\\/\\\/tahto.com\\\/#website\"},\"primaryImageOfPage\":{\"@id\":\"https:\\\/\\\/tahto.com\\\/sv\\\/fotografier\\\/#primaryimage\"},\"image\":{\"@id\":\"https:\\\/\\\/tahto.com\\\/sv\\\/fotografier\\\/#primaryimage\"},\"thumbnailUrl\":\"https:\\\/\\\/tahto.com\\\/wp-content\\\/uploads\\\/2024\\\/01\\\/3291_71-Senioritiistai-13.2.24-scaled.jpg\",\"datePublished\":\"2022-05-17T10:38:40+00:00\",\"dateModified\":\"2024-05-02T11:15:55+00:00\",\"inLanguage\":\"sv-SE\",\"potentialAction\":[{\"@type\":\"ReadAction\",\"target\":[\"https:\\\/\\\/tahto.com\\\/sv\\\/fotografier\\\/\"]}]},{\"@type\":\"ImageObject\",\"inLanguage\":\"sv-SE\",\"@id\":\"https:\\\/\\\/tahto.com\\\/sv\\\/fotografier\\\/#primaryimage\",\"url\":\"https:\\\/\\\/tahto.com\\\/wp-content\\\/uploads\\\/2024\\\/01\\\/3291_71-Senioritiistai-13.2.24-scaled.jpg\",\"contentUrl\":\"https:\\\/\\\/tahto.com\\\/wp-content\\\/uploads\\\/2024\\\/01\\\/3291_71-Senioritiistai-13.2.24-scaled.jpg\",\"width\":2560,\"height\":1811,\"caption\":\"Ville Ritola johtaa 10 000 m juoksua, Edwin Wide toisena. Pariisin olympialaiset 1924\"},{\"@type\":\"WebSite\",\"@id\":\"https:\\\/\\\/tahto.com\\\/#website\",\"url\":\"https:\\\/\\\/tahto.com\\\/\",\"name\":\"Tahto\",\"description\":\"Uusi urheilumuseo\",\"publisher\":{\"@id\":\"https:\\\/\\\/tahto.com\\\/#organization\"},\"potentialAction\":[{\"@type\":\"SearchAction\",\"target\":{\"@type\":\"EntryPoint\",\"urlTemplate\":\"https:\\\/\\\/tahto.com\\\/?s={search_term_string}\"},\"query-input\":{\"@type\":\"PropertyValueSpecification\",\"valueRequired\":true,\"valueName\":\"search_term_string\"}}],\"inLanguage\":\"sv-SE\"},{\"@type\":\"Organization\",\"@id\":\"https:\\\/\\\/tahto.com\\\/#organization\",\"name\":\"Tahto\",\"url\":\"https:\\\/\\\/tahto.com\\\/\",\"logo\":{\"@type\":\"ImageObject\",\"inLanguage\":\"sv-SE\",\"@id\":\"https:\\\/\\\/tahto.com\\\/#\\\/schema\\\/logo\\\/image\\\/\",\"url\":\"https:\\\/\\\/tahto.com\\\/wp-content\\\/uploads\\\/2022\\\/05\\\/cropped-Favicon-Tahto-1.png\",\"contentUrl\":\"https:\\\/\\\/tahto.com\\\/wp-content\\\/uploads\\\/2022\\\/05\\\/cropped-Favicon-Tahto-1.png\",\"width\":240,\"height\":240,\"caption\":\"Tahto\"},\"image\":{\"@id\":\"https:\\\/\\\/tahto.com\\\/#\\\/schema\\\/logo\\\/image\\\/\"}}]}<\/script>\n<!-- \/ Yoast SEO plugin. -->","yoast_head_json":{"title":"Fotografier - Tahto","robots":{"index":"index","follow":"follow","max-snippet":"max-snippet:-1","max-image-preview":"max-image-preview:large","max-video-preview":"max-video-preview:-1"},"canonical":"https:\/\/tahto.com\/sv\/fotografier\/","og_locale":"sv_SE","og_type":"article","og_title":"Fotografier - Tahto","og_url":"https:\/\/tahto.com\/sv\/fotografier\/","og_site_name":"Tahto","article_modified_time":"2024-05-02T11:15:55+00:00","og_image":[{"width":2560,"height":1811,"url":"https:\/\/tahto.com\/wp-content\/uploads\/2024\/01\/3291_71-Senioritiistai-13.2.24-scaled.jpg","type":"image\/jpeg"}],"twitter_card":"summary_large_image","twitter_misc":{"Ber\u00e4knad l\u00e4stid":"2 minuter"},"schema":{"@context":"https:\/\/schema.org","@graph":[{"@type":"WebPage","@id":"https:\/\/tahto.com\/sv\/fotografier\/","url":"https:\/\/tahto.com\/sv\/fotografier\/","name":"Fotografier - Tahto","isPartOf":{"@id":"https:\/\/tahto.com\/#website"},"primaryImageOfPage":{"@id":"https:\/\/tahto.com\/sv\/fotografier\/#primaryimage"},"image":{"@id":"https:\/\/tahto.com\/sv\/fotografier\/#primaryimage"},"thumbnailUrl":"https:\/\/tahto.com\/wp-content\/uploads\/2024\/01\/3291_71-Senioritiistai-13.2.24-scaled.jpg","datePublished":"2022-05-17T10:38:40+00:00","dateModified":"2024-05-02T11:15:55+00:00","inLanguage":"sv-SE","potentialAction":[{"@type":"ReadAction","target":["https:\/\/tahto.com\/sv\/fotografier\/"]}]},{"@type":"ImageObject","inLanguage":"sv-SE","@id":"https:\/\/tahto.com\/sv\/fotografier\/#primaryimage","url":"https:\/\/tahto.com\/wp-content\/uploads\/2024\/01\/3291_71-Senioritiistai-13.2.24-scaled.jpg","contentUrl":"https:\/\/tahto.com\/wp-content\/uploads\/2024\/01\/3291_71-Senioritiistai-13.2.24-scaled.jpg","width":2560,"height":1811,"caption":"Ville Ritola johtaa 10 000 m juoksua, Edwin Wide toisena. Pariisin olympialaiset 1924"},{"@type":"WebSite","@id":"https:\/\/tahto.com\/#website","url":"https:\/\/tahto.com\/","name":"Tahto","description":"Uusi urheilumuseo","publisher":{"@id":"https:\/\/tahto.com\/#organization"},"potentialAction":[{"@type":"SearchAction","target":{"@type":"EntryPoint","urlTemplate":"https:\/\/tahto.com\/?s={search_term_string}"},"query-input":{"@type":"PropertyValueSpecification","valueRequired":true,"valueName":"search_term_string"}}],"inLanguage":"sv-SE"},{"@type":"Organization","@id":"https:\/\/tahto.com\/#organization","name":"Tahto","url":"https:\/\/tahto.com\/","logo":{"@type":"ImageObject","inLanguage":"sv-SE","@id":"https:\/\/tahto.com\/#\/schema\/logo\/image\/","url":"https:\/\/tahto.com\/wp-content\/uploads\/2022\/05\/cropped-Favicon-Tahto-1.png","contentUrl":"https:\/\/tahto.com\/wp-content\/uploads\/2022\/05\/cropped-Favicon-Tahto-1.png","width":240,"height":240,"caption":"Tahto"},"image":{"@id":"https:\/\/tahto.com\/#\/schema\/logo\/image\/"}}]}},"_links":{"self":[{"href":"https:\/\/tahto.com\/sv\/wp-json\/wp\/v2\/pages\/824","targetHints":{"allow":["GET"]}}],"collection":[{"href":"https:\/\/tahto.com\/sv\/wp-json\/wp\/v2\/pages"}],"about":[{"href":"https:\/\/tahto.com\/sv\/wp-json\/wp\/v2\/types\/page"}],"author":[{"embeddable":true,"href":"https:\/\/tahto.com\/sv\/wp-json\/wp\/v2\/users\/15"}],"replies":[{"embeddable":true,"href":"https:\/\/tahto.com\/sv\/wp-json\/wp\/v2\/comments?post=824"}],"version-history":[{"count":14,"href":"https:\/\/tahto.com\/sv\/wp-json\/wp\/v2\/pages\/824\/revisions"}],"predecessor-version":[{"id":10229,"href":"https:\/\/tahto.com\/sv\/wp-json\/wp\/v2\/pages\/824\/revisions\/10229"}],"wp:featuredmedia":[{"embeddable":true,"href":"https:\/\/tahto.com\/sv\/wp-json\/wp\/v2\/media\/9244"}],"wp:attachment":[{"href":"https:\/\/tahto.com\/sv\/wp-json\/wp\/v2\/media?parent=824"}],"curies":[{"name":"wp","href":"https:\/\/api.w.org\/{rel}","templated":true}]}}