{"id":4224,"date":"2022-05-24T10:26:55","date_gmt":"2022-05-24T07:26:55","guid":{"rendered":"https:\/\/tahto.com\/yhteystiedot\/"},"modified":"2026-03-23T10:29:18","modified_gmt":"2026-03-23T08:29:18","slug":"yhteystiedot","status":"publish","type":"page","link":"https:\/\/tahto.com\/sv\/yhteystiedot\/","title":{"rendered":"Kontaktuppgifter"},"content":{"rendered":"\n<section\n    class=\"block block-hero container-fluid theme-orange block-hero-mobile-no-bottom-padding\">\n    <div class=\"container\">\n        <div class=\"row block-hero-row\">\n            <div class=\"col-12 col-lg-6 text-content\">\n                <main class=\"entry-content\">\n                    \n\n<h1 class=\"wp-block-heading\">KoNTAkTuppgifter<\/h1>\n\n\n\n<p>Olympiastadion<br>Paavo Nurmis v\u00e4g 1<br>00250 Helsingfors<br>tel. (09) 434 2250<br>tahto(at)tahto.com<br><br>De individuella e-postadresserna har formen f\u00f6rnamn.efternamn(at)tahto.com<br><br><strong>Fakturerings uppgifter<\/strong><br><br>Suomen Urheilumuseos\u00e4\u00e4ti\u00f6<br>FO-nummer: 0202320-6<br>FI7510283000197186<br>NDEAFIHH<br><br>Mottagande av ink\u00f6psfakturor<br>N\u00e4tfakturaadress: 003702023206<br>F\u00f6rmedlarkoden: 003708599126 (Liaison)<br>E-postfakturaadress: fennoa.FI.P.148455-9@docinbound.com<br><br>Postfakturaadress:<br>Suomen Urheilumuseos\u00e4\u00e4ti\u00f6 sr<br>PL 55329<br>01051 LASKUT<\/p>\n\n\n                <\/main>\n            <\/div>\n                        <div class=\"col-12 col-lg-6 image-spacer\">\n                <div class=\"hero-image full-width-md-down\" role=\"presentation\"\n                    style=\"background-image: url('https:\/\/tahto.com\/wp-content\/themes\/urheilumuseo\/dist\/images\/hero-theme-orange.svg')\">\n                <\/div>\n            <\/div>\n                    <\/div>\n    <\/div>\n<\/section>\n\n\n<section class=\"block block-people-pullup container-fluid theme-gray\">\n    <div class=\"container\">\n        <div class=\"row block-people-pullup-row\">\n            <div class=\"col-12 col-lg-9\">\n                <h2 class=\"h3\">Administration<\/h2>\n            <\/div>\n            <div class=\"col-12\">\n                <div class=\"row\">\n                    <div class=\"col-9 offset-3\">\n                        <ul class=\"row block-people-pullup-list-row\">\n                                                        <li class=\"col-12 col-lg-6 col-xl-4\">\n                                <div class=\"person-card d-flex flex-column h-100 justify-content-start\">\n        <div class=\"person-card-image-wrapper d-flex align-items-end\">\n        <img decoding=\"async\" width=\"285\" height=\"380\" src=\"https:\/\/tahto.com\/wp-content\/uploads\/2022\/06\/Matti_Hintikka_001.jpg\" class=\"attachment-person-card size-person-card wp-post-image\" alt=\"\" srcset=\"https:\/\/tahto.com\/wp-content\/uploads\/2022\/06\/Matti_Hintikka_001.jpg 285w, https:\/\/tahto.com\/wp-content\/uploads\/2022\/06\/Matti_Hintikka_001-225x300.jpg 225w\" sizes=\"285px\" \/>    <\/div>\n        <div class=\"person-card-text-content d-flex flex-column\">\n        <h3 class=\"ingress font-weight-bold\">Matti Hintikka<\/h3>\n        <p class=\"text-uppercase\">Tillf\u00f6rordnad chef<\/p>\n        <p>Verksamhets- och ekonomiledning, inneh\u00e5llstj\u00e4nster<\/p>\n        <a class=\"person-card-phone\" href=\"tel:+ 358 41 538 3854\">Tel. + 358 41 538 3854<\/a>\n    <\/div>\n<\/div>                            <\/li>\n                                                        <li class=\"col-12 col-lg-6 col-xl-4\">\n                                <div class=\"person-card d-flex flex-column h-100 justify-content-start\">\n        <div class=\"person-card-image-wrapper d-flex align-items-end\">\n        <img decoding=\"async\" width=\"285\" height=\"380\" src=\"https:\/\/tahto.com\/wp-content\/uploads\/2022\/05\/Pia_Arvo_001.jpg\" class=\"attachment-person-card size-person-card wp-post-image\" alt=\"\" srcset=\"https:\/\/tahto.com\/wp-content\/uploads\/2022\/05\/Pia_Arvo_001.jpg 285w, https:\/\/tahto.com\/wp-content\/uploads\/2022\/05\/Pia_Arvo_001-225x300.jpg 225w\" sizes=\"285px\" \/>    <\/div>\n        <div class=\"person-card-text-content d-flex flex-column\">\n        <h3 class=\"ingress font-weight-bold\">Pia Arvo<\/h3>\n        <p class=\"text-uppercase\">Administrativ koordinator<\/p>\n        <p>Administrativa och ekonomiska \u00e4renden, lokaluthyrning och kundevenemang<\/p>\n        <a class=\"person-card-phone\" href=\"tel:+358 40 532 1688\">Tel. +358 40 532 1688<\/a>\n    <\/div>\n<\/div>                            <\/li>\n                                                        <li class=\"col-12 col-lg-6 col-xl-4\">\n                                <div class=\"person-card d-flex flex-column h-100 justify-content-start\">\n        <div class=\"person-card-image-wrapper d-flex align-items-end\">\n        <img decoding=\"async\" width=\"285\" height=\"380\" src=\"https:\/\/tahto.com\/wp-content\/uploads\/2022\/05\/Taina_Halsti_001.jpg\" class=\"attachment-person-card size-person-card wp-post-image\" alt=\"\" srcset=\"https:\/\/tahto.com\/wp-content\/uploads\/2022\/05\/Taina_Halsti_001.jpg 285w, https:\/\/tahto.com\/wp-content\/uploads\/2022\/05\/Taina_Halsti_001-225x300.jpg 225w\" sizes=\"285px\" \/>    <\/div>\n        <div class=\"person-card-text-content d-flex flex-column\">\n        <h3 class=\"ingress font-weight-bold\">Taina Halsti<\/h3>\n        <p class=\"text-uppercase\">Kommunikations- och marknadsspecialist<\/p>\n        <p>Marknadsf\u00f6ring, mediekontakter, kommunikation<\/p>\n        <a class=\"person-card-phone\" href=\"tel:+358 41 547 5307\">Tel. +358 41 547 5307<\/a>\n    <\/div>\n<\/div>                            <\/li>\n                                                        <li class=\"col-12 col-lg-6 col-xl-4\">\n                                <div class=\"person-card d-flex flex-column h-100 justify-content-start\">\n        <div class=\"person-card-image-wrapper d-flex align-items-end\">\n        <img decoding=\"async\" width=\"570\" height=\"760\" src=\"https:\/\/tahto.com\/wp-content\/uploads\/2023\/04\/Sanna-Leena_Perunka_002-570x760.jpg\" class=\"attachment-person-card size-person-card wp-post-image\" alt=\"\" \/>    <\/div>\n        <div class=\"person-card-text-content d-flex flex-column\">\n        <h3 class=\"ingress font-weight-bold\">Sanna-Leena Perunka<\/h3>\n        <p class=\"text-uppercase\">Kommunikations- och marknadsspecialist<\/p>\n        <p>Partnerkommunikation, sociala medier och kommunikationsmaterial<\/p>\n        <a class=\"person-card-phone\" href=\"tel:+ 358 44 794 5181\">Tel. + 358 44 794 5181<\/a>\n    <\/div>\n<\/div>                            <\/li>\n                                                    <\/ul>\n                    <\/div>\n                <\/div>\n            <\/div>\n        <\/div>\n    <\/div>\n<\/section>\n\n\n\n<section class=\"block block-people-pullup container-fluid theme-gray\">\n    <div class=\"container\">\n        <div class=\"row block-people-pullup-row\">\n            <div class=\"col-12 col-lg-9\">\n                <h2 class=\"h3\">Utst\u00e4llningar och Kundservice<\/h2>\n            <\/div>\n            <div class=\"col-12\">\n                <div class=\"row\">\n                    <div class=\"col-9 offset-3\">\n                        <ul class=\"row block-people-pullup-list-row\">\n                                                        <li class=\"col-12 col-lg-6 col-xl-4\">\n                                <div class=\"person-card d-flex flex-column h-100 justify-content-start\">\n        <div class=\"person-card-image-wrapper d-flex align-items-end\">\n        <img decoding=\"async\" width=\"570\" height=\"760\" src=\"https:\/\/tahto.com\/wp-content\/uploads\/2025\/12\/Tahto2025-EssiViherkoski-photo-KekeLeppala-1-570x760.jpg\" class=\"attachment-person-card size-person-card wp-post-image\" alt=\"\" \/>    <\/div>\n        <div class=\"person-card-text-content d-flex flex-column\">\n        <h3 class=\"ingress font-weight-bold\">Essi Viherkoski<\/h3>\n        <p class=\"text-uppercase\">Kundtj\u00e4nstansvarig<\/p>\n        <p>Ansvar f\u00f6r kundservice och TAHTO Shop<\/p>\n        <a class=\"person-card-phone\" href=\"tel:+ 358 44 491 0415\">Tel. + 358 44 491 0415<\/a>\n    <\/div>\n<\/div>                            <\/li>\n                                                        <li class=\"col-12 col-lg-6 col-xl-4\">\n                                <div class=\"person-card d-flex flex-column h-100 justify-content-start\">\n        <div class=\"person-card-image-wrapper d-flex align-items-end\">\n        <img decoding=\"async\" width=\"285\" height=\"380\" src=\"https:\/\/tahto.com\/wp-content\/uploads\/2022\/05\/Jonna_Kokkola_001.jpg\" class=\"attachment-person-card size-person-card wp-post-image\" alt=\"\" srcset=\"https:\/\/tahto.com\/wp-content\/uploads\/2022\/05\/Jonna_Kokkola_001.jpg 285w, https:\/\/tahto.com\/wp-content\/uploads\/2022\/05\/Jonna_Kokkola_001-225x300.jpg 225w\" sizes=\"285px\" \/>    <\/div>\n        <div class=\"person-card-text-content d-flex flex-column\">\n        <h3 class=\"ingress font-weight-bold\">Jonna Kokkola<\/h3>\n        <p class=\"text-uppercase\">Pedagogisk kurator<\/p>\n        <p>Museipedagogik och evenemang, guidade turer, bes\u00f6k i skol- och daghemsgrupper (fr\u00e5nvarande t.o.m. 31.8.2026)<\/p>\n        <a class=\"person-card-phone\" href=\"tel:+358 44 788 3764\">Tel. +358 44 788 3764<\/a>\n    <\/div>\n<\/div>                            <\/li>\n                                                        <li class=\"col-12 col-lg-6 col-xl-4\">\n                                <div class=\"person-card d-flex flex-column h-100 justify-content-start\">\n        <div class=\"person-card-image-wrapper d-flex align-items-end\">\n        <img decoding=\"async\" width=\"570\" height=\"760\" src=\"https:\/\/tahto.com\/wp-content\/uploads\/2024\/04\/juliaana_nettikoko-570x760.jpg\" class=\"attachment-person-card size-person-card wp-post-image\" alt=\"\" \/>    <\/div>\n        <div class=\"person-card-text-content d-flex flex-column\">\n        <h3 class=\"ingress font-weight-bold\">Juliaana Paappanen<\/h3>\n        <p class=\"text-uppercase\">Kundansvarig (p\u00e5 f\u00f6r\u00e4ldraledighet)<\/p>\n        <p><\/p>\n        <a class=\"person-card-phone\" href=\"tel:\">Tel. <\/a>\n    <\/div>\n<\/div>                            <\/li>\n                                                    <\/ul>\n                    <\/div>\n                <\/div>\n            <\/div>\n        <\/div>\n    <\/div>\n<\/section>\n\n\n\n<section class=\"block block-people-pullup container-fluid theme-gray\">\n    <div class=\"container\">\n        <div class=\"row block-people-pullup-row\">\n            <div class=\"col-12 col-lg-9\">\n                <h2 class=\"h3\">Samlingar och Informationstj\u00e4nster<\/h2>\n            <\/div>\n            <div class=\"col-12\">\n                <div class=\"row\">\n                    <div class=\"col-9 offset-3\">\n                        <ul class=\"row block-people-pullup-list-row\">\n                                                        <li class=\"col-12 col-lg-6 col-xl-4\">\n                                <div class=\"person-card d-flex flex-column h-100 justify-content-start\">\n        <div class=\"person-card-image-wrapper d-flex align-items-end\">\n        <img decoding=\"async\" width=\"285\" height=\"380\" src=\"https:\/\/tahto.com\/wp-content\/uploads\/2022\/05\/Kalle_Rantala_001.jpg\" class=\"attachment-person-card size-person-card wp-post-image\" alt=\"\" srcset=\"https:\/\/tahto.com\/wp-content\/uploads\/2022\/05\/Kalle_Rantala_001.jpg 285w, https:\/\/tahto.com\/wp-content\/uploads\/2022\/05\/Kalle_Rantala_001-225x300.jpg 225w\" sizes=\"285px\" \/>    <\/div>\n        <div class=\"person-card-text-content d-flex flex-column\">\n        <h3 class=\"ingress font-weight-bold\">Kalle Rantala<\/h3>\n        <p class=\"text-uppercase\">Chef f\u00f6r samlingar och utst\u00e4llningar<\/p>\n        <p>Ledning av utst\u00e4llningar och samlingstj\u00e4nster<\/p>\n        <a class=\"person-card-phone\" href=\"tel:+358 44 700 2592\">Tel. +358 44 700 2592<\/a>\n    <\/div>\n<\/div>                            <\/li>\n                                                        <li class=\"col-12 col-lg-6 col-xl-4\">\n                                <div class=\"person-card d-flex flex-column h-100 justify-content-start\">\n        <div class=\"person-card-image-wrapper d-flex align-items-end\">\n        <img decoding=\"async\" width=\"285\" height=\"380\" src=\"https:\/\/tahto.com\/wp-content\/uploads\/2022\/05\/Jouni_Lavikainen_001.jpg\" class=\"attachment-person-card size-person-card wp-post-image\" alt=\"\" srcset=\"https:\/\/tahto.com\/wp-content\/uploads\/2022\/05\/Jouni_Lavikainen_001.jpg 285w, https:\/\/tahto.com\/wp-content\/uploads\/2022\/05\/Jouni_Lavikainen_001-225x300.jpg 225w\" sizes=\"285px\" \/>    <\/div>\n        <div class=\"person-card-text-content d-flex flex-column\">\n        <h3 class=\"ingress font-weight-bold\">Jouni Lavikainen<\/h3>\n        <p class=\"text-uppercase\">Kurator<\/p>\n        <p>F\u00f6rem\u00e5lssamlingar, publikationer och inneh\u00e5llstj\u00e4nster, produktion av utst\u00e4llningar<\/p>\n        <a class=\"person-card-phone\" href=\"tel:+358 44 732 3040\">Tel. +358 44 732 3040<\/a>\n    <\/div>\n<\/div>                            <\/li>\n                                                        <li class=\"col-12 col-lg-6 col-xl-4\">\n                                <div class=\"person-card d-flex flex-column h-100 justify-content-start\">\n        <div class=\"person-card-image-wrapper d-flex align-items-end\">\n        <img decoding=\"async\" width=\"285\" height=\"380\" src=\"https:\/\/tahto.com\/wp-content\/uploads\/2022\/06\/Vesa_Tikander_001.jpg\" class=\"attachment-person-card size-person-card wp-post-image\" alt=\"\" srcset=\"https:\/\/tahto.com\/wp-content\/uploads\/2022\/06\/Vesa_Tikander_001.jpg 285w, https:\/\/tahto.com\/wp-content\/uploads\/2022\/06\/Vesa_Tikander_001-225x300.jpg 225w\" sizes=\"285px\" \/>    <\/div>\n        <div class=\"person-card-text-content d-flex flex-column\">\n        <h3 class=\"ingress font-weight-bold\">Vesa Tikander<\/h3>\n        <p class=\"text-uppercase\">Senior specialist<\/p>\n        <p>Genomf\u00f6rande av informationsservice, biblioteks- och tidningstj\u00e4nster<\/p>\n        <a class=\"person-card-phone\" href=\"tel:+ 358 44 783 4594\">Tel. + 358 44 783 4594<\/a>\n    <\/div>\n<\/div>                            <\/li>\n                                                        <li class=\"col-12 col-lg-6 col-xl-4\">\n                                <div class=\"person-card d-flex flex-column h-100 justify-content-start\">\n        <div class=\"person-card-image-wrapper d-flex align-items-end\">\n        <img decoding=\"async\" width=\"285\" height=\"380\" src=\"https:\/\/tahto.com\/wp-content\/uploads\/2022\/05\/Teemu_Vuorenpaa_001.jpg\" class=\"attachment-person-card size-person-card wp-post-image\" alt=\"\" srcset=\"https:\/\/tahto.com\/wp-content\/uploads\/2022\/05\/Teemu_Vuorenpaa_001.jpg 285w, https:\/\/tahto.com\/wp-content\/uploads\/2022\/05\/Teemu_Vuorenpaa_001-225x300.jpg 225w\" sizes=\"285px\" \/>    <\/div>\n        <div class=\"person-card-text-content d-flex flex-column\">\n        <h3 class=\"ingress font-weight-bold\">Teemu Vuorenp\u00e4\u00e4<\/h3>\n        <p class=\"text-uppercase\">Specialist<\/p>\n        <p>Dokumentarkivtj\u00e4nster, arkivbes\u00f6k, r\u00e5dgivning om donationer och utbildning, digitala projekt<\/p>\n        <a class=\"person-card-phone\" href=\"tel:+358 44 719 3643\">Tel. +358 44 719 3643<\/a>\n    <\/div>\n<\/div>                            <\/li>\n                                                        <li class=\"col-12 col-lg-6 col-xl-4\">\n                                <div class=\"person-card d-flex flex-column h-100 justify-content-start\">\n        <div class=\"person-card-image-wrapper d-flex align-items-end\">\n        <img decoding=\"async\" width=\"285\" height=\"380\" src=\"https:\/\/tahto.com\/wp-content\/uploads\/2022\/05\/Merja_Vilen_001.jpg\" class=\"attachment-person-card size-person-card wp-post-image\" alt=\"\" srcset=\"https:\/\/tahto.com\/wp-content\/uploads\/2022\/05\/Merja_Vilen_001.jpg 285w, https:\/\/tahto.com\/wp-content\/uploads\/2022\/05\/Merja_Vilen_001-225x300.jpg 225w\" sizes=\"285px\" \/>    <\/div>\n        <div class=\"person-card-text-content d-flex flex-column\">\n        <h3 class=\"ingress font-weight-bold\">Merja Vilen<\/h3>\n        <p class=\"text-uppercase\">Specialist<\/p>\n        <p>Fotografisamlingar och -tj\u00e4nster<\/p>\n        <a class=\"person-card-phone\" href=\"tel:+358 44 761 1713\">Tel. +358 44 761 1713<\/a>\n    <\/div>\n<\/div>                            <\/li>\n                                                        <li class=\"col-12 col-lg-6 col-xl-4\">\n                                <div class=\"person-card d-flex flex-column h-100 justify-content-start\">\n        <div class=\"person-card-image-wrapper d-flex align-items-end\">\n        <img decoding=\"async\" width=\"570\" height=\"760\" src=\"https:\/\/tahto.com\/wp-content\/uploads\/2024\/05\/Andreas_001_nettikoko-570x760.jpg\" class=\"attachment-person-card size-person-card wp-post-image\" alt=\"\" \/>    <\/div>\n        <div class=\"person-card-text-content d-flex flex-column\">\n        <h3 class=\"ingress font-weight-bold\">Andreas Johanson<\/h3>\n        <p class=\"text-uppercase\">Grafisk formgivare<\/p>\n        <p>Grafisk design f\u00f6r marknadsf\u00f6ring och utst\u00e4llningar<\/p>\n        <a class=\"person-card-phone\" href=\"tel:+ 358 44 533 2415\">Tel. + 358 44 533 2415<\/a>\n    <\/div>\n<\/div>                            <\/li>\n                                                        <li class=\"col-12 col-lg-6 col-xl-4\">\n                                <div class=\"person-card d-flex flex-column h-100 justify-content-start\">\n        <div class=\"person-card-image-wrapper d-flex align-items-end\">\n        <img decoding=\"async\" width=\"570\" height=\"760\" src=\"https:\/\/tahto.com\/wp-content\/uploads\/2025\/12\/Tahto2025-KalleHeinonen-photo-KekeLeppala-1-570x760.jpg\" class=\"attachment-person-card size-person-card wp-post-image\" alt=\"\" \/>    <\/div>\n        <div class=\"person-card-text-content d-flex flex-column\">\n        <h3 class=\"ingress font-weight-bold\">Kalle Heinonen<\/h3>\n        <p class=\"text-uppercase\">Specialist<\/p>\n        <p>Kundservice, utst\u00e4llningsplanering och arkivarbete<\/p>\n        <a class=\"person-card-phone\" href=\"tel:+ 358 44 491 3253\">Tel. + 358 44 491 3253<\/a>\n    <\/div>\n<\/div>                            <\/li>\n                                                    <\/ul>\n                    <\/div>\n                <\/div>\n            <\/div>\n        <\/div>\n    <\/div>\n<\/section>\n\n\n\n<section class=\"block block-content-wrapper container-fluid theme-white\">\n    <div class=\"container\">\n        <div class=\"row\">\n            <div class=\"col-12 col-lg-8 offset-lg-2 col-hd-6 offset-hd-3\">\n                <main class=\"entry-content\">\n                    \n\n<h5 class=\"wp-block-heading\"><strong>Finlands Idrottsmuseumsstiftelses styrelse<\/strong>&nbsp; 2025\u20132027<\/h5>\n\n\n\n<p><strong>Vesa Vares, ordf\u00f6rande<br>Riia Martinoja<br>Tuuli Merikoski<br>Pekka Saarela<br>Juha Viertola<\/strong><\/p>\n\n\n                <\/main>\n            <\/div>\n        <\/div>\n    <\/div>\n<\/section>","protected":false},"excerpt":{"rendered":"","protected":false},"author":14,"featured_media":0,"parent":0,"menu_order":0,"comment_status":"closed","ping_status":"closed","template":"","meta":{"_acf_changed":false,"_relevanssi_hide_post":"","_relevanssi_hide_content":"","_relevanssi_pin_for_all":"","_relevanssi_pin_keywords":"","_relevanssi_unpin_keywords":"","_relevanssi_related_keywords":"","_relevanssi_related_include_ids":"","_relevanssi_related_exclude_ids":"","_relevanssi_related_no_append":"","_relevanssi_related_not_related":"","_relevanssi_related_posts":"12865","_relevanssi_noindex_reason":"","_improvement_type_select":"improve_an_existing","_thumb_yes_seoaic":false,"_frame_yes_seoaic":false,"seoaic_generate_description":"","seoaic_improve_instructions_prompt":"","seoaic_rollback_content_improvement":"","seoaic_idea_thumbnail_generator":"","thumbnail_generated":false,"thumbnail_generate_prompt":"","seoaic_article_description":"","footnotes":""},"class_list":["post-4224","page","type-page","status-publish","hentry"],"acf":[],"yoast_head":"<!-- This site is optimized with the Yoast SEO plugin v27.4 - https:\/\/yoast.com\/product\/yoast-seo-wordpress\/ -->\n<title>Kontaktuppgifter - Tahto<\/title>\n<meta name=\"description\" content=\"Kontaktuppgifter\" \/>\n<meta name=\"robots\" content=\"index, follow, max-snippet:-1, max-image-preview:large, max-video-preview:-1\" \/>\n<link rel=\"canonical\" href=\"https:\/\/tahto.com\/sv\/yhteystiedot\/\" \/>\n<meta property=\"og:locale\" content=\"sv_SE\" \/>\n<meta property=\"og:type\" content=\"article\" \/>\n<meta property=\"og:title\" content=\"Kontaktuppgifter - Tahto\" \/>\n<meta property=\"og:description\" content=\"Kontaktuppgifter\" \/>\n<meta property=\"og:url\" content=\"https:\/\/tahto.com\/sv\/yhteystiedot\/\" \/>\n<meta property=\"og:site_name\" content=\"Tahto\" \/>\n<meta property=\"article:modified_time\" content=\"2026-03-23T08:29:18+00:00\" \/>\n<meta name=\"twitter:card\" content=\"summary_large_image\" \/>\n<meta name=\"twitter:label1\" content=\"Ber\u00e4knad l\u00e4stid\" \/>\n\t<meta name=\"twitter:data1\" content=\"4 minuter\" \/>\n<script type=\"application\/ld+json\" class=\"yoast-schema-graph\">{\"@context\":\"https:\\\/\\\/schema.org\",\"@graph\":[{\"@type\":\"WebPage\",\"@id\":\"https:\\\/\\\/tahto.com\\\/sv\\\/yhteystiedot\\\/\",\"url\":\"https:\\\/\\\/tahto.com\\\/sv\\\/yhteystiedot\\\/\",\"name\":\"Kontaktuppgifter - Tahto\",\"isPartOf\":{\"@id\":\"https:\\\/\\\/tahto.com\\\/#website\"},\"datePublished\":\"2022-05-24T07:26:55+00:00\",\"dateModified\":\"2026-03-23T08:29:18+00:00\",\"description\":\"Kontaktuppgifter\",\"inLanguage\":\"sv-SE\",\"potentialAction\":[{\"@type\":\"ReadAction\",\"target\":[\"https:\\\/\\\/tahto.com\\\/sv\\\/yhteystiedot\\\/\"]}]},{\"@type\":\"WebSite\",\"@id\":\"https:\\\/\\\/tahto.com\\\/#website\",\"url\":\"https:\\\/\\\/tahto.com\\\/\",\"name\":\"Tahto\",\"description\":\"Uusi urheilumuseo\",\"publisher\":{\"@id\":\"https:\\\/\\\/tahto.com\\\/#organization\"},\"potentialAction\":[{\"@type\":\"SearchAction\",\"target\":{\"@type\":\"EntryPoint\",\"urlTemplate\":\"https:\\\/\\\/tahto.com\\\/?s={search_term_string}\"},\"query-input\":{\"@type\":\"PropertyValueSpecification\",\"valueRequired\":true,\"valueName\":\"search_term_string\"}}],\"inLanguage\":\"sv-SE\"},{\"@type\":\"Organization\",\"@id\":\"https:\\\/\\\/tahto.com\\\/#organization\",\"name\":\"Tahto\",\"url\":\"https:\\\/\\\/tahto.com\\\/\",\"logo\":{\"@type\":\"ImageObject\",\"inLanguage\":\"sv-SE\",\"@id\":\"https:\\\/\\\/tahto.com\\\/#\\\/schema\\\/logo\\\/image\\\/\",\"url\":\"https:\\\/\\\/tahto.com\\\/wp-content\\\/uploads\\\/2022\\\/05\\\/cropped-Favicon-Tahto-1.png\",\"contentUrl\":\"https:\\\/\\\/tahto.com\\\/wp-content\\\/uploads\\\/2022\\\/05\\\/cropped-Favicon-Tahto-1.png\",\"width\":240,\"height\":240,\"caption\":\"Tahto\"},\"image\":{\"@id\":\"https:\\\/\\\/tahto.com\\\/#\\\/schema\\\/logo\\\/image\\\/\"}}]}<\/script>\n<!-- \/ Yoast SEO plugin. -->","yoast_head_json":{"title":"Kontaktuppgifter - Tahto","description":"Kontaktuppgifter","robots":{"index":"index","follow":"follow","max-snippet":"max-snippet:-1","max-image-preview":"max-image-preview:large","max-video-preview":"max-video-preview:-1"},"canonical":"https:\/\/tahto.com\/sv\/yhteystiedot\/","og_locale":"sv_SE","og_type":"article","og_title":"Kontaktuppgifter - Tahto","og_description":"Kontaktuppgifter","og_url":"https:\/\/tahto.com\/sv\/yhteystiedot\/","og_site_name":"Tahto","article_modified_time":"2026-03-23T08:29:18+00:00","twitter_card":"summary_large_image","twitter_misc":{"Ber\u00e4knad l\u00e4stid":"4 minuter"},"schema":{"@context":"https:\/\/schema.org","@graph":[{"@type":"WebPage","@id":"https:\/\/tahto.com\/sv\/yhteystiedot\/","url":"https:\/\/tahto.com\/sv\/yhteystiedot\/","name":"Kontaktuppgifter - Tahto","isPartOf":{"@id":"https:\/\/tahto.com\/#website"},"datePublished":"2022-05-24T07:26:55+00:00","dateModified":"2026-03-23T08:29:18+00:00","description":"Kontaktuppgifter","inLanguage":"sv-SE","potentialAction":[{"@type":"ReadAction","target":["https:\/\/tahto.com\/sv\/yhteystiedot\/"]}]},{"@type":"WebSite","@id":"https:\/\/tahto.com\/#website","url":"https:\/\/tahto.com\/","name":"Tahto","description":"Uusi urheilumuseo","publisher":{"@id":"https:\/\/tahto.com\/#organization"},"potentialAction":[{"@type":"SearchAction","target":{"@type":"EntryPoint","urlTemplate":"https:\/\/tahto.com\/?s={search_term_string}"},"query-input":{"@type":"PropertyValueSpecification","valueRequired":true,"valueName":"search_term_string"}}],"inLanguage":"sv-SE"},{"@type":"Organization","@id":"https:\/\/tahto.com\/#organization","name":"Tahto","url":"https:\/\/tahto.com\/","logo":{"@type":"ImageObject","inLanguage":"sv-SE","@id":"https:\/\/tahto.com\/#\/schema\/logo\/image\/","url":"https:\/\/tahto.com\/wp-content\/uploads\/2022\/05\/cropped-Favicon-Tahto-1.png","contentUrl":"https:\/\/tahto.com\/wp-content\/uploads\/2022\/05\/cropped-Favicon-Tahto-1.png","width":240,"height":240,"caption":"Tahto"},"image":{"@id":"https:\/\/tahto.com\/#\/schema\/logo\/image\/"}}]}},"_links":{"self":[{"href":"https:\/\/tahto.com\/sv\/wp-json\/wp\/v2\/pages\/4224","targetHints":{"allow":["GET"]}}],"collection":[{"href":"https:\/\/tahto.com\/sv\/wp-json\/wp\/v2\/pages"}],"about":[{"href":"https:\/\/tahto.com\/sv\/wp-json\/wp\/v2\/types\/page"}],"author":[{"embeddable":true,"href":"https:\/\/tahto.com\/sv\/wp-json\/wp\/v2\/users\/14"}],"replies":[{"embeddable":true,"href":"https:\/\/tahto.com\/sv\/wp-json\/wp\/v2\/comments?post=4224"}],"version-history":[{"count":15,"href":"https:\/\/tahto.com\/sv\/wp-json\/wp\/v2\/pages\/4224\/revisions"}],"predecessor-version":[{"id":18564,"href":"https:\/\/tahto.com\/sv\/wp-json\/wp\/v2\/pages\/4224\/revisions\/18564"}],"wp:attachment":[{"href":"https:\/\/tahto.com\/sv\/wp-json\/wp\/v2\/media?parent=4224"}],"curies":[{"name":"wp","href":"https:\/\/api.w.org\/{rel}","templated":true}]}}