{"id":18234,"date":"2026-02-04T15:31:47","date_gmt":"2026-02-04T13:31:47","guid":{"rendered":"https:\/\/tahto.com\/?page_id=18234"},"modified":"2026-02-06T14:00:00","modified_gmt":"2026-02-06T12:00:00","slug":"tahto-motionsaventyr-laromaterial-5-arskurs","status":"publish","type":"page","link":"https:\/\/tahto.com\/sv\/tahto-motionsaventyr-laromaterial-5-arskurs\/","title":{"rendered":"TAHTO Motions\u00e4ventyr &#8211; l\u00e4romaterial &#8211; \u00e5rskurs 5"},"content":{"rendered":"\n<section class=\"block block-content-wrapper container-fluid theme-gray\">\n    <div class=\"container\">\n        <div class=\"row\">\n            <div class=\"col-12 col-lg-8 offset-lg-2 col-hd-6 offset-hd-3\">\n                <main class=\"entry-content\">\n                    \n\n<h6 class=\"wp-block-heading\">Bekanta er med l\u00e4romaterialet och anvisningarna innan ni anl\u00e4nder till TAHTO Motions\u00e4ventyr p\u00e5 Olympiastadion!<\/h6>\n\n\n\n<p>TAHTO Motions\u00e4ventyr st\u00f6der p\u00e5 ett m\u00e5ngsidigt s\u00e4tt l\u00e4roplanens m\u00e5l, m\u00e5ngsidig l\u00e4rande samt \u00e4mnes\u00f6vergripande teman.<\/p>\n\n\n\n<p>Vi har sammanst\u00e4llt uppgifter som f\u00f6renar undervisningen i olika l\u00e4ro\u00e4mnen och f\u00f6rbereder deltagarna inf\u00f6r Motions\u00e4ventyret. Uppgifterna \u00e4r avsedda som inledning till diskussion och att avl\u00e4ggs innan bes\u00f6ket. Uppgifterna hj\u00e4lper deltagarna att reflektera \u00f6ver idrottskultur och motion p\u00e5 m\u00e5nga olika s\u00e4tt.<\/p>\n\n\n\n<p><strong>Om du har gjort en bokning till Motions\u00e4ventyret kan du ladda ner l\u00e4romaterialet fr\u00e5n den h\u00e4r sidan.<\/strong><\/p>\n\n\n\n<div class=\"wp-block-button\"><a class=\"wp-block-button__link has-white-color has-orange-background-color has-text-color has-background has-link-color wp-element-button\" href=\"https:\/\/tahto.com\/wp-content\/uploads\/2026\/02\/Instruktioner-for-lararen-kl.-5.pdf\" target=\"_blank\" rel=\"noreferrer noopener\">INSTRUKTIONER F\u00d6R L\u00c4RAREN<\/a><\/div>\n\n\n\n<p><\/p>\n\n\n\n<div class=\"wp-block-button is-style-fill\"><a class=\"wp-block-button__link has-white-color has-orange-background-color has-text-color has-background has-link-color wp-element-button\" href=\"https:\/\/tahto.com\/wp-content\/uploads\/2026\/02\/BILDKONST-KL.-5.pdf\" target=\"_blank\" rel=\"noreferrer noopener\">L\u00c4ROMATERIAL: BILDKONST \u00c5RSKURS 5<\/a><\/div>\n\n\n\n<p><\/p>\n\n\n\n<div class=\"wp-block-buttons is-layout-flex wp-block-buttons-is-layout-flex\">\n<div class=\"wp-block-button is-style-fill\"><a class=\"wp-block-button__link has-white-color has-orange-background-color has-text-color has-background has-link-color wp-element-button\" href=\"https:\/\/tahto.com\/wp-content\/uploads\/2026\/02\/HISTORIA-KL.-5.pdf\" target=\"_blank\" rel=\"noreferrer noopener\">L\u00c4ROMATERIAL: HISTORIA \u00c5RSKURS 5<\/a><\/div>\n<\/div>\n\n\n\n<p><\/p>\n\n\n\n<div class=\"wp-block-buttons is-layout-flex wp-block-buttons-is-layout-flex\">\n<div class=\"wp-block-button is-style-fill\"><a class=\"wp-block-button__link has-white-color has-orange-background-color has-text-color has-background has-link-color wp-element-button\" href=\"https:\/\/tahto.com\/wp-content\/uploads\/2026\/02\/MODERSMAL-KL.-5.pdf\" target=\"_blank\" rel=\"noreferrer noopener\">L\u00c4ROMATERIAL: MODERSM\u00c5L \u00c5RSKURS 5<\/a><\/div>\n<\/div>\n\n\n\n<p><\/p>\n\n\n\n<div class=\"wp-block-buttons is-layout-flex wp-block-buttons-is-layout-flex\">\n<div class=\"wp-block-button is-style-fill\"><a class=\"wp-block-button__link has-white-color has-orange-background-color has-text-color has-background has-link-color wp-element-button\" href=\"https:\/\/tahto.com\/wp-content\/uploads\/2026\/02\/OMGIVNINGSLARA-KL.-5.pdf\" target=\"_blank\" rel=\"noreferrer noopener\">L\u00c4ROMATERIAL: OMGIVNINGSL\u00c4RA \u00c5RSKURS 5<\/a><\/div>\n<\/div>\n\n\n\n<h6 class=\"wp-block-heading\"><strong>Titta g\u00e4rna p\u00e5 instruktionsvideon nedan (tyv\u00e4rr bara p\u00e5 finska) tillsammans med klassen innan ni bes\u00f6ker Motions\u00e4ventyret.<\/strong><\/h6>\n\n\n\n<figure class=\"wp-block-embed is-type-video is-provider-youtube wp-block-embed-youtube wp-embed-aspect-16-9 wp-has-aspect-ratio\"><div class=\"wp-block-embed__wrapper\">\n<div class=\"oembed oembed-youtube\">  <div class='consent-placeholder'    data-category='cookie_cat_marketing'    onClick='CookieConsent.renew()'>   <img src='https:\/\/i.ytimg.com\/vi\/eoQmeL8QDPw\/hqdefault.jpg'>  <div class='text-and-button'>  <p class='consent-text'>Accept marketing-cookies to watch the video<\/p>  <button class='wp-block-button__link has-black-color has-orange-background-color has-text-color has-background wp-element-button'>Cookie Settings<\/button>  <\/div>  <\/div><iframe title=\"Liikuntaseikkailun ohjevideo katsottavaksi luokille ennen saapumista TAHTOON\" width=\"840\" height=\"473\" src=\"\" data-consent-src=\"https:\/\/www.youtube.com\/embed\/eoQmeL8QDPw?feature=oembed\" data-category-consent=\"cookie_cat_marketing\" frameborder=\"0\" allow=\"accelerometer; autoplay; clipboard-write; encrypted-media; gyroscope; picture-in-picture; web-share\" referrerpolicy=\"strict-origin-when-cross-origin\" allowfullscreen><\/iframe><\/div>\n<\/div><\/figure>\n\n\n\n<h6 class=\"wp-block-heading\">Ha trevliga och inspirerande stunder med idrottskulturen!<\/h6>\n\n\n\n<p>Om du har fr\u00e5gor, kontakta g\u00e4rna v\u00e5r kundtj\u00e4nst p\u00e5 <a href=\"mailto:tahto@tahto.com\">tahto@tahto.com<\/a> eller <strong>tfn. (09) 434 2250<\/strong><\/p>\n\n\n\n<figure class=\"wp-block-image size-large\"><img decoding=\"async\" width=\"595\" height=\"841\" src=\"https:\/\/tahto.com\/wp-content\/uploads\/2024\/11\/Hiki1-01.svg\" alt=\"\" class=\"wp-image-13086\"\/><\/figure>\n\n\n                <\/main>\n            <\/div>\n        <\/div>\n    <\/div>\n<\/section>","protected":false},"excerpt":{"rendered":"","protected":false},"author":31,"featured_media":0,"parent":0,"menu_order":0,"comment_status":"closed","ping_status":"closed","template":"","meta":{"_acf_changed":false,"_relevanssi_hide_post":"","_relevanssi_hide_content":"","_relevanssi_pin_for_all":"","_relevanssi_pin_keywords":"","_relevanssi_unpin_keywords":"","_relevanssi_related_keywords":"","_relevanssi_related_include_ids":"","_relevanssi_related_exclude_ids":"","_relevanssi_related_no_append":"","_relevanssi_related_not_related":"","_relevanssi_related_posts":"12865","_relevanssi_noindex_reason":"","_improvement_type_select":"improve_an_existing","_thumb_yes_seoaic":false,"_frame_yes_seoaic":false,"seoaic_generate_description":"","seoaic_improve_instructions_prompt":"","seoaic_rollback_content_improvement":"","seoaic_idea_thumbnail_generator":"","thumbnail_generated":false,"thumbnail_generate_prompt":"","seoaic_article_description":"","footnotes":""},"class_list":["post-18234","page","type-page","status-publish","hentry"],"acf":[],"yoast_head":"<!-- This site is optimized with the Yoast SEO plugin v27.1.1 - https:\/\/yoast.com\/product\/yoast-seo-wordpress\/ -->\n<title>TAHTO Motions\u00e4ventyr - l\u00e4romaterial - \u00e5rskurs 5 - Tahto<\/title>\n<meta name=\"robots\" content=\"index, follow, max-snippet:-1, max-image-preview:large, max-video-preview:-1\" \/>\n<link rel=\"canonical\" href=\"https:\/\/tahto.com\/sv\/tahto-motionsaventyr-laromaterial-5-arskurs\/\" \/>\n<meta property=\"og:locale\" content=\"sv_SE\" \/>\n<meta property=\"og:type\" content=\"article\" \/>\n<meta property=\"og:title\" content=\"TAHTO Motions\u00e4ventyr - l\u00e4romaterial - \u00e5rskurs 5 - Tahto\" \/>\n<meta property=\"og:url\" content=\"https:\/\/tahto.com\/sv\/tahto-motionsaventyr-laromaterial-5-arskurs\/\" \/>\n<meta property=\"og:site_name\" content=\"Tahto\" \/>\n<meta property=\"article:modified_time\" content=\"2026-02-06T12:00:00+00:00\" \/>\n<meta property=\"og:image\" content=\"https:\/\/tahto.com\/wp-content\/uploads\/2024\/11\/Hiki1-01.svg\" \/>\n<meta name=\"twitter:card\" content=\"summary_large_image\" \/>\n<meta name=\"twitter:label1\" content=\"Ber\u00e4knad l\u00e4stid\" \/>\n\t<meta name=\"twitter:data1\" content=\"3 minuter\" \/>\n<script type=\"application\/ld+json\" class=\"yoast-schema-graph\">{\"@context\":\"https:\/\/schema.org\",\"@graph\":[{\"@type\":\"WebPage\",\"@id\":\"https:\/\/tahto.com\/sv\/tahto-motionsaventyr-laromaterial-5-arskurs\/\",\"url\":\"https:\/\/tahto.com\/sv\/tahto-motionsaventyr-laromaterial-5-arskurs\/\",\"name\":\"TAHTO Motions\u00e4ventyr - l\u00e4romaterial - \u00e5rskurs 5 - Tahto\",\"isPartOf\":{\"@id\":\"https:\/\/tahto.com\/#website\"},\"primaryImageOfPage\":{\"@id\":\"https:\/\/tahto.com\/sv\/tahto-motionsaventyr-laromaterial-5-arskurs\/#primaryimage\"},\"image\":{\"@id\":\"https:\/\/tahto.com\/sv\/tahto-motionsaventyr-laromaterial-5-arskurs\/#primaryimage\"},\"thumbnailUrl\":\"https:\/\/tahto.com\/wp-content\/uploads\/2024\/11\/Hiki1-01.svg\",\"datePublished\":\"2026-02-04T13:31:47+00:00\",\"dateModified\":\"2026-02-06T12:00:00+00:00\",\"inLanguage\":\"sv-SE\",\"potentialAction\":[{\"@type\":\"ReadAction\",\"target\":[\"https:\/\/tahto.com\/sv\/tahto-motionsaventyr-laromaterial-5-arskurs\/\"]}]},{\"@type\":\"ImageObject\",\"inLanguage\":\"sv-SE\",\"@id\":\"https:\/\/tahto.com\/sv\/tahto-motionsaventyr-laromaterial-5-arskurs\/#primaryimage\",\"url\":\"https:\/\/tahto.com\/wp-content\/uploads\/2024\/11\/Hiki1-01.svg\",\"contentUrl\":\"https:\/\/tahto.com\/wp-content\/uploads\/2024\/11\/Hiki1-01.svg\"},{\"@type\":\"WebSite\",\"@id\":\"https:\/\/tahto.com\/#website\",\"url\":\"https:\/\/tahto.com\/\",\"name\":\"Tahto\",\"description\":\"Uusi urheilumuseo\",\"publisher\":{\"@id\":\"https:\/\/tahto.com\/#organization\"},\"potentialAction\":[{\"@type\":\"SearchAction\",\"target\":{\"@type\":\"EntryPoint\",\"urlTemplate\":\"https:\/\/tahto.com\/?s={search_term_string}\"},\"query-input\":{\"@type\":\"PropertyValueSpecification\",\"valueRequired\":true,\"valueName\":\"search_term_string\"}}],\"inLanguage\":\"sv-SE\"},{\"@type\":\"Organization\",\"@id\":\"https:\/\/tahto.com\/#organization\",\"name\":\"Tahto\",\"url\":\"https:\/\/tahto.com\/\",\"logo\":{\"@type\":\"ImageObject\",\"inLanguage\":\"sv-SE\",\"@id\":\"https:\/\/tahto.com\/#\/schema\/logo\/image\/\",\"url\":\"https:\/\/tahto.com\/wp-content\/uploads\/2022\/05\/cropped-Favicon-Tahto-1.png\",\"contentUrl\":\"https:\/\/tahto.com\/wp-content\/uploads\/2022\/05\/cropped-Favicon-Tahto-1.png\",\"width\":240,\"height\":240,\"caption\":\"Tahto\"},\"image\":{\"@id\":\"https:\/\/tahto.com\/#\/schema\/logo\/image\/\"}}]}<\/script>\n<!-- \/ Yoast SEO plugin. -->","yoast_head_json":{"title":"TAHTO Motions\u00e4ventyr - l\u00e4romaterial - \u00e5rskurs 5 - Tahto","robots":{"index":"index","follow":"follow","max-snippet":"max-snippet:-1","max-image-preview":"max-image-preview:large","max-video-preview":"max-video-preview:-1"},"canonical":"https:\/\/tahto.com\/sv\/tahto-motionsaventyr-laromaterial-5-arskurs\/","og_locale":"sv_SE","og_type":"article","og_title":"TAHTO Motions\u00e4ventyr - l\u00e4romaterial - \u00e5rskurs 5 - Tahto","og_url":"https:\/\/tahto.com\/sv\/tahto-motionsaventyr-laromaterial-5-arskurs\/","og_site_name":"Tahto","article_modified_time":"2026-02-06T12:00:00+00:00","og_image":[{"url":"https:\/\/tahto.com\/wp-content\/uploads\/2024\/11\/Hiki1-01.svg","type":"","width":"","height":""}],"twitter_card":"summary_large_image","twitter_misc":{"Ber\u00e4knad l\u00e4stid":"3 minuter"},"schema":{"@context":"https:\/\/schema.org","@graph":[{"@type":"WebPage","@id":"https:\/\/tahto.com\/sv\/tahto-motionsaventyr-laromaterial-5-arskurs\/","url":"https:\/\/tahto.com\/sv\/tahto-motionsaventyr-laromaterial-5-arskurs\/","name":"TAHTO Motions\u00e4ventyr - l\u00e4romaterial - \u00e5rskurs 5 - Tahto","isPartOf":{"@id":"https:\/\/tahto.com\/#website"},"primaryImageOfPage":{"@id":"https:\/\/tahto.com\/sv\/tahto-motionsaventyr-laromaterial-5-arskurs\/#primaryimage"},"image":{"@id":"https:\/\/tahto.com\/sv\/tahto-motionsaventyr-laromaterial-5-arskurs\/#primaryimage"},"thumbnailUrl":"https:\/\/tahto.com\/wp-content\/uploads\/2024\/11\/Hiki1-01.svg","datePublished":"2026-02-04T13:31:47+00:00","dateModified":"2026-02-06T12:00:00+00:00","inLanguage":"sv-SE","potentialAction":[{"@type":"ReadAction","target":["https:\/\/tahto.com\/sv\/tahto-motionsaventyr-laromaterial-5-arskurs\/"]}]},{"@type":"ImageObject","inLanguage":"sv-SE","@id":"https:\/\/tahto.com\/sv\/tahto-motionsaventyr-laromaterial-5-arskurs\/#primaryimage","url":"https:\/\/tahto.com\/wp-content\/uploads\/2024\/11\/Hiki1-01.svg","contentUrl":"https:\/\/tahto.com\/wp-content\/uploads\/2024\/11\/Hiki1-01.svg"},{"@type":"WebSite","@id":"https:\/\/tahto.com\/#website","url":"https:\/\/tahto.com\/","name":"Tahto","description":"Uusi urheilumuseo","publisher":{"@id":"https:\/\/tahto.com\/#organization"},"potentialAction":[{"@type":"SearchAction","target":{"@type":"EntryPoint","urlTemplate":"https:\/\/tahto.com\/?s={search_term_string}"},"query-input":{"@type":"PropertyValueSpecification","valueRequired":true,"valueName":"search_term_string"}}],"inLanguage":"sv-SE"},{"@type":"Organization","@id":"https:\/\/tahto.com\/#organization","name":"Tahto","url":"https:\/\/tahto.com\/","logo":{"@type":"ImageObject","inLanguage":"sv-SE","@id":"https:\/\/tahto.com\/#\/schema\/logo\/image\/","url":"https:\/\/tahto.com\/wp-content\/uploads\/2022\/05\/cropped-Favicon-Tahto-1.png","contentUrl":"https:\/\/tahto.com\/wp-content\/uploads\/2022\/05\/cropped-Favicon-Tahto-1.png","width":240,"height":240,"caption":"Tahto"},"image":{"@id":"https:\/\/tahto.com\/#\/schema\/logo\/image\/"}}]}},"_links":{"self":[{"href":"https:\/\/tahto.com\/sv\/wp-json\/wp\/v2\/pages\/18234","targetHints":{"allow":["GET"]}}],"collection":[{"href":"https:\/\/tahto.com\/sv\/wp-json\/wp\/v2\/pages"}],"about":[{"href":"https:\/\/tahto.com\/sv\/wp-json\/wp\/v2\/types\/page"}],"author":[{"embeddable":true,"href":"https:\/\/tahto.com\/sv\/wp-json\/wp\/v2\/users\/31"}],"replies":[{"embeddable":true,"href":"https:\/\/tahto.com\/sv\/wp-json\/wp\/v2\/comments?post=18234"}],"version-history":[{"count":4,"href":"https:\/\/tahto.com\/sv\/wp-json\/wp\/v2\/pages\/18234\/revisions"}],"predecessor-version":[{"id":18288,"href":"https:\/\/tahto.com\/sv\/wp-json\/wp\/v2\/pages\/18234\/revisions\/18288"}],"wp:attachment":[{"href":"https:\/\/tahto.com\/sv\/wp-json\/wp\/v2\/media?parent=18234"}],"curies":[{"name":"wp","href":"https:\/\/api.w.org\/{rel}","templated":true}]}}