{"id":169,"date":"2023-02-27T15:04:25","date_gmt":"2023-02-27T13:04:25","guid":{"rendered":"https:\/\/tahto.com\/esimerkkisivu\/"},"modified":"2026-04-20T09:50:30","modified_gmt":"2026-04-20T06:50:30","slug":"framsida","status":"publish","type":"page","link":"https:\/\/tahto.com\/sv\/","title":{"rendered":"Framsida"},"content":{"rendered":"\n<section class=\"block block-frontpage-hero container-fluid theme-white\">\n    <div class=\"container\">\n        <div class=\"row\">\n            <div class=\"col-12 col-hd-5 order-2 order-hd-1\">\n                <div class=\"text-content h-100\">\n                    <h1 class=\"uppercase\">Motion b\u00f6rjar med vilja<\/h1>\n                    <p>Idrotts- och motionskulturcentret TAHTO erbjuder unika upplevelser och nya synvinklar p\u00e5 idrott. Se, bes\u00f6k och uppleva TAHTO! <\/p>\n                <\/div>\n            <\/div>\n            <div class=\"col-12 col-hd-7 order-1 order-hd-2 mb-4 mb-hd-0\">\n                <img decoding=\"async\" src=\"https:\/\/tahto.com\/wp-content\/uploads\/2024\/04\/Tahto_huhtikuu2024_008-scaled.jpg\" width=\"2560\" height=\"1440\" alt=\"\" loading=\"lazy\">            <\/div>\n        <\/div>\n    <\/div>\n<\/section>\n\n\n<section class=\"block block-fifty-fifty container-fluid theme-gray\">\n    <div class=\"container\">\n        <div class=\"row flex-xl-row\">\n            <div class=\"col-12 col-xl-6 d-inline-flex flex-column left-column\">\n                \n\n<img decoding=\"async\" src=\"https:\/\/tahto.com\/wp-content\/uploads\/2024\/12\/TAHTO2024-017-photo-KekeLeppala-4000px-scaled.jpg\" width=\"2560\" height=\"1708\" class=\"fifty-fifty-media\" alt=\"\" loading=\"lazy\">\n                \n                            <\/div>\n            <div class=\"col-12 col-xl-6\">\n                <div\n                    class=\"h-100 d-flex flex-column justify-content-end desktop-indentation-left\">\n                    <div class=\"entry-content\">\n                        \n\n<h3 class=\"wp-block-heading\">V\u00e4lkommen till TAHTO<\/h3>\n\n\n\n<p class=\"is-style-default has-black-color has-text-color has-link-color wp-elements-e602848653a46ae891b8f9c920cd7891\"><strong>M\u00c5N\u2013TIS OCH FRE 10\u201318<\/strong><br><strong>ONS\u2013TORS 10\u201319<\/strong><br><strong>L\u00d6R\u2013S\u00d6N 10\u201317<\/strong><\/p>\n\n\n\n<div class=\"wp-block-buttons is-layout-flex wp-block-buttons-is-layout-flex\">\n<div class=\"wp-block-button is-style-outline is-style-outline--1\"><a class=\"wp-block-button__link has-black-color has-pink-background-color has-text-color has-background wp-element-button\" href=\"https:\/\/tahto.com\/sv\/besok-oss\/\">\u00d6ppettider och entr\u00e9avgifter<\/a><\/div>\n\n\n\n<div class=\"wp-block-button is-style-outline is-style-outline--2\"><a class=\"wp-block-button__link has-black-color has-pink-background-color has-text-color has-background has-link-color wp-element-button\" href=\"https:\/\/www.stadion.fi\/sv\/info\/kontaktuppgifter\">Tornets \u00f6ppettider<\/a><\/div>\n<\/div>\n\n\n                    <\/div>\n                <\/div>\n            <\/div>\n        <\/div>\n    <\/div>\n<\/section>\n\n\n<section class=\"block block-exhibition-highlight container-fluid theme-black\">\n    <div class=\"container\">\n        <div class=\"row\">\n            <div class=\"col-12\">\n                <div class=\"d-flex flex-column content\">\n                                        <div class=\"d-flex justify-content-between align-items-end text-content\">\n                                                <h2 class=\"h3\">UTST\u00c4LLNINGAR<\/h2>\n                                                \n                        <div class=\"arrows\">\n                            <button class=\"prev\">\n                                <img decoding=\"async\" src=\"https:\/\/tahto.com\/wp-content\/themes\/urheilumuseo\/dist\/images\/arrow-hero.svg\" \/>\n                            <\/button>\n                            <button class=\"next\">\n                                <img decoding=\"async\" src=\"https:\/\/tahto.com\/wp-content\/themes\/urheilumuseo\/dist\/images\/arrow-hero.svg\" \/>\n                            <\/button>\n                        <\/div>\n                    <\/div>\n                                        <div class=\"exhibition-list slider\">\n                                                \n<div>\n<a class=\"exhibition-card\" href=\"https:\/\/tahto.com\/sv\/utstallnigen\/huvudutstallningen\/\"  style=\"background-image: url('https:\/\/tahto.com\/wp-content\/uploads\/2022\/04\/DSC_8443.jpg');\"\n    >\n    <div class=\"overlay d-flex flex-column justify-content-end\">\n        <span class=\"timeframe\">Huvudutst\u00e4llningen<\/span>\n        <h3 class=\"title\">BER\u00c4TTELSEN OM VILJAN<\/h3>\n        <span class=\"link\">\n            <img decoding=\"async\" class=\"arrow\" src=\"https:\/\/tahto.com\/wp-content\/themes\/urheilumuseo\/dist\/images\/arrow-right-pink.svg\" role=\"presentation\" \/>\n            <span class=\"link__inner\">L\u00e4s mer<\/span>\n        <\/span>\n    <\/div>\n<\/a>\n<\/div>                                                \n<div>\n<a class=\"exhibition-card\" href=\"https:\/\/tahto.com\/sv\/utstallnigen\/jumppatytot-ett-karleksbrev-till-estetisk-gruppgymnastik\/\"  style=\"background-image: url('https:\/\/tahto.com\/wp-content\/uploads\/2026\/03\/jumppatytot-MUSEOT.FI_uusi.jpg');\"\n    >\n    <div class=\"overlay d-flex flex-column justify-content-end\">\n        <span class=\"timeframe\">10.4.2026 &#8211; 13.9.2026<\/span>\n        <h3 class=\"title\">Jumppatyt\u00f6t \u2013 ett k\u00e4rleksbrev till estetisk truppgymnastik<\/h3>\n        <span class=\"link\">\n            <img decoding=\"async\" class=\"arrow\" src=\"https:\/\/tahto.com\/wp-content\/themes\/urheilumuseo\/dist\/images\/arrow-right-pink.svg\" role=\"presentation\" \/>\n            <span class=\"link__inner\">L\u00e4s mer<\/span>\n        <\/span>\n    <\/div>\n<\/a>\n<\/div>                                            <\/div>\n\n                                        <div class=\"cta-container d-lg-none justify-content-end\">\n                        &nbsp;\n                    <\/div>\n                                    <\/div>\n            <\/div>\n        <\/div>\n    <\/div>\n<\/section>\n\n\n\n<section class=\"block block-fifty-fifty container-fluid theme-white\">\n    <div class=\"container\">\n        <div class=\"row flex-xl-row-reverse\">\n            <div class=\"col-12 col-xl-6 d-inline-flex flex-column left-column\">\n                \n\n<img decoding=\"async\" src=\"https:\/\/tahto.com\/wp-content\/uploads\/2025\/01\/image2009-scaled.jpg\" width=\"2560\" height=\"1708\" class=\"fifty-fifty-media\" alt=\"\" loading=\"lazy\">\n                                <h2 class=\"fifty-fifty-title h3\">TAHTO Motions\u00e4ventyr<\/h2>\n                \n                            <\/div>\n            <div class=\"col-12 col-xl-6\">\n                <div\n                    class=\"h-100 d-flex flex-column justify-content-start \">\n                    <div class=\"entry-content\">\n                        \n\n<p>TAHTO Motions\u00e4ventyr \u00e4r den funktionella v\u00e4rlden som hj\u00e4lper och inspirerar alla att hitta sin egen relation till motion. <\/p>\n\n\n\n<p>Motions\u00e4ventyret \u00e4r \u00f6ppet f\u00f6r allm\u00e4nheten utanf\u00f6r de tider som \u00e4r reserverade f\u00f6r skolor. TAHTO Motions\u00e4ventyret ing\u00e5r alltid i museets intr\u00e4desavgift.<\/p>\n\n\n\n<div class=\"wp-block-button is-style-fill\"><a class=\"wp-block-button__link has-black-color has-pink-background-color has-text-color has-background has-link-color wp-element-button\" href=\"https:\/\/tahto.com\/sv\/liikuntaseikkailu\/\">TAHTO MOTIONS\u00c4VENTYR<\/a><\/div>\n\n\n                    <\/div>\n                <\/div>\n            <\/div>\n        <\/div>\n    <\/div>\n<\/section>\n\n\n<section class=\"block block-fifty-fifty container-fluid theme-blue\">\n    <div class=\"container\">\n        <div class=\"row flex-xl-row-reverse\">\n            <div class=\"col-12 col-xl-6 d-inline-flex flex-column left-column\">\n                \n\n<img decoding=\"async\" src=\"https:\/\/tahto.com\/wp-content\/uploads\/2023\/08\/DSC_6433-Enhanced-NR-scaled.jpg\" width=\"2560\" height=\"1707\" class=\"fifty-fifty-media\" alt=\"\" loading=\"lazy\">\n                \n                            <\/div>\n            <div class=\"col-12 col-xl-6\">\n                <div\n                    class=\"h-100 d-flex flex-column justify-content-start \">\n                    <div class=\"entry-content\">\n                        \n\n<h2 class=\"wp-block-heading\">Evenemang p\u00e5 TAHTO<\/h2>\n\n\n\n<p>Bekanta dig med TAHTO huvudutst\u00e4llning under ledning av en guide! P\u00e5 turen kan du \u00e5teruppleva k\u00e4nslor som har v\u00e4ckts av sport, h\u00f6ra sp\u00e4nnande historier om v\u00e5ra idrottshj\u00e4ltar och se m\u00e5nga av museums skatter, till exempel Ville Ritolas medaljer, facklan fr\u00e5n OS i Helsingfors 1952 och Matti Nyk\u00e4nens f\u00f6rsta egna hoppskidor.<\/p>\n\n\n\n<p>Turen ing\u00e5r i priset av intr\u00e4desbiljetten och varar cirka 30 minuter. F\u00f6ranm\u00e4lan \u00e4r inte n\u00f6dv\u00e4ndig.<\/p>\n\n\n\n<p><em>V\u00e4lkommen!<\/em><\/p>\n\n\n\n<div class=\"wp-block-buttons is-layout-flex wp-block-buttons-is-layout-flex\">\n<div class=\"wp-block-button is-style-fill\"><a class=\"wp-block-button__link has-white-color has-black-background-color has-text-color has-background wp-element-button\" href=\"https:\/\/tahto.com\/sv\/guidade-rundturer\/\">GUIDADE RUNDTUR<\/a><\/div>\n<\/div>\n\n\n\n<p><\/p>\n\n\n\n<div class=\"wp-block-buttons is-layout-flex wp-block-buttons-is-layout-flex\">\n<div class=\"wp-block-button\"><a class=\"wp-block-button__link has-white-color has-black-background-color has-text-color has-background has-link-color wp-element-button\" href=\"https:\/\/tahto.com\/sv\/guidningar-for-grupper\/\">BOKA GUIDNING<\/a><\/div>\n<\/div>\n\n\n                    <\/div>\n                <\/div>\n            <\/div>\n        <\/div>\n    <\/div>\n<\/section>","protected":false},"excerpt":{"rendered":"","protected":false},"author":2,"featured_media":17819,"parent":0,"menu_order":0,"comment_status":"closed","ping_status":"open","template":"","meta":{"_acf_changed":false,"_relevanssi_hide_post":"","_relevanssi_hide_content":"","_relevanssi_pin_for_all":"","_relevanssi_pin_keywords":"","_relevanssi_unpin_keywords":"","_relevanssi_related_keywords":"","_relevanssi_related_include_ids":"","_relevanssi_related_exclude_ids":"","_relevanssi_related_no_append":"","_relevanssi_related_not_related":"","_relevanssi_related_posts":"12865","_relevanssi_noindex_reason":"","_improvement_type_select":"improve_an_existing","_thumb_yes_seoaic":false,"_frame_yes_seoaic":false,"seoaic_generate_description":"","seoaic_improve_instructions_prompt":"","seoaic_rollback_content_improvement":"","seoaic_idea_thumbnail_generator":"","thumbnail_generated":false,"thumbnail_generate_prompt":"","seoaic_article_description":"","footnotes":""},"class_list":["post-169","page","type-page","status-publish","has-post-thumbnail","hentry"],"acf":[],"yoast_head":"<!-- This site is optimized with the Yoast SEO plugin v27.4 - https:\/\/yoast.com\/product\/yoast-seo-wordpress\/ -->\n<title>Framsida - Tahto<\/title>\n<meta name=\"description\" content=\"TAHTO - Idrottsmuseet i Olympiastadion erbjuder unika upplevelser och nya synvinklar p\u00e5 idrott. Se, bes\u00f6k och uppleva TAHTO!\" \/>\n<meta name=\"robots\" content=\"index, follow, max-snippet:-1, max-image-preview:large, max-video-preview:-1\" \/>\n<link rel=\"canonical\" href=\"https:\/\/tahto.com\/sv\/\" \/>\n<meta property=\"og:locale\" content=\"sv_SE\" \/>\n<meta property=\"og:type\" content=\"article\" \/>\n<meta property=\"og:title\" content=\"Framsida - Tahto\" \/>\n<meta property=\"og:description\" content=\"TAHTO - Idrottsmuseet i Olympiastadion erbjuder unika upplevelser och nya synvinklar p\u00e5 idrott. Se, bes\u00f6k och uppleva TAHTO!\" \/>\n<meta property=\"og:url\" content=\"https:\/\/tahto.com\/sv\/\" \/>\n<meta property=\"og:site_name\" content=\"Tahto\" \/>\n<meta property=\"article:modified_time\" content=\"2026-04-20T06:50:30+00:00\" \/>\n<meta property=\"og:image\" content=\"https:\/\/tahto.com\/wp-content\/uploads\/2026\/01\/TAHTO2025-exhibit-025-photo-KekeLeppala-WEB-scaled.jpg\" \/>\n\t<meta property=\"og:image:width\" content=\"2560\" \/>\n\t<meta property=\"og:image:height\" content=\"1708\" \/>\n\t<meta property=\"og:image:type\" content=\"image\/jpeg\" \/>\n<meta name=\"twitter:card\" content=\"summary_large_image\" \/>\n<meta name=\"twitter:label1\" content=\"Ber\u00e4knad l\u00e4stid\" \/>\n\t<meta name=\"twitter:data1\" content=\"4 minuter\" \/>\n<script type=\"application\/ld+json\" class=\"yoast-schema-graph\">{\"@context\":\"https:\\\/\\\/schema.org\",\"@graph\":[{\"@type\":\"WebPage\",\"@id\":\"https:\\\/\\\/tahto.com\\\/sv\\\/\",\"url\":\"https:\\\/\\\/tahto.com\\\/sv\\\/\",\"name\":\"Framsida - Tahto\",\"isPartOf\":{\"@id\":\"https:\\\/\\\/tahto.com\\\/#website\"},\"primaryImageOfPage\":{\"@id\":\"https:\\\/\\\/tahto.com\\\/sv\\\/#primaryimage\"},\"image\":{\"@id\":\"https:\\\/\\\/tahto.com\\\/sv\\\/#primaryimage\"},\"thumbnailUrl\":\"https:\\\/\\\/tahto.com\\\/wp-content\\\/uploads\\\/2026\\\/01\\\/TAHTO2025-exhibit-025-photo-KekeLeppala-WEB-scaled.jpg\",\"datePublished\":\"2023-02-27T13:04:25+00:00\",\"dateModified\":\"2026-04-20T06:50:30+00:00\",\"description\":\"TAHTO - Idrottsmuseet i Olympiastadion erbjuder unika upplevelser och nya synvinklar p\u00e5 idrott. Se, bes\u00f6k och uppleva TAHTO!\",\"inLanguage\":\"sv-SE\",\"potentialAction\":[{\"@type\":\"ReadAction\",\"target\":[\"https:\\\/\\\/tahto.com\\\/sv\\\/\"]}]},{\"@type\":\"ImageObject\",\"inLanguage\":\"sv-SE\",\"@id\":\"https:\\\/\\\/tahto.com\\\/sv\\\/#primaryimage\",\"url\":\"https:\\\/\\\/tahto.com\\\/wp-content\\\/uploads\\\/2026\\\/01\\\/TAHTO2025-exhibit-025-photo-KekeLeppala-WEB-scaled.jpg\",\"contentUrl\":\"https:\\\/\\\/tahto.com\\\/wp-content\\\/uploads\\\/2026\\\/01\\\/TAHTO2025-exhibit-025-photo-KekeLeppala-WEB-scaled.jpg\",\"width\":2560,\"height\":1708,\"caption\":\"Kuva: TAHTO \\\/ Keke Lepp\u00e4l\u00e4\"},{\"@type\":\"WebSite\",\"@id\":\"https:\\\/\\\/tahto.com\\\/#website\",\"url\":\"https:\\\/\\\/tahto.com\\\/\",\"name\":\"Tahto\",\"description\":\"Uusi urheilumuseo\",\"publisher\":{\"@id\":\"https:\\\/\\\/tahto.com\\\/#organization\"},\"potentialAction\":[{\"@type\":\"SearchAction\",\"target\":{\"@type\":\"EntryPoint\",\"urlTemplate\":\"https:\\\/\\\/tahto.com\\\/?s={search_term_string}\"},\"query-input\":{\"@type\":\"PropertyValueSpecification\",\"valueRequired\":true,\"valueName\":\"search_term_string\"}}],\"inLanguage\":\"sv-SE\"},{\"@type\":\"Organization\",\"@id\":\"https:\\\/\\\/tahto.com\\\/#organization\",\"name\":\"Tahto\",\"url\":\"https:\\\/\\\/tahto.com\\\/\",\"logo\":{\"@type\":\"ImageObject\",\"inLanguage\":\"sv-SE\",\"@id\":\"https:\\\/\\\/tahto.com\\\/#\\\/schema\\\/logo\\\/image\\\/\",\"url\":\"https:\\\/\\\/tahto.com\\\/wp-content\\\/uploads\\\/2022\\\/05\\\/cropped-Favicon-Tahto-1.png\",\"contentUrl\":\"https:\\\/\\\/tahto.com\\\/wp-content\\\/uploads\\\/2022\\\/05\\\/cropped-Favicon-Tahto-1.png\",\"width\":240,\"height\":240,\"caption\":\"Tahto\"},\"image\":{\"@id\":\"https:\\\/\\\/tahto.com\\\/#\\\/schema\\\/logo\\\/image\\\/\"}}]}<\/script>\n<!-- \/ Yoast SEO plugin. -->","yoast_head_json":{"title":"Framsida - Tahto","description":"TAHTO - Idrottsmuseet i Olympiastadion erbjuder unika upplevelser och nya synvinklar p\u00e5 idrott. Se, bes\u00f6k och uppleva TAHTO!","robots":{"index":"index","follow":"follow","max-snippet":"max-snippet:-1","max-image-preview":"max-image-preview:large","max-video-preview":"max-video-preview:-1"},"canonical":"https:\/\/tahto.com\/sv\/","og_locale":"sv_SE","og_type":"article","og_title":"Framsida - Tahto","og_description":"TAHTO - Idrottsmuseet i Olympiastadion erbjuder unika upplevelser och nya synvinklar p\u00e5 idrott. Se, bes\u00f6k och uppleva TAHTO!","og_url":"https:\/\/tahto.com\/sv\/","og_site_name":"Tahto","article_modified_time":"2026-04-20T06:50:30+00:00","og_image":[{"width":2560,"height":1708,"url":"https:\/\/tahto.com\/wp-content\/uploads\/2026\/01\/TAHTO2025-exhibit-025-photo-KekeLeppala-WEB-scaled.jpg","type":"image\/jpeg"}],"twitter_card":"summary_large_image","twitter_misc":{"Ber\u00e4knad l\u00e4stid":"4 minuter"},"schema":{"@context":"https:\/\/schema.org","@graph":[{"@type":"WebPage","@id":"https:\/\/tahto.com\/sv\/","url":"https:\/\/tahto.com\/sv\/","name":"Framsida - Tahto","isPartOf":{"@id":"https:\/\/tahto.com\/#website"},"primaryImageOfPage":{"@id":"https:\/\/tahto.com\/sv\/#primaryimage"},"image":{"@id":"https:\/\/tahto.com\/sv\/#primaryimage"},"thumbnailUrl":"https:\/\/tahto.com\/wp-content\/uploads\/2026\/01\/TAHTO2025-exhibit-025-photo-KekeLeppala-WEB-scaled.jpg","datePublished":"2023-02-27T13:04:25+00:00","dateModified":"2026-04-20T06:50:30+00:00","description":"TAHTO - Idrottsmuseet i Olympiastadion erbjuder unika upplevelser och nya synvinklar p\u00e5 idrott. Se, bes\u00f6k och uppleva TAHTO!","inLanguage":"sv-SE","potentialAction":[{"@type":"ReadAction","target":["https:\/\/tahto.com\/sv\/"]}]},{"@type":"ImageObject","inLanguage":"sv-SE","@id":"https:\/\/tahto.com\/sv\/#primaryimage","url":"https:\/\/tahto.com\/wp-content\/uploads\/2026\/01\/TAHTO2025-exhibit-025-photo-KekeLeppala-WEB-scaled.jpg","contentUrl":"https:\/\/tahto.com\/wp-content\/uploads\/2026\/01\/TAHTO2025-exhibit-025-photo-KekeLeppala-WEB-scaled.jpg","width":2560,"height":1708,"caption":"Kuva: TAHTO \/ Keke Lepp\u00e4l\u00e4"},{"@type":"WebSite","@id":"https:\/\/tahto.com\/#website","url":"https:\/\/tahto.com\/","name":"Tahto","description":"Uusi urheilumuseo","publisher":{"@id":"https:\/\/tahto.com\/#organization"},"potentialAction":[{"@type":"SearchAction","target":{"@type":"EntryPoint","urlTemplate":"https:\/\/tahto.com\/?s={search_term_string}"},"query-input":{"@type":"PropertyValueSpecification","valueRequired":true,"valueName":"search_term_string"}}],"inLanguage":"sv-SE"},{"@type":"Organization","@id":"https:\/\/tahto.com\/#organization","name":"Tahto","url":"https:\/\/tahto.com\/","logo":{"@type":"ImageObject","inLanguage":"sv-SE","@id":"https:\/\/tahto.com\/#\/schema\/logo\/image\/","url":"https:\/\/tahto.com\/wp-content\/uploads\/2022\/05\/cropped-Favicon-Tahto-1.png","contentUrl":"https:\/\/tahto.com\/wp-content\/uploads\/2022\/05\/cropped-Favicon-Tahto-1.png","width":240,"height":240,"caption":"Tahto"},"image":{"@id":"https:\/\/tahto.com\/#\/schema\/logo\/image\/"}}]}},"_links":{"self":[{"href":"https:\/\/tahto.com\/sv\/wp-json\/wp\/v2\/pages\/169","targetHints":{"allow":["GET"]}}],"collection":[{"href":"https:\/\/tahto.com\/sv\/wp-json\/wp\/v2\/pages"}],"about":[{"href":"https:\/\/tahto.com\/sv\/wp-json\/wp\/v2\/types\/page"}],"author":[{"embeddable":true,"href":"https:\/\/tahto.com\/sv\/wp-json\/wp\/v2\/users\/2"}],"replies":[{"embeddable":true,"href":"https:\/\/tahto.com\/sv\/wp-json\/wp\/v2\/comments?post=169"}],"version-history":[{"count":15,"href":"https:\/\/tahto.com\/sv\/wp-json\/wp\/v2\/pages\/169\/revisions"}],"predecessor-version":[{"id":18749,"href":"https:\/\/tahto.com\/sv\/wp-json\/wp\/v2\/pages\/169\/revisions\/18749"}],"wp:featuredmedia":[{"embeddable":true,"href":"https:\/\/tahto.com\/sv\/wp-json\/wp\/v2\/media\/17819"}],"wp:attachment":[{"href":"https:\/\/tahto.com\/sv\/wp-json\/wp\/v2\/media?parent=169"}],"curies":[{"name":"wp","href":"https:\/\/api.w.org\/{rel}","templated":true}]}}