{"id":14617,"date":"2024-11-19T12:17:31","date_gmt":"2024-11-19T10:17:31","guid":{"rendered":"https:\/\/tahto.com\/liikuntaseikkailu\/liikuntaseikkailu-mika-on-liikuntaseikkailu\/"},"modified":"2025-12-30T15:05:58","modified_gmt":"2025-12-30T13:05:58","slug":"liikuntaseikkailu-mika-on-liikuntaseikkailu","status":"publish","type":"page","link":"https:\/\/tahto.com\/sv\/liikuntaseikkailu\/liikuntaseikkailu-mika-on-liikuntaseikkailu\/","title":{"rendered":"Vad \u00e4r TAHTO Motions\u00e4ventyr?"},"content":{"rendered":"\n<section class=\"block block-content-wrapper container-fluid theme-white\">\n    <div class=\"container\">\n        <div class=\"row\">\n            <div class=\"col-12 col-lg-8 offset-lg-2 col-hd-6 offset-hd-3\">\n                <main class=\"entry-content\">\n                    \n\n<figure class=\"wp-block-image size-large\"><img decoding=\"async\" width=\"1024\" height=\"301\" src=\"https:\/\/tahto.com\/wp-content\/uploads\/2024\/11\/LK_logo-1-1024x301.jpg\" alt=\"\" class=\"wp-image-13025\" srcset=\"https:\/\/tahto.com\/wp-content\/uploads\/2024\/11\/LK_logo-1-1024x301.jpg 1024w, https:\/\/tahto.com\/wp-content\/uploads\/2024\/11\/LK_logo-1-300x88.jpg 300w, https:\/\/tahto.com\/wp-content\/uploads\/2024\/11\/LK_logo-1-768x226.jpg 768w, https:\/\/tahto.com\/wp-content\/uploads\/2024\/11\/LK_logo-1-1536x452.jpg 1536w, https:\/\/tahto.com\/wp-content\/uploads\/2024\/11\/LK_logo-1-1920x565.jpg 1920w, https:\/\/tahto.com\/wp-content\/uploads\/2024\/11\/LK_logo-1-560x165.jpg 560w, https:\/\/tahto.com\/wp-content\/uploads\/2024\/11\/LK_logo-1.jpg 2008w\" sizes=\"(max-width: 575px) 100vw, (max-width: 767px) 510px, (max-width: 991px) 290px, (max-width: 1199px) 530px, 840px\" \/><\/figure>\n\n\n\n<p><strong>IDROTT OCH KULTUR MED EN ROLIG TWIST!<\/strong><\/p>\n\n\n\n<p>TAHTO Motions\u00e4ventyr \u00e4r en helhetsupplevelse som kombinerar idrottsaktiviteter och idrottskultur. Idrotts\u00e4ventyret ber\u00e4ttar historien om finsk idrott, idrottsframg\u00e5ngar och fenomen som f\u00f6renar nationen. V\u00e4lkommen att uppleva idrottens h\u00f6jdpunkter och svettas! Motions\u00e4ventyret \u00e4r \u00f6ppet f\u00f6r allm\u00e4nheten utanf\u00f6r de tider som \u00e4r reserverade f\u00f6r skolor. Motions\u00e4ventyret ing\u00e5r alltid i museets intr\u00e4desavgift.<\/p>\n\n\n\n<p>TAHTO Motions\u00e4ventyr \u00e4r ett roligt s\u00e4tt att bekanta sig med idrott och motion p\u00e5 ett m\u00e5ngsidigt s\u00e4tt \u00e5ret runt. Aktivitetsstationerna \u00e4r byggda kring kunskap, f\u00e4rdighet, k\u00e4nsla och aktivitet. Varje r\u00f6rares olika styrkor kommer fram.<\/p>\n\n\n\n<p>Under vardagar m\u00e5\u2013ons \u00e4r Motions\u00e4ventyr ofta reserverat f\u00f6r skolgrupper, och det \u00f6ppnar f\u00f6r allm\u00e4nheten fr\u00e5n kl. 14.30. (Detta g\u00e4ller inte under skolornas lov eller p\u00e5 veckoslut).<\/p>\n\n\n\n<figure class=\"wp-block-image size-full\"><img decoding=\"async\" width=\"768\" height=\"512\" src=\"https:\/\/tahto.com\/wp-content\/uploads\/2024\/11\/TAHTO2024-KekeLeppala-verkko.jpg\" alt=\"\" class=\"wp-image-13298\" srcset=\"https:\/\/tahto.com\/wp-content\/uploads\/2024\/11\/TAHTO2024-KekeLeppala-verkko.jpg 768w, https:\/\/tahto.com\/wp-content\/uploads\/2024\/11\/TAHTO2024-KekeLeppala-verkko-300x200.jpg 300w, https:\/\/tahto.com\/wp-content\/uploads\/2024\/11\/TAHTO2024-KekeLeppala-verkko-560x373.jpg 560w\" sizes=\"(max-width: 575px) 100vw, (max-width: 767px) 510px, (max-width: 991px) 290px, (max-width: 1199px) 530px, 768px\" \/><\/figure>\n\n\n\n<p><strong>KUNSKAP<\/strong><\/p>\n\n\n\n<p>Motions\u00e4ventyret inneh\u00e5ller fakta om h\u00e4lsosam livsstil, motion, v\u00e4lbefinnande och idrottens kulturarv och historia.<\/p>\n\n\n\n<p><strong>F\u00c4RDIGHET<\/strong><\/p>\n\n\n\n<p>Aktivitetsstationerna p\u00e5 spelplanen utmanar museig\u00e4sterna \u00e4ra sig nya f\u00e4rdigheter. Att g\u00f6ra saker tillsammans och uppt\u00e4cka utvecklar gruppens samarbetsf\u00f6rm\u00e5ga.<\/p>\n\n\n\n<p><strong>K\u00c4NSLA<\/strong><\/p>\n\n\n\n<p>Uppmuntran, ber\u00f6m och h\u00f6jdpunkter. Idrotts- och motionskulturen ber\u00f6r oss finl\u00e4ndare p\u00e5 m\u00e5nga olika s\u00e4tt! I Motions\u00e4ventyret f\u00e5r alla uppleva r\u00f6relsegl\u00e4dje och k\u00e4nslan av att lyckas.<\/p>\n\n\n\n<p><strong>AKTIVITET<\/strong><\/p>\n\n\n\n<p>V\u00e4lkommen att testa dina f\u00e4rdigheter i curling, kasta bollar, prova p\u00e5 fotboll eller springa p\u00e5 l\u00f6pbandet med en v\u00e4n! I Motions\u00e4ventyret h\u00f6jer vi pulsen och l\u00e4r oss kroppskontroll, r\u00f6rlighet och teknik inom olika grenar, utan att gl\u00f6mma att ha roligt. Har du redan blivit biten av idrottsbacillen?<\/p>\n\n\n\n<p><strong>F\u00f6r vem passar Motions\u00e4ventyret?<\/strong><\/p>\n\n\n\n<p>V\u00e5rt Motions\u00e4ventyr passar alla \u00e5ldrar och konditionsniv\u00e5er. Lokalerna \u00e4r tillg\u00e4ngliga och m\u00e5nga aktivitetsstationer passar \u00e4ven f\u00f6r specialgrupper. Du f\u00e5r mer information om Motions\u00e4ventyrs aktivitetsstationer genom att kontakta v\u00e5r kundtj\u00e4nst p\u00e5 tahto@tahto.com. Skolgrupper bes\u00f6ker i TAHTO p\u00e5 vardagar och utanf\u00f6r bokade tider \u00e4r Motions\u00e4ventyret \u00f6ppet f\u00f6r alla museibes\u00f6kare.<\/p>\n\n\n\n<p>Du kan komma till Motions\u00e4ventyret med hela familjen! I Motions\u00e4ventyret r\u00f6r sig alla i sin egen takt. Vid aktivitetsstationerna \u00e4r det m\u00f6jligt att r\u00f6ra sig mycket lugnt, p\u00e5 vissa stationer \u00e4ven sittande, men \u00e4ven svettig motion och t\u00e4vlingar i grupp \u00e4r m\u00f6jliga.<\/p>\n\n\n\n<p><strong>Beh\u00f6ver jag utrustning?<\/strong><\/p>\n\n\n\n<p>Det \u00e4r bra att f\u00f6rbereda sig f\u00f6r Motions\u00e4ventyret med bekv\u00e4ma och tillr\u00e4ckligt l\u00e4tta kl\u00e4der samt skor som passar f\u00f6r motion. Vi rekommenderar inte vinterst\u00f6vlar. Packa \u00e4ven en vattenflaska i v\u00e4skan! Observera att det inte finns omkl\u00e4dningsrum eller duschm\u00f6jligheter i v\u00e5ra lokaler.<\/p>\n\n\n\n<figure class=\"wp-block-image size-large is-resized\"><img decoding=\"async\" width=\"595\" height=\"841\" src=\"https:\/\/tahto.com\/wp-content\/uploads\/2024\/11\/Puuska1-01.svg\" alt=\"\" class=\"wp-image-13083\" style=\"width:167px;height:auto\"\/><\/figure>\n\n\n                <\/main>\n            <\/div>\n        <\/div>\n    <\/div>\n<\/section>","protected":false},"excerpt":{"rendered":"","protected":false},"author":6,"featured_media":17555,"parent":14325,"menu_order":0,"comment_status":"closed","ping_status":"closed","template":"","meta":{"_acf_changed":false,"_relevanssi_hide_post":"","_relevanssi_hide_content":"","_relevanssi_pin_for_all":"","_relevanssi_pin_keywords":"","_relevanssi_unpin_keywords":"","_relevanssi_related_keywords":"","_relevanssi_related_include_ids":"","_relevanssi_related_exclude_ids":"","_relevanssi_related_no_append":"","_relevanssi_related_not_related":"","_relevanssi_related_posts":"3873,10734,2968,5937,4409,9581","_relevanssi_noindex_reason":"","_improvement_type_select":"improve_an_existing","_thumb_yes_seoaic":false,"_frame_yes_seoaic":false,"seoaic_generate_description":"","seoaic_improve_instructions_prompt":"","seoaic_rollback_content_improvement":"","seoaic_idea_thumbnail_generator":"","thumbnail_generated":false,"thumbnail_generate_prompt":"","seoaic_article_description":"","footnotes":""},"class_list":["post-14617","page","type-page","status-publish","has-post-thumbnail","hentry"],"acf":[],"yoast_head":"<!-- This site is optimized with the Yoast SEO plugin v27.1.1 - https:\/\/yoast.com\/product\/yoast-seo-wordpress\/ -->\n<title>Vad \u00e4r TAHTO Motions\u00e4ventyr? - Tahto<\/title>\n<meta name=\"description\" content=\"TAHTO Motions\u00e4ventyr \u00e4r en helhetsupplevelse som kombinerar idrottsaktiviteter och idrottskultur.\" \/>\n<meta name=\"robots\" content=\"index, follow, max-snippet:-1, max-image-preview:large, max-video-preview:-1\" \/>\n<link rel=\"canonical\" href=\"https:\/\/tahto.com\/sv\/liikuntaseikkailu\/liikuntaseikkailu-mika-on-liikuntaseikkailu\/\" \/>\n<meta property=\"og:locale\" content=\"sv_SE\" \/>\n<meta property=\"og:type\" content=\"article\" \/>\n<meta property=\"og:title\" content=\"Vad \u00e4r TAHTO Motions\u00e4ventyr? - Tahto\" \/>\n<meta property=\"og:description\" content=\"TAHTO Motions\u00e4ventyr \u00e4r en helhetsupplevelse som kombinerar idrottsaktiviteter och idrottskultur.\" \/>\n<meta property=\"og:url\" content=\"https:\/\/tahto.com\/sv\/liikuntaseikkailu\/liikuntaseikkailu-mika-on-liikuntaseikkailu\/\" \/>\n<meta property=\"og:site_name\" content=\"Tahto\" \/>\n<meta property=\"article:modified_time\" content=\"2025-12-30T13:05:58+00:00\" \/>\n<meta property=\"og:image\" content=\"https:\/\/tahto.com\/wp-content\/uploads\/2025\/12\/TAHTO2025-exhibit-088-photo-KekeLeppala-WEB-1-scaled.jpg\" \/>\n\t<meta property=\"og:image:width\" content=\"2560\" \/>\n\t<meta property=\"og:image:height\" content=\"1708\" \/>\n\t<meta property=\"og:image:type\" content=\"image\/jpeg\" \/>\n<meta name=\"twitter:card\" content=\"summary_large_image\" \/>\n<meta name=\"twitter:label1\" content=\"Ber\u00e4knad l\u00e4stid\" \/>\n\t<meta name=\"twitter:data1\" content=\"6 minuter\" \/>\n<script type=\"application\/ld+json\" class=\"yoast-schema-graph\">{\"@context\":\"https:\/\/schema.org\",\"@graph\":[{\"@type\":\"WebPage\",\"@id\":\"https:\/\/tahto.com\/sv\/liikuntaseikkailu\/liikuntaseikkailu-mika-on-liikuntaseikkailu\/\",\"url\":\"https:\/\/tahto.com\/sv\/liikuntaseikkailu\/liikuntaseikkailu-mika-on-liikuntaseikkailu\/\",\"name\":\"Vad \u00e4r TAHTO Motions\u00e4ventyr? - Tahto\",\"isPartOf\":{\"@id\":\"https:\/\/tahto.com\/#website\"},\"primaryImageOfPage\":{\"@id\":\"https:\/\/tahto.com\/sv\/liikuntaseikkailu\/liikuntaseikkailu-mika-on-liikuntaseikkailu\/#primaryimage\"},\"image\":{\"@id\":\"https:\/\/tahto.com\/sv\/liikuntaseikkailu\/liikuntaseikkailu-mika-on-liikuntaseikkailu\/#primaryimage\"},\"thumbnailUrl\":\"https:\/\/tahto.com\/wp-content\/uploads\/2025\/12\/TAHTO2025-exhibit-088-photo-KekeLeppala-WEB-1-scaled.jpg\",\"datePublished\":\"2024-11-19T10:17:31+00:00\",\"dateModified\":\"2025-12-30T13:05:58+00:00\",\"description\":\"TAHTO Motions\u00e4ventyr \u00e4r en helhetsupplevelse som kombinerar idrottsaktiviteter och idrottskultur.\",\"breadcrumb\":{\"@id\":\"https:\/\/tahto.com\/sv\/liikuntaseikkailu\/liikuntaseikkailu-mika-on-liikuntaseikkailu\/#breadcrumb\"},\"inLanguage\":\"sv-SE\",\"potentialAction\":[{\"@type\":\"ReadAction\",\"target\":[\"https:\/\/tahto.com\/sv\/liikuntaseikkailu\/liikuntaseikkailu-mika-on-liikuntaseikkailu\/\"]}]},{\"@type\":\"ImageObject\",\"inLanguage\":\"sv-SE\",\"@id\":\"https:\/\/tahto.com\/sv\/liikuntaseikkailu\/liikuntaseikkailu-mika-on-liikuntaseikkailu\/#primaryimage\",\"url\":\"https:\/\/tahto.com\/wp-content\/uploads\/2025\/12\/TAHTO2025-exhibit-088-photo-KekeLeppala-WEB-1-scaled.jpg\",\"contentUrl\":\"https:\/\/tahto.com\/wp-content\/uploads\/2025\/12\/TAHTO2025-exhibit-088-photo-KekeLeppala-WEB-1-scaled.jpg\",\"width\":2560,\"height\":1708},{\"@type\":\"BreadcrumbList\",\"@id\":\"https:\/\/tahto.com\/sv\/liikuntaseikkailu\/liikuntaseikkailu-mika-on-liikuntaseikkailu\/#breadcrumb\",\"itemListElement\":[{\"@type\":\"ListItem\",\"position\":1,\"name\":\"Motions\u00e4ventyr\",\"item\":\"https:\/\/tahto.com\/sv\/liikuntaseikkailu\/\"},{\"@type\":\"ListItem\",\"position\":2,\"name\":\"Vad \u00e4r TAHTO Motions\u00e4ventyr?\"}]},{\"@type\":\"WebSite\",\"@id\":\"https:\/\/tahto.com\/#website\",\"url\":\"https:\/\/tahto.com\/\",\"name\":\"Tahto\",\"description\":\"Uusi urheilumuseo\",\"publisher\":{\"@id\":\"https:\/\/tahto.com\/#organization\"},\"potentialAction\":[{\"@type\":\"SearchAction\",\"target\":{\"@type\":\"EntryPoint\",\"urlTemplate\":\"https:\/\/tahto.com\/?s={search_term_string}\"},\"query-input\":{\"@type\":\"PropertyValueSpecification\",\"valueRequired\":true,\"valueName\":\"search_term_string\"}}],\"inLanguage\":\"sv-SE\"},{\"@type\":\"Organization\",\"@id\":\"https:\/\/tahto.com\/#organization\",\"name\":\"Tahto\",\"url\":\"https:\/\/tahto.com\/\",\"logo\":{\"@type\":\"ImageObject\",\"inLanguage\":\"sv-SE\",\"@id\":\"https:\/\/tahto.com\/#\/schema\/logo\/image\/\",\"url\":\"https:\/\/tahto.com\/wp-content\/uploads\/2022\/05\/cropped-Favicon-Tahto-1.png\",\"contentUrl\":\"https:\/\/tahto.com\/wp-content\/uploads\/2022\/05\/cropped-Favicon-Tahto-1.png\",\"width\":240,\"height\":240,\"caption\":\"Tahto\"},\"image\":{\"@id\":\"https:\/\/tahto.com\/#\/schema\/logo\/image\/\"}}]}<\/script>\n<!-- \/ Yoast SEO plugin. -->","yoast_head_json":{"title":"Vad \u00e4r TAHTO Motions\u00e4ventyr? - Tahto","description":"TAHTO Motions\u00e4ventyr \u00e4r en helhetsupplevelse som kombinerar idrottsaktiviteter och idrottskultur.","robots":{"index":"index","follow":"follow","max-snippet":"max-snippet:-1","max-image-preview":"max-image-preview:large","max-video-preview":"max-video-preview:-1"},"canonical":"https:\/\/tahto.com\/sv\/liikuntaseikkailu\/liikuntaseikkailu-mika-on-liikuntaseikkailu\/","og_locale":"sv_SE","og_type":"article","og_title":"Vad \u00e4r TAHTO Motions\u00e4ventyr? - Tahto","og_description":"TAHTO Motions\u00e4ventyr \u00e4r en helhetsupplevelse som kombinerar idrottsaktiviteter och idrottskultur.","og_url":"https:\/\/tahto.com\/sv\/liikuntaseikkailu\/liikuntaseikkailu-mika-on-liikuntaseikkailu\/","og_site_name":"Tahto","article_modified_time":"2025-12-30T13:05:58+00:00","og_image":[{"width":2560,"height":1708,"url":"https:\/\/tahto.com\/wp-content\/uploads\/2025\/12\/TAHTO2025-exhibit-088-photo-KekeLeppala-WEB-1-scaled.jpg","type":"image\/jpeg"}],"twitter_card":"summary_large_image","twitter_misc":{"Ber\u00e4knad l\u00e4stid":"6 minuter"},"schema":{"@context":"https:\/\/schema.org","@graph":[{"@type":"WebPage","@id":"https:\/\/tahto.com\/sv\/liikuntaseikkailu\/liikuntaseikkailu-mika-on-liikuntaseikkailu\/","url":"https:\/\/tahto.com\/sv\/liikuntaseikkailu\/liikuntaseikkailu-mika-on-liikuntaseikkailu\/","name":"Vad \u00e4r TAHTO Motions\u00e4ventyr? - Tahto","isPartOf":{"@id":"https:\/\/tahto.com\/#website"},"primaryImageOfPage":{"@id":"https:\/\/tahto.com\/sv\/liikuntaseikkailu\/liikuntaseikkailu-mika-on-liikuntaseikkailu\/#primaryimage"},"image":{"@id":"https:\/\/tahto.com\/sv\/liikuntaseikkailu\/liikuntaseikkailu-mika-on-liikuntaseikkailu\/#primaryimage"},"thumbnailUrl":"https:\/\/tahto.com\/wp-content\/uploads\/2025\/12\/TAHTO2025-exhibit-088-photo-KekeLeppala-WEB-1-scaled.jpg","datePublished":"2024-11-19T10:17:31+00:00","dateModified":"2025-12-30T13:05:58+00:00","description":"TAHTO Motions\u00e4ventyr \u00e4r en helhetsupplevelse som kombinerar idrottsaktiviteter och idrottskultur.","breadcrumb":{"@id":"https:\/\/tahto.com\/sv\/liikuntaseikkailu\/liikuntaseikkailu-mika-on-liikuntaseikkailu\/#breadcrumb"},"inLanguage":"sv-SE","potentialAction":[{"@type":"ReadAction","target":["https:\/\/tahto.com\/sv\/liikuntaseikkailu\/liikuntaseikkailu-mika-on-liikuntaseikkailu\/"]}]},{"@type":"ImageObject","inLanguage":"sv-SE","@id":"https:\/\/tahto.com\/sv\/liikuntaseikkailu\/liikuntaseikkailu-mika-on-liikuntaseikkailu\/#primaryimage","url":"https:\/\/tahto.com\/wp-content\/uploads\/2025\/12\/TAHTO2025-exhibit-088-photo-KekeLeppala-WEB-1-scaled.jpg","contentUrl":"https:\/\/tahto.com\/wp-content\/uploads\/2025\/12\/TAHTO2025-exhibit-088-photo-KekeLeppala-WEB-1-scaled.jpg","width":2560,"height":1708},{"@type":"BreadcrumbList","@id":"https:\/\/tahto.com\/sv\/liikuntaseikkailu\/liikuntaseikkailu-mika-on-liikuntaseikkailu\/#breadcrumb","itemListElement":[{"@type":"ListItem","position":1,"name":"Motions\u00e4ventyr","item":"https:\/\/tahto.com\/sv\/liikuntaseikkailu\/"},{"@type":"ListItem","position":2,"name":"Vad \u00e4r TAHTO Motions\u00e4ventyr?"}]},{"@type":"WebSite","@id":"https:\/\/tahto.com\/#website","url":"https:\/\/tahto.com\/","name":"Tahto","description":"Uusi urheilumuseo","publisher":{"@id":"https:\/\/tahto.com\/#organization"},"potentialAction":[{"@type":"SearchAction","target":{"@type":"EntryPoint","urlTemplate":"https:\/\/tahto.com\/?s={search_term_string}"},"query-input":{"@type":"PropertyValueSpecification","valueRequired":true,"valueName":"search_term_string"}}],"inLanguage":"sv-SE"},{"@type":"Organization","@id":"https:\/\/tahto.com\/#organization","name":"Tahto","url":"https:\/\/tahto.com\/","logo":{"@type":"ImageObject","inLanguage":"sv-SE","@id":"https:\/\/tahto.com\/#\/schema\/logo\/image\/","url":"https:\/\/tahto.com\/wp-content\/uploads\/2022\/05\/cropped-Favicon-Tahto-1.png","contentUrl":"https:\/\/tahto.com\/wp-content\/uploads\/2022\/05\/cropped-Favicon-Tahto-1.png","width":240,"height":240,"caption":"Tahto"},"image":{"@id":"https:\/\/tahto.com\/#\/schema\/logo\/image\/"}}]}},"_links":{"self":[{"href":"https:\/\/tahto.com\/sv\/wp-json\/wp\/v2\/pages\/14617","targetHints":{"allow":["GET"]}}],"collection":[{"href":"https:\/\/tahto.com\/sv\/wp-json\/wp\/v2\/pages"}],"about":[{"href":"https:\/\/tahto.com\/sv\/wp-json\/wp\/v2\/types\/page"}],"author":[{"embeddable":true,"href":"https:\/\/tahto.com\/sv\/wp-json\/wp\/v2\/users\/6"}],"replies":[{"embeddable":true,"href":"https:\/\/tahto.com\/sv\/wp-json\/wp\/v2\/comments?post=14617"}],"version-history":[{"count":5,"href":"https:\/\/tahto.com\/sv\/wp-json\/wp\/v2\/pages\/14617\/revisions"}],"predecessor-version":[{"id":17725,"href":"https:\/\/tahto.com\/sv\/wp-json\/wp\/v2\/pages\/14617\/revisions\/17725"}],"up":[{"embeddable":true,"href":"https:\/\/tahto.com\/sv\/wp-json\/wp\/v2\/pages\/14325"}],"wp:featuredmedia":[{"embeddable":true,"href":"https:\/\/tahto.com\/sv\/wp-json\/wp\/v2\/media\/17555"}],"wp:attachment":[{"href":"https:\/\/tahto.com\/sv\/wp-json\/wp\/v2\/media?parent=14617"}],"curies":[{"name":"wp","href":"https:\/\/api.w.org\/{rel}","templated":true}]}}