{"id":14606,"date":"2024-11-19T12:22:30","date_gmt":"2024-11-19T10:22:30","guid":{"rendered":"https:\/\/tahto.com\/liikuntaseikkailu\/kumppaneille\/"},"modified":"2026-01-20T13:02:03","modified_gmt":"2026-01-20T11:02:03","slug":"bli-partner","status":"publish","type":"page","link":"https:\/\/tahto.com\/sv\/liikuntaseikkailu\/bli-partner\/","title":{"rendered":"Bli partner"},"content":{"rendered":"\n<section class=\"block block-content-wrapper container-fluid theme-blue\">\n    <div class=\"container\">\n        <div class=\"row\">\n            <div class=\"col-12 col-lg-8 offset-lg-2 col-hd-6 offset-hd-3\">\n                <main class=\"entry-content\">\n                    \n\n<h6 class=\"wp-block-heading\">Bli partner till TAHTO Motions\u00e4ventyr<\/h6>\n\n\n\n<p>TAHTO vill ta sitt samh\u00e4llsansvar f\u00f6r att f\u00e5 barn och ungdomar att r\u00f6ra p\u00e5 sig. Det finns ett starkt och motiverat samh\u00e4llsbehov f\u00f6r projektet som r\u00f6r fj\u00e4rde, femte och sj\u00e4tteklassare \u00f6ver hela Finland: kostnaderna f\u00f6r det v\u00e4lbefinnande som orsakas av brist p\u00e5 motion \u00e4r minst tre miljarder euro i v\u00e5rt samh\u00e4lle.<\/p>\n\n\n\n<p>Grundfinansieringen av projektet har f\u00e5tt st\u00f6d fr\u00e5n samh\u00e4llsakt\u00f6rer, stiftelser och f\u00f6retag.<\/p>\n\n\n\n<h6 class=\"wp-block-heading\">Pilotfasen m\u00f6jligg\u00f6rs av:<\/h6>\n\n\n\n<p><strong>Finlands undervisnings- och kulturministeriums program Finland i r\u00f6relse<br>Jane och Aatos Erkkos stiftelse<br>Luhta<br>L\u00e4hiTapiola med sin donation<\/strong><\/p>\n\n\n\n<p>V\u00e5rt m\u00e5l \u00e4r att utvidga TAHTO Motions\u00e4ventyr till en nationell verksamhet och f\u00f6r detta beh\u00f6ver vi st\u00f6d fr\u00e5n nya akt\u00f6rer. V\u00e4lkommen att vara med och skapa hela Finlands Motions\u00e4ventyr tillsammans med oss.<\/p>\n\n\n\n<p>Kontakta oss g\u00e4rna:<\/p>\n\n\n\n<p>Virpi Utriainen<br>projektchef<br>virpi.utriainen@tahto.com<br>p. 040\u00a0701 3038<\/p>\n\n\n\n<p>Matti Hintikka<br>matti.hintikka@tahto.com<br>p. 041 538 3854<\/p>\n\n\n                <\/main>\n            <\/div>\n        <\/div>\n    <\/div>\n<\/section>","protected":false},"excerpt":{"rendered":"","protected":false},"author":14,"featured_media":13300,"parent":14325,"menu_order":0,"comment_status":"closed","ping_status":"closed","template":"","meta":{"_acf_changed":false,"_relevanssi_hide_post":"","_relevanssi_hide_content":"","_relevanssi_pin_for_all":"","_relevanssi_pin_keywords":"","_relevanssi_unpin_keywords":"","_relevanssi_related_keywords":"","_relevanssi_related_include_ids":"","_relevanssi_related_exclude_ids":"","_relevanssi_related_no_append":"","_relevanssi_related_not_related":"","_relevanssi_related_posts":"8666,8201,5640,9035,7019,6152","_relevanssi_noindex_reason":"","_improvement_type_select":"improve_an_existing","_thumb_yes_seoaic":false,"_frame_yes_seoaic":false,"seoaic_generate_description":"","seoaic_improve_instructions_prompt":"","seoaic_rollback_content_improvement":"","seoaic_idea_thumbnail_generator":"","thumbnail_generated":false,"thumbnail_generate_prompt":"","seoaic_article_description":"","footnotes":""},"class_list":["post-14606","page","type-page","status-publish","has-post-thumbnail","hentry"],"acf":[],"yoast_head":"<!-- This site is optimized with the Yoast SEO plugin v27.4 - https:\/\/yoast.com\/product\/yoast-seo-wordpress\/ -->\n<title>Bli partner - Tahto<\/title>\n<meta name=\"description\" content=\"Bli partner till TAHTO Motions\u00e4ventyr.\" \/>\n<meta name=\"robots\" content=\"index, follow, max-snippet:-1, max-image-preview:large, max-video-preview:-1\" \/>\n<link rel=\"canonical\" href=\"https:\/\/tahto.com\/sv\/liikuntaseikkailu\/bli-partner\/\" \/>\n<meta property=\"og:locale\" content=\"sv_SE\" \/>\n<meta property=\"og:type\" content=\"article\" \/>\n<meta property=\"og:title\" content=\"Bli partner - Tahto\" \/>\n<meta property=\"og:description\" content=\"Bli partner till TAHTO Motions\u00e4ventyr.\" \/>\n<meta property=\"og:url\" content=\"https:\/\/tahto.com\/sv\/liikuntaseikkailu\/bli-partner\/\" \/>\n<meta property=\"og:site_name\" content=\"Tahto\" \/>\n<meta property=\"article:modified_time\" content=\"2026-01-20T11:02:03+00:00\" \/>\n<meta property=\"og:image\" content=\"https:\/\/tahto.com\/wp-content\/uploads\/2024\/11\/TAHTO2024-KekeLeppala-verkko.jpg\" \/>\n\t<meta property=\"og:image:width\" content=\"768\" \/>\n\t<meta property=\"og:image:height\" content=\"512\" \/>\n\t<meta property=\"og:image:type\" content=\"image\/jpeg\" \/>\n<meta name=\"twitter:card\" content=\"summary_large_image\" \/>\n<meta name=\"twitter:label1\" content=\"Ber\u00e4knad l\u00e4stid\" \/>\n\t<meta name=\"twitter:data1\" content=\"2 minuter\" \/>\n<script type=\"application\/ld+json\" class=\"yoast-schema-graph\">{\"@context\":\"https:\\\/\\\/schema.org\",\"@graph\":[{\"@type\":\"WebPage\",\"@id\":\"https:\\\/\\\/tahto.com\\\/sv\\\/liikuntaseikkailu\\\/bli-partner\\\/\",\"url\":\"https:\\\/\\\/tahto.com\\\/sv\\\/liikuntaseikkailu\\\/bli-partner\\\/\",\"name\":\"Bli partner - Tahto\",\"isPartOf\":{\"@id\":\"https:\\\/\\\/tahto.com\\\/#website\"},\"primaryImageOfPage\":{\"@id\":\"https:\\\/\\\/tahto.com\\\/sv\\\/liikuntaseikkailu\\\/bli-partner\\\/#primaryimage\"},\"image\":{\"@id\":\"https:\\\/\\\/tahto.com\\\/sv\\\/liikuntaseikkailu\\\/bli-partner\\\/#primaryimage\"},\"thumbnailUrl\":\"https:\\\/\\\/tahto.com\\\/wp-content\\\/uploads\\\/2024\\\/11\\\/TAHTO2024-KekeLeppala-verkko.jpg\",\"datePublished\":\"2024-11-19T10:22:30+00:00\",\"dateModified\":\"2026-01-20T11:02:03+00:00\",\"description\":\"Bli partner till TAHTO Motions\u00e4ventyr.\",\"breadcrumb\":{\"@id\":\"https:\\\/\\\/tahto.com\\\/sv\\\/liikuntaseikkailu\\\/bli-partner\\\/#breadcrumb\"},\"inLanguage\":\"sv-SE\",\"potentialAction\":[{\"@type\":\"ReadAction\",\"target\":[\"https:\\\/\\\/tahto.com\\\/sv\\\/liikuntaseikkailu\\\/bli-partner\\\/\"]}]},{\"@type\":\"ImageObject\",\"inLanguage\":\"sv-SE\",\"@id\":\"https:\\\/\\\/tahto.com\\\/sv\\\/liikuntaseikkailu\\\/bli-partner\\\/#primaryimage\",\"url\":\"https:\\\/\\\/tahto.com\\\/wp-content\\\/uploads\\\/2024\\\/11\\\/TAHTO2024-KekeLeppala-verkko.jpg\",\"contentUrl\":\"https:\\\/\\\/tahto.com\\\/wp-content\\\/uploads\\\/2024\\\/11\\\/TAHTO2024-KekeLeppala-verkko.jpg\",\"width\":768,\"height\":512,\"caption\":\"TAHDON Liikuntaseikkailu\"},{\"@type\":\"BreadcrumbList\",\"@id\":\"https:\\\/\\\/tahto.com\\\/sv\\\/liikuntaseikkailu\\\/bli-partner\\\/#breadcrumb\",\"itemListElement\":[{\"@type\":\"ListItem\",\"position\":1,\"name\":\"Motions\u00e4ventyr\",\"item\":\"https:\\\/\\\/tahto.com\\\/sv\\\/liikuntaseikkailu\\\/\"},{\"@type\":\"ListItem\",\"position\":2,\"name\":\"Bli partner\"}]},{\"@type\":\"WebSite\",\"@id\":\"https:\\\/\\\/tahto.com\\\/#website\",\"url\":\"https:\\\/\\\/tahto.com\\\/\",\"name\":\"Tahto\",\"description\":\"Uusi urheilumuseo\",\"publisher\":{\"@id\":\"https:\\\/\\\/tahto.com\\\/#organization\"},\"potentialAction\":[{\"@type\":\"SearchAction\",\"target\":{\"@type\":\"EntryPoint\",\"urlTemplate\":\"https:\\\/\\\/tahto.com\\\/?s={search_term_string}\"},\"query-input\":{\"@type\":\"PropertyValueSpecification\",\"valueRequired\":true,\"valueName\":\"search_term_string\"}}],\"inLanguage\":\"sv-SE\"},{\"@type\":\"Organization\",\"@id\":\"https:\\\/\\\/tahto.com\\\/#organization\",\"name\":\"Tahto\",\"url\":\"https:\\\/\\\/tahto.com\\\/\",\"logo\":{\"@type\":\"ImageObject\",\"inLanguage\":\"sv-SE\",\"@id\":\"https:\\\/\\\/tahto.com\\\/#\\\/schema\\\/logo\\\/image\\\/\",\"url\":\"https:\\\/\\\/tahto.com\\\/wp-content\\\/uploads\\\/2022\\\/05\\\/cropped-Favicon-Tahto-1.png\",\"contentUrl\":\"https:\\\/\\\/tahto.com\\\/wp-content\\\/uploads\\\/2022\\\/05\\\/cropped-Favicon-Tahto-1.png\",\"width\":240,\"height\":240,\"caption\":\"Tahto\"},\"image\":{\"@id\":\"https:\\\/\\\/tahto.com\\\/#\\\/schema\\\/logo\\\/image\\\/\"}}]}<\/script>\n<!-- \/ Yoast SEO plugin. -->","yoast_head_json":{"title":"Bli partner - Tahto","description":"Bli partner till TAHTO Motions\u00e4ventyr.","robots":{"index":"index","follow":"follow","max-snippet":"max-snippet:-1","max-image-preview":"max-image-preview:large","max-video-preview":"max-video-preview:-1"},"canonical":"https:\/\/tahto.com\/sv\/liikuntaseikkailu\/bli-partner\/","og_locale":"sv_SE","og_type":"article","og_title":"Bli partner - Tahto","og_description":"Bli partner till TAHTO Motions\u00e4ventyr.","og_url":"https:\/\/tahto.com\/sv\/liikuntaseikkailu\/bli-partner\/","og_site_name":"Tahto","article_modified_time":"2026-01-20T11:02:03+00:00","og_image":[{"width":768,"height":512,"url":"https:\/\/tahto.com\/wp-content\/uploads\/2024\/11\/TAHTO2024-KekeLeppala-verkko.jpg","type":"image\/jpeg"}],"twitter_card":"summary_large_image","twitter_misc":{"Ber\u00e4knad l\u00e4stid":"2 minuter"},"schema":{"@context":"https:\/\/schema.org","@graph":[{"@type":"WebPage","@id":"https:\/\/tahto.com\/sv\/liikuntaseikkailu\/bli-partner\/","url":"https:\/\/tahto.com\/sv\/liikuntaseikkailu\/bli-partner\/","name":"Bli partner - Tahto","isPartOf":{"@id":"https:\/\/tahto.com\/#website"},"primaryImageOfPage":{"@id":"https:\/\/tahto.com\/sv\/liikuntaseikkailu\/bli-partner\/#primaryimage"},"image":{"@id":"https:\/\/tahto.com\/sv\/liikuntaseikkailu\/bli-partner\/#primaryimage"},"thumbnailUrl":"https:\/\/tahto.com\/wp-content\/uploads\/2024\/11\/TAHTO2024-KekeLeppala-verkko.jpg","datePublished":"2024-11-19T10:22:30+00:00","dateModified":"2026-01-20T11:02:03+00:00","description":"Bli partner till TAHTO Motions\u00e4ventyr.","breadcrumb":{"@id":"https:\/\/tahto.com\/sv\/liikuntaseikkailu\/bli-partner\/#breadcrumb"},"inLanguage":"sv-SE","potentialAction":[{"@type":"ReadAction","target":["https:\/\/tahto.com\/sv\/liikuntaseikkailu\/bli-partner\/"]}]},{"@type":"ImageObject","inLanguage":"sv-SE","@id":"https:\/\/tahto.com\/sv\/liikuntaseikkailu\/bli-partner\/#primaryimage","url":"https:\/\/tahto.com\/wp-content\/uploads\/2024\/11\/TAHTO2024-KekeLeppala-verkko.jpg","contentUrl":"https:\/\/tahto.com\/wp-content\/uploads\/2024\/11\/TAHTO2024-KekeLeppala-verkko.jpg","width":768,"height":512,"caption":"TAHDON Liikuntaseikkailu"},{"@type":"BreadcrumbList","@id":"https:\/\/tahto.com\/sv\/liikuntaseikkailu\/bli-partner\/#breadcrumb","itemListElement":[{"@type":"ListItem","position":1,"name":"Motions\u00e4ventyr","item":"https:\/\/tahto.com\/sv\/liikuntaseikkailu\/"},{"@type":"ListItem","position":2,"name":"Bli partner"}]},{"@type":"WebSite","@id":"https:\/\/tahto.com\/#website","url":"https:\/\/tahto.com\/","name":"Tahto","description":"Uusi urheilumuseo","publisher":{"@id":"https:\/\/tahto.com\/#organization"},"potentialAction":[{"@type":"SearchAction","target":{"@type":"EntryPoint","urlTemplate":"https:\/\/tahto.com\/?s={search_term_string}"},"query-input":{"@type":"PropertyValueSpecification","valueRequired":true,"valueName":"search_term_string"}}],"inLanguage":"sv-SE"},{"@type":"Organization","@id":"https:\/\/tahto.com\/#organization","name":"Tahto","url":"https:\/\/tahto.com\/","logo":{"@type":"ImageObject","inLanguage":"sv-SE","@id":"https:\/\/tahto.com\/#\/schema\/logo\/image\/","url":"https:\/\/tahto.com\/wp-content\/uploads\/2022\/05\/cropped-Favicon-Tahto-1.png","contentUrl":"https:\/\/tahto.com\/wp-content\/uploads\/2022\/05\/cropped-Favicon-Tahto-1.png","width":240,"height":240,"caption":"Tahto"},"image":{"@id":"https:\/\/tahto.com\/#\/schema\/logo\/image\/"}}]}},"_links":{"self":[{"href":"https:\/\/tahto.com\/sv\/wp-json\/wp\/v2\/pages\/14606","targetHints":{"allow":["GET"]}}],"collection":[{"href":"https:\/\/tahto.com\/sv\/wp-json\/wp\/v2\/pages"}],"about":[{"href":"https:\/\/tahto.com\/sv\/wp-json\/wp\/v2\/types\/page"}],"author":[{"embeddable":true,"href":"https:\/\/tahto.com\/sv\/wp-json\/wp\/v2\/users\/14"}],"replies":[{"embeddable":true,"href":"https:\/\/tahto.com\/sv\/wp-json\/wp\/v2\/comments?post=14606"}],"version-history":[{"count":6,"href":"https:\/\/tahto.com\/sv\/wp-json\/wp\/v2\/pages\/14606\/revisions"}],"predecessor-version":[{"id":17983,"href":"https:\/\/tahto.com\/sv\/wp-json\/wp\/v2\/pages\/14606\/revisions\/17983"}],"up":[{"embeddable":true,"href":"https:\/\/tahto.com\/sv\/wp-json\/wp\/v2\/pages\/14325"}],"wp:featuredmedia":[{"embeddable":true,"href":"https:\/\/tahto.com\/sv\/wp-json\/wp\/v2\/media\/13300"}],"wp:attachment":[{"href":"https:\/\/tahto.com\/sv\/wp-json\/wp\/v2\/media?parent=14606"}],"curies":[{"name":"wp","href":"https:\/\/api.w.org\/{rel}","templated":true}]}}