{"id":14598,"date":"2024-11-19T12:28:42","date_gmt":"2024-11-19T10:28:42","guid":{"rendered":"https:\/\/tahto.com\/liikuntaseikkailu\/opettajille\/"},"modified":"2025-12-30T15:51:28","modified_gmt":"2025-12-30T13:51:28","slug":"opettajille","status":"publish","type":"page","link":"https:\/\/tahto.com\/sv\/liikuntaseikkailu\/opettajille\/","title":{"rendered":"F\u00f6r l\u00e4rare"},"content":{"rendered":"\n<section class=\"block block-content-wrapper container-fluid theme-white\">\n    <div class=\"container\">\n        <div class=\"row\">\n            <div class=\"col-12 col-lg-8 offset-lg-2 col-hd-6 offset-hd-3\">\n                <main class=\"entry-content\">\n                    \n\n<h6 class=\"wp-block-heading\">V\u00c4LKOMMEN MED \u2013 Motions\u00e4ventyret kan b\u00f6rja!<\/h6>\n\n\n\n<p class=\"has-orange-color has-text-color has-link-color wp-elements-eff67fcb8774b42d0744f4d8f0297f14\"><em>Det guidade Motions\u00e4ventyret \u00e4r en avgiftsbelagd tj\u00e4nst f\u00f6r skolgrupper fr\u00e5n och med 1.1.2026. Priset \u00e4r <strong>60 \u20ac \/ grupp<\/strong> (max. 35 elever) samt <strong>entr\u00e9avgift 4 \u20ac \/ elev<\/strong>.<\/em><br><br><em>Du hittar bokningskalendern f\u00f6r R\u00f6relse\u00e4ventyret i avsnittet <strong>P\u00c5 PLATS<\/strong>.<br><strong>Tider f\u00f6r \u00e5r 2026 kan redan bokas!<\/strong><\/em><br><br><em>Observera att \u00e4ven <strong>sj\u00e4lvst\u00e4ndiga utst\u00e4llningsbes\u00f6k f\u00f6r grupper<\/strong> alltid kr\u00e4ver f\u00f6rhandsbokning. F\u00f6r mer information och bokningar <\/em> <a href=\"mailto:tahto@tahto.com\">tahto@tahto.com<\/a><br><br><em>Entr\u00e9avgiften f\u00f6r skolgrupper \u00e4r <strong>4 \u20ac \/ elev<\/strong> fr\u00e5n och med 1.1.2026.<\/em><\/p>\n\n\n\n<p>Grattis till dig som l\u00e4rare f\u00f6r att du har valt en helt ny idrottskulturell upplevelse f\u00f6r din klass i TAHTO. Vi vill m\u00f6jligg\u00f6ra ett roligt och energigivande \u00e4ventyr f\u00f6r alla barn och ungdomar. V\u00e5rt m\u00e5l \u00e4r v\u00e4rldens mest r\u00f6rliga skoldag!<\/p>\n\n\n\n<p>M\u00e5let med Motions\u00e4ventyret \u00e4r att inspirera barn och ungdomar att hitta r\u00f6relsegl\u00e4djen p\u00e5 ett nytt s\u00e4tt. Under \u00e4ventyret kan man svettas utan att m\u00e4rka det, samtidigt som man f\u00e5r kunskap och l\u00e4r sig om idrottskultur.<\/p>\n\n\n\n<p>Efter Motions\u00e4ventyr i museet forts\u00e4tter klassens gemensamma idrottsresan med efter-svett-uppgifterna.<\/p>\n\n\n\n<p>Nedr\u00e4kningen till \u00e4ventyret b\u00f6rjar snart \u2013 \u00e4r du redo?<\/p>\n\n\n\n<h6 class=\"wp-block-heading has-orange-color has-text-color has-link-color wp-elements-e585bfce50dad3deb9b092cad15fb575\"><strong>P\u00c5 PLATS \u2013 f\u00f6rberedelser f\u00f6r motions\u00e4ventyret<\/strong><\/h6>\n\n\n\n<p>Motions\u00e4ventyret b\u00f6rjar med att du bokar ett bes\u00f6k till TAHTO. Bes\u00f6ket varar cirka 2 timmar och best\u00e5r av orientering i museet, motionss\u00e4ventyr och avslutande diskussion. Du kan boka bes\u00f6ket i bokningskalendern (p\u00e5 finska). L\u00e4s de detaljerade bes\u00f6ksinstruktionerna l\u00e4ngst ner p\u00e5 sidan.<\/p>\n\n\n\n<div class=\"wp-block-button\"><a class=\"wp-block-button__link has-pink-background-color has-background wp-element-button\" href=\"https:\/\/avoinna24.fi\/suomenurheilumuseosaatio\/reservation\">BOKA BES\u00d6K H\u00c4R (p\u00e5 finska)<\/a><\/div>\n\n\n\n<p><br><\/p>\n\n\n\n<h6 class=\"wp-block-heading has-orange-color has-text-color has-link-color wp-elements-dabd2363d14ba331e299c3f325b8b9ca\">KLARA \u2013 p\u00e5 startlinjen, kom ih\u00e5g detta innan Motions\u00e4ventyret<\/h6>\n\n\n\n<p>Informera elevernas v\u00e5rdnadshavare om Motions\u00e4ventyret s\u00e5 omfattande som m\u00f6jligt, s\u00e5 att de kan f\u00f6rbereda r\u00e4tt utrustning f\u00f6r barnet. H\u00e4r \u00e4r ett exempel p\u00e5 ett Wilma-meddelande f\u00f6r v\u00e5rdnadshavarna:<\/p>\n\n\n\n<p><strong><em><a href=\"https:\/\/tahto.com\/wp-content\/uploads\/2024\/11\/Wilma_Liikuntaseikkailu.pdf\"><strong>Wilma-meddelande om Motions\u00e4ventyret<\/strong> (pdf p\u00e5 finska)<\/a><\/em><\/strong><br><br><strong>CHECKLISTA F\u00d6R UTRUSTNING:<\/strong><br><br><strong>Kl\u00e4der som passar f\u00f6r motion<br>Gympaskor eller liknande l\u00e4tta skor<br>Vattenflaska<\/strong><\/p>\n\n\n\n<p>I Motions\u00e4ventyret r\u00f6r man sig med skorna p\u00e5. Under vinters\u00e4songen rekommenderar vi inomhusgympaskor och l\u00e4ttare kl\u00e4der f\u00f6r \u00e4ventyrarna. Det finns inga omkl\u00e4dningsrum i museets lokaler. Kom ih\u00e5g att ta med vattenflaskor!<br><br>Om din klass har s\u00e4rskilda behov eller om du vill informera oss i f\u00f6rv\u00e4g om vilken typ av grupp som kommer, kan du kontakta v\u00e5r kundtj\u00e4nst via e-post p\u00e5 tahto@tahto.com.<\/p>\n\n\n\n<h6 class=\"wp-block-heading has-orange-color has-text-color has-link-color wp-elements-15f1de0325d2b6df802898b14a824ad3\">G\u00c5 \u2013 full fart fram\u00e5t<\/h6>\n\n\n\n<p>Motions\u00e4ventyret b\u00f6rjar n\u00e4r ni anl\u00e4nder till TAHTO vid Olympiastadion. Vi v\u00e4ntar just p\u00e5 er klass och vill att alla ska trivas och f\u00e5 en personlig idrottsupplevelse. I varje Motions\u00e4ventyr deltar en TAHTO-guide.<br><br>Under Motions\u00e4ventyret delas klassen in i fyra grupper enligt olympiska f\u00e4rger. Detta s\u00e4kerst\u00e4ller att varje deltagare \u00e4r aktiv under hela \u00e4ventyret.<\/p>\n\n\n\n<p>I b\u00f6rjan av Motions\u00e4ventyret g\u00e5r vi igenom s\u00e4kerhetsfr\u00e5gor och kommer \u00f6verens om reglerna f\u00f6r bes\u00f6ket.<\/p>\n\n\n\n<h6 class=\"wp-block-heading\"><strong>Regler f\u00f6r Motions\u00e4ventyret<\/strong><\/h6>\n\n\n\n<p class=\"has-white-color has-orange-background-color has-text-color has-background has-link-color wp-elements-80709d5455f1b1826c8f1f2a4baf1b17\">R\u00f6r dig m\u00e5ngsidigt<br>V\u00e4nta p\u00e5 din tur<br>Uppmuntra andra<br>H\u00e5ll spelredskapen p\u00e5 sina platser<br>Se till att lokalerna h\u00e5lls rena och hela<br><br><em>I TAHTO r\u00f6r sig alla p\u00e5 eget ansvar<\/em><\/p>\n\n\n\n<p>Genom museiuppgiften bekantar sig eleverna med finsk idrottskultur och historia. Tiden f\u00f6r uppgiften \u00e4r cirka 15 minuter.<\/p>\n\n\n\n<p>Efter museiuppgiften g\u00e5r grupperna vidare till Motions\u00e4ventyret. <strong>Observera att det endast finns en guide fr\u00e5n TAHTO.<\/strong> Du som l\u00e4rare \u00f6vervakar din klass under hela \u00e4ventyret och fungerar som uppmuntrare, inspirat\u00f6r och vid behov domare.<\/p>\n\n\n\n<p>I slutet av Motions\u00e4ventyret samlas vi tillsammans och diskuterar de upplevelser och k\u00e4nslor som \u00e4ventyret v\u00e4ckt.<br><br><strong>Tips!<\/strong> Du kan dela in klassen i grupper enligt f\u00e4rger redan i f\u00f6rv\u00e4g (gul, r\u00f6d, bl\u00e5, gr\u00f6n, men vi har ocks\u00e5 ett enkelt s\u00e4tt att dela in klassen i grupper i TAHTOs lokaler)<\/p>\n\n\n\n<h6 class=\"wp-block-heading has-orange-color has-text-color has-link-color wp-elements-2d4b539b171945dfb48de4f39d487a4e\"><strong>EFTER-SVETT \u2013 uppmuntra alla att r\u00f6ra p\u00e5 sig<\/strong><\/h6>\n\n\n\n<p>Efter-svett-uppgifterna g\u00f6rs i skolan. Vi uppmuntrar er att forts\u00e4tta r\u00f6ra p\u00e5 er p\u00e5 olika s\u00e4tt och ber\u00e4tta om det f\u00f6r oss. Vi har samlat idrottsutmaningar f\u00f6r er klass som inspirerar och uppmuntrar till att n\u00e5 m\u00e5len tillsammans.<\/p>\n\n\n\n<p>Ni kan hitta p\u00e5 fler efter-svett-uppgifter tillsammans med klassen. F\u00f6r efter-svett-uppgiften ger vi l\u00e4rarna en efter-svett-affisch som ni kan anv\u00e4nda f\u00f6r att f\u00f6lja upp idrottsutmaningarna. Affischen kan du skriva ut via l\u00e4nken nedan.<\/p>\n\n\n\n<p>Vi uppmuntrar er att ber\u00e4tta om de idrottsutmaningar som ni genomf\u00f6rt i er skola. Det g\u00f6rs b\u00e4st genom att tagga p\u00e5 sociala medier @kulttuurikeskustahto #tahto #motions\u00e4ventyr #eftersvett och skolans namn.<\/p>\n\n\n\n<div class=\"wp-block-button\"><a class=\"wp-block-button__link has-white-color has-blue-background-color has-text-color has-background has-link-color wp-element-button\" href=\"https:\/\/tahto.com\/wp-content\/uploads\/2024\/12\/JA\u0308LKIHIKI_tehta\u0308va\u0308t.pdf\">Efter-svett-uppgifter (p\u00e5 finska)<\/a><\/div>\n\n\n\n<p><\/p>\n\n\n\n<div class=\"wp-block-button\"><a class=\"wp-block-button__link has-white-color has-blue-background-color has-text-color has-background has-link-color wp-element-button\" href=\"https:\/\/tahto.com\/wp-content\/uploads\/2025\/01\/LIIKUNTASEIKKAILU_KOULUT_JULISTE_500X700_Final.pdf\">Efter-svett-affisch (p\u00e5 finska)<\/a><\/div>\n\n\n\n<p><\/p>\n\n\n\n<h6 class=\"wp-block-heading has-black-color has-text-color has-link-color wp-elements-b916bac6e84433312616c624cdef3dd7\">Kom ih\u00e5g att boka f\u00f6r din klass! Bokningskalendern hittar du i P\u00c5 PLATS-avsnittet h\u00f6gst upp p\u00e5 sidan.<\/h6>\n\n\n                <\/main>\n            <\/div>\n        <\/div>\n    <\/div>\n<\/section>","protected":false},"excerpt":{"rendered":"","protected":false},"author":14,"featured_media":13664,"parent":14325,"menu_order":0,"comment_status":"closed","ping_status":"closed","template":"","meta":{"_acf_changed":false,"_relevanssi_hide_post":"","_relevanssi_hide_content":"","_relevanssi_pin_for_all":"","_relevanssi_pin_keywords":"","_relevanssi_unpin_keywords":"","_relevanssi_related_keywords":"","_relevanssi_related_include_ids":"","_relevanssi_related_exclude_ids":"","_relevanssi_related_no_append":"","_relevanssi_related_not_related":"","_relevanssi_related_posts":"8121,3580,8627,4502,11438,7252","_relevanssi_noindex_reason":"","_improvement_type_select":"improve_an_existing","_thumb_yes_seoaic":false,"_frame_yes_seoaic":false,"seoaic_generate_description":"","seoaic_improve_instructions_prompt":"","seoaic_rollback_content_improvement":"","seoaic_idea_thumbnail_generator":"","thumbnail_generated":false,"thumbnail_generate_prompt":"","seoaic_article_description":"","footnotes":""},"class_list":["post-14598","page","type-page","status-publish","has-post-thumbnail","hentry"],"acf":[],"yoast_head":"<!-- This site is optimized with the Yoast SEO plugin v27.1.1 - https:\/\/yoast.com\/product\/yoast-seo-wordpress\/ -->\n<title>F\u00f6r l\u00e4rare - Tahto<\/title>\n<meta name=\"description\" content=\"Boka det guidade Motions\u00e4ventyret f\u00f6r skolgruppen.\" \/>\n<meta name=\"robots\" content=\"index, follow, max-snippet:-1, max-image-preview:large, max-video-preview:-1\" \/>\n<link rel=\"canonical\" href=\"https:\/\/tahto.com\/sv\/liikuntaseikkailu\/opettajille\/\" \/>\n<meta property=\"og:locale\" content=\"sv_SE\" \/>\n<meta property=\"og:type\" content=\"article\" \/>\n<meta property=\"og:title\" content=\"F\u00f6r l\u00e4rare - Tahto\" \/>\n<meta property=\"og:description\" content=\"Boka det guidade Motions\u00e4ventyret f\u00f6r skolgruppen.\" \/>\n<meta property=\"og:url\" content=\"https:\/\/tahto.com\/sv\/liikuntaseikkailu\/opettajille\/\" \/>\n<meta property=\"og:site_name\" content=\"Tahto\" \/>\n<meta property=\"article:modified_time\" content=\"2025-12-30T13:51:28+00:00\" \/>\n<meta property=\"og:image\" content=\"https:\/\/tahto.com\/wp-content\/uploads\/2024\/12\/TAHTO2024-017-photo-KekeLeppala-4000px-scaled.jpg\" \/>\n\t<meta property=\"og:image:width\" content=\"2560\" \/>\n\t<meta property=\"og:image:height\" content=\"1708\" \/>\n\t<meta property=\"og:image:type\" content=\"image\/jpeg\" \/>\n<meta name=\"twitter:card\" content=\"summary_large_image\" \/>\n<meta name=\"twitter:label1\" content=\"Ber\u00e4knad l\u00e4stid\" \/>\n\t<meta name=\"twitter:data1\" content=\"9 minuter\" \/>\n<script type=\"application\/ld+json\" class=\"yoast-schema-graph\">{\"@context\":\"https:\/\/schema.org\",\"@graph\":[{\"@type\":\"WebPage\",\"@id\":\"https:\/\/tahto.com\/sv\/liikuntaseikkailu\/opettajille\/\",\"url\":\"https:\/\/tahto.com\/sv\/liikuntaseikkailu\/opettajille\/\",\"name\":\"F\u00f6r l\u00e4rare - Tahto\",\"isPartOf\":{\"@id\":\"https:\/\/tahto.com\/#website\"},\"primaryImageOfPage\":{\"@id\":\"https:\/\/tahto.com\/sv\/liikuntaseikkailu\/opettajille\/#primaryimage\"},\"image\":{\"@id\":\"https:\/\/tahto.com\/sv\/liikuntaseikkailu\/opettajille\/#primaryimage\"},\"thumbnailUrl\":\"https:\/\/tahto.com\/wp-content\/uploads\/2024\/12\/TAHTO2024-017-photo-KekeLeppala-4000px-scaled.jpg\",\"datePublished\":\"2024-11-19T10:28:42+00:00\",\"dateModified\":\"2025-12-30T13:51:28+00:00\",\"description\":\"Boka det guidade Motions\u00e4ventyret f\u00f6r skolgruppen.\",\"breadcrumb\":{\"@id\":\"https:\/\/tahto.com\/sv\/liikuntaseikkailu\/opettajille\/#breadcrumb\"},\"inLanguage\":\"sv-SE\",\"potentialAction\":[{\"@type\":\"ReadAction\",\"target\":[\"https:\/\/tahto.com\/sv\/liikuntaseikkailu\/opettajille\/\"]}]},{\"@type\":\"ImageObject\",\"inLanguage\":\"sv-SE\",\"@id\":\"https:\/\/tahto.com\/sv\/liikuntaseikkailu\/opettajille\/#primaryimage\",\"url\":\"https:\/\/tahto.com\/wp-content\/uploads\/2024\/12\/TAHTO2024-017-photo-KekeLeppala-4000px-scaled.jpg\",\"contentUrl\":\"https:\/\/tahto.com\/wp-content\/uploads\/2024\/12\/TAHTO2024-017-photo-KekeLeppala-4000px-scaled.jpg\",\"width\":2560,\"height\":1708,\"caption\":\"TAHDON Liikuntaseikkailusta l\u00f6ytyy paljon mukavaa tekemist\u00e4 koko perheelle.\"},{\"@type\":\"BreadcrumbList\",\"@id\":\"https:\/\/tahto.com\/sv\/liikuntaseikkailu\/opettajille\/#breadcrumb\",\"itemListElement\":[{\"@type\":\"ListItem\",\"position\":1,\"name\":\"Motions\u00e4ventyr\",\"item\":\"https:\/\/tahto.com\/sv\/liikuntaseikkailu\/\"},{\"@type\":\"ListItem\",\"position\":2,\"name\":\"F\u00f6r l\u00e4rare\"}]},{\"@type\":\"WebSite\",\"@id\":\"https:\/\/tahto.com\/#website\",\"url\":\"https:\/\/tahto.com\/\",\"name\":\"Tahto\",\"description\":\"Uusi urheilumuseo\",\"publisher\":{\"@id\":\"https:\/\/tahto.com\/#organization\"},\"potentialAction\":[{\"@type\":\"SearchAction\",\"target\":{\"@type\":\"EntryPoint\",\"urlTemplate\":\"https:\/\/tahto.com\/?s={search_term_string}\"},\"query-input\":{\"@type\":\"PropertyValueSpecification\",\"valueRequired\":true,\"valueName\":\"search_term_string\"}}],\"inLanguage\":\"sv-SE\"},{\"@type\":\"Organization\",\"@id\":\"https:\/\/tahto.com\/#organization\",\"name\":\"Tahto\",\"url\":\"https:\/\/tahto.com\/\",\"logo\":{\"@type\":\"ImageObject\",\"inLanguage\":\"sv-SE\",\"@id\":\"https:\/\/tahto.com\/#\/schema\/logo\/image\/\",\"url\":\"https:\/\/tahto.com\/wp-content\/uploads\/2022\/05\/cropped-Favicon-Tahto-1.png\",\"contentUrl\":\"https:\/\/tahto.com\/wp-content\/uploads\/2022\/05\/cropped-Favicon-Tahto-1.png\",\"width\":240,\"height\":240,\"caption\":\"Tahto\"},\"image\":{\"@id\":\"https:\/\/tahto.com\/#\/schema\/logo\/image\/\"}}]}<\/script>\n<!-- \/ Yoast SEO plugin. -->","yoast_head_json":{"title":"F\u00f6r l\u00e4rare - Tahto","description":"Boka det guidade Motions\u00e4ventyret f\u00f6r skolgruppen.","robots":{"index":"index","follow":"follow","max-snippet":"max-snippet:-1","max-image-preview":"max-image-preview:large","max-video-preview":"max-video-preview:-1"},"canonical":"https:\/\/tahto.com\/sv\/liikuntaseikkailu\/opettajille\/","og_locale":"sv_SE","og_type":"article","og_title":"F\u00f6r l\u00e4rare - Tahto","og_description":"Boka det guidade Motions\u00e4ventyret f\u00f6r skolgruppen.","og_url":"https:\/\/tahto.com\/sv\/liikuntaseikkailu\/opettajille\/","og_site_name":"Tahto","article_modified_time":"2025-12-30T13:51:28+00:00","og_image":[{"width":2560,"height":1708,"url":"https:\/\/tahto.com\/wp-content\/uploads\/2024\/12\/TAHTO2024-017-photo-KekeLeppala-4000px-scaled.jpg","type":"image\/jpeg"}],"twitter_card":"summary_large_image","twitter_misc":{"Ber\u00e4knad l\u00e4stid":"9 minuter"},"schema":{"@context":"https:\/\/schema.org","@graph":[{"@type":"WebPage","@id":"https:\/\/tahto.com\/sv\/liikuntaseikkailu\/opettajille\/","url":"https:\/\/tahto.com\/sv\/liikuntaseikkailu\/opettajille\/","name":"F\u00f6r l\u00e4rare - Tahto","isPartOf":{"@id":"https:\/\/tahto.com\/#website"},"primaryImageOfPage":{"@id":"https:\/\/tahto.com\/sv\/liikuntaseikkailu\/opettajille\/#primaryimage"},"image":{"@id":"https:\/\/tahto.com\/sv\/liikuntaseikkailu\/opettajille\/#primaryimage"},"thumbnailUrl":"https:\/\/tahto.com\/wp-content\/uploads\/2024\/12\/TAHTO2024-017-photo-KekeLeppala-4000px-scaled.jpg","datePublished":"2024-11-19T10:28:42+00:00","dateModified":"2025-12-30T13:51:28+00:00","description":"Boka det guidade Motions\u00e4ventyret f\u00f6r skolgruppen.","breadcrumb":{"@id":"https:\/\/tahto.com\/sv\/liikuntaseikkailu\/opettajille\/#breadcrumb"},"inLanguage":"sv-SE","potentialAction":[{"@type":"ReadAction","target":["https:\/\/tahto.com\/sv\/liikuntaseikkailu\/opettajille\/"]}]},{"@type":"ImageObject","inLanguage":"sv-SE","@id":"https:\/\/tahto.com\/sv\/liikuntaseikkailu\/opettajille\/#primaryimage","url":"https:\/\/tahto.com\/wp-content\/uploads\/2024\/12\/TAHTO2024-017-photo-KekeLeppala-4000px-scaled.jpg","contentUrl":"https:\/\/tahto.com\/wp-content\/uploads\/2024\/12\/TAHTO2024-017-photo-KekeLeppala-4000px-scaled.jpg","width":2560,"height":1708,"caption":"TAHDON Liikuntaseikkailusta l\u00f6ytyy paljon mukavaa tekemist\u00e4 koko perheelle."},{"@type":"BreadcrumbList","@id":"https:\/\/tahto.com\/sv\/liikuntaseikkailu\/opettajille\/#breadcrumb","itemListElement":[{"@type":"ListItem","position":1,"name":"Motions\u00e4ventyr","item":"https:\/\/tahto.com\/sv\/liikuntaseikkailu\/"},{"@type":"ListItem","position":2,"name":"F\u00f6r l\u00e4rare"}]},{"@type":"WebSite","@id":"https:\/\/tahto.com\/#website","url":"https:\/\/tahto.com\/","name":"Tahto","description":"Uusi urheilumuseo","publisher":{"@id":"https:\/\/tahto.com\/#organization"},"potentialAction":[{"@type":"SearchAction","target":{"@type":"EntryPoint","urlTemplate":"https:\/\/tahto.com\/?s={search_term_string}"},"query-input":{"@type":"PropertyValueSpecification","valueRequired":true,"valueName":"search_term_string"}}],"inLanguage":"sv-SE"},{"@type":"Organization","@id":"https:\/\/tahto.com\/#organization","name":"Tahto","url":"https:\/\/tahto.com\/","logo":{"@type":"ImageObject","inLanguage":"sv-SE","@id":"https:\/\/tahto.com\/#\/schema\/logo\/image\/","url":"https:\/\/tahto.com\/wp-content\/uploads\/2022\/05\/cropped-Favicon-Tahto-1.png","contentUrl":"https:\/\/tahto.com\/wp-content\/uploads\/2022\/05\/cropped-Favicon-Tahto-1.png","width":240,"height":240,"caption":"Tahto"},"image":{"@id":"https:\/\/tahto.com\/#\/schema\/logo\/image\/"}}]}},"_links":{"self":[{"href":"https:\/\/tahto.com\/sv\/wp-json\/wp\/v2\/pages\/14598","targetHints":{"allow":["GET"]}}],"collection":[{"href":"https:\/\/tahto.com\/sv\/wp-json\/wp\/v2\/pages"}],"about":[{"href":"https:\/\/tahto.com\/sv\/wp-json\/wp\/v2\/types\/page"}],"author":[{"embeddable":true,"href":"https:\/\/tahto.com\/sv\/wp-json\/wp\/v2\/users\/14"}],"replies":[{"embeddable":true,"href":"https:\/\/tahto.com\/sv\/wp-json\/wp\/v2\/comments?post=14598"}],"version-history":[{"count":11,"href":"https:\/\/tahto.com\/sv\/wp-json\/wp\/v2\/pages\/14598\/revisions"}],"predecessor-version":[{"id":17736,"href":"https:\/\/tahto.com\/sv\/wp-json\/wp\/v2\/pages\/14598\/revisions\/17736"}],"up":[{"embeddable":true,"href":"https:\/\/tahto.com\/sv\/wp-json\/wp\/v2\/pages\/14325"}],"wp:featuredmedia":[{"embeddable":true,"href":"https:\/\/tahto.com\/sv\/wp-json\/wp\/v2\/media\/13664"}],"wp:attachment":[{"href":"https:\/\/tahto.com\/sv\/wp-json\/wp\/v2\/media?parent=14598"}],"curies":[{"name":"wp","href":"https:\/\/api.w.org\/{rel}","templated":true}]}}