{"id":14595,"date":"2024-11-19T12:25:56","date_gmt":"2024-11-19T10:25:56","guid":{"rendered":"https:\/\/tahto.com\/liikuntaseikkailu\/liikuntaseikkailu-koko-perhe-liikkuu\/"},"modified":"2025-12-30T15:17:12","modified_gmt":"2025-12-30T13:17:12","slug":"liikuntaseikkailu-koko-perhe-liikkuu","status":"publish","type":"page","link":"https:\/\/tahto.com\/sv\/liikuntaseikkailu\/liikuntaseikkailu-koko-perhe-liikkuu\/","title":{"rendered":"Hela familjens \u00e4ventyr"},"content":{"rendered":"\n<section class=\"block block-content-wrapper container-fluid theme-white\">\n    <div class=\"container\">\n        <div class=\"row\">\n            <div class=\"col-12 col-lg-8 offset-lg-2 col-hd-6 offset-hd-3\">\n                <main class=\"entry-content\">\n                    \n\n<h6 class=\"wp-block-heading\"><strong>TAHTO Motions\u00e4ventyr \u00e4r \u00f6ppet f\u00f6r hela familjen!<\/strong><\/h6>\n\n\n\n<p>M\u00e5let med Motions\u00e4ventyret \u00e4r att inspirera barn och ungdomar att r\u00f6ra p\u00e5 sig. Genom motion bekantar vi oss med finsk idrottskultur och historia. Ni kan ocks\u00e5 bekanta er med den idrottsliga upplevelsen med hela familjen. TAHTO motions\u00e4ventyr \u00e4r \u00f6ppet f\u00f6r alla bes\u00f6kare, f\u00f6rutom de timmar som \u00e4r reserverade f\u00f6r skolklasser.<\/p>\n\n\n\n<p>Skolklasser \u00e4ventyrar i museet p\u00e5 vardagar under de timmar som \u00e4r reserverade f\u00f6r dem mellan kl. 10\u201314.30.<\/p>\n\n\n\n<p>Mer information om Motions\u00e4ventyret finns p\u00e5 TAHTOs webbplats. F\u00f6lj \u00e4ven TAHTOs sociala mediekanaler @kulttuurikeskustahto och kom ih\u00e5g att dela era egna upplevelser fr\u00e5n ert bes\u00f6k.<\/p>\n\n\n\n<h6 class=\"wp-block-heading\">I TAHTO r\u00f6r sig alla p\u00e5 eget ansvar.<\/h6>\n\n\n\n<p>I TAHTO motions\u00e4ventyr och utst\u00e4llningar r\u00f6r sig varje bes\u00f6kare p\u00e5 eget ansvar. L\u00e5t oss tillsammans se till att det alltid \u00e4r trevligt och s\u00e4kert att \u00e4ventyra i TAHTO. L\u00e4s reglerna f\u00f6r motions\u00e4ventyret innan ditt bes\u00f6k.<\/p>\n\n\n\n<p><strong>Beh\u00f6ver jag utrustning?<\/strong><\/p>\n\n\n\n<p>Det \u00e4r bra att f\u00f6rbereda sig f\u00f6r Motions\u00e4ventyret med bekv\u00e4ma och tillr\u00e4ckligt l\u00e4tta kl\u00e4der samt skor som passar f\u00f6r motion. Vi rekommenderar inte vinterst\u00f6vlar. Packa \u00e4ven en vattenflaska i v\u00e4skan! Observera att det inte finns omkl\u00e4dningsrum eller duschm\u00f6jligheter i v\u00e5ra lokaler.<\/p>\n\n\n                <\/main>\n            <\/div>\n        <\/div>\n    <\/div>\n<\/section>\n\n\n<section class=\"block block-fifty-fifty container-fluid theme-gray\">\n    <div class=\"container\">\n        <div class=\"row flex-xl-row-reverse\">\n            <div class=\"col-12 col-xl-6 d-inline-flex flex-column left-column\">\n                \n\n<img decoding=\"async\" src=\"https:\/\/tahto.com\/wp-content\/uploads\/2024\/11\/Puuska1-01.svg\" width=\"595\" height=\"841\" class=\"fifty-fifty-media\" alt=\"\" loading=\"lazy\">\n                \n                            <\/div>\n            <div class=\"col-12 col-xl-6\">\n                <div\n                    class=\"h-100 d-flex flex-column justify-content-start \">\n                    <div class=\"entry-content\">\n                        \n\n<h6 class=\"wp-block-heading\"><strong>Regler f\u00f6r motions\u00e4ventyret<\/strong><\/h6>\n\n\n\n<p><strong>R\u00f6r dig m\u00e5ngsidigt<br>V\u00e4nta p\u00e5 din tur<br>Uppmuntra andra<br>H\u00e5ll spelredskapen p\u00e5 sina platser<br>Se till att lokalerna h\u00e5lls rena och hela<br>I TAHTO r\u00f6r sig alla p\u00e5 eget ansvar<\/strong><\/p>\n\n\n\n<figure class=\"wp-block-image size-large\"><img decoding=\"async\" width=\"1024\" height=\"683\" src=\"https:\/\/tahto.com\/wp-content\/uploads\/2024\/12\/TAHTO2024-017-photo-KekeLeppala-4000px-1024x683.jpg\" alt=\"\" class=\"wp-image-13662\" srcset=\"https:\/\/tahto.com\/wp-content\/uploads\/2024\/12\/TAHTO2024-017-photo-KekeLeppala-4000px-1024x683.jpg 1024w, https:\/\/tahto.com\/wp-content\/uploads\/2024\/12\/TAHTO2024-017-photo-KekeLeppala-4000px-300x200.jpg 300w, https:\/\/tahto.com\/wp-content\/uploads\/2024\/12\/TAHTO2024-017-photo-KekeLeppala-4000px-768x512.jpg 768w, https:\/\/tahto.com\/wp-content\/uploads\/2024\/12\/TAHTO2024-017-photo-KekeLeppala-4000px-1536x1025.jpg 1536w, https:\/\/tahto.com\/wp-content\/uploads\/2024\/12\/TAHTO2024-017-photo-KekeLeppala-4000px-2048x1366.jpg 2048w, https:\/\/tahto.com\/wp-content\/uploads\/2024\/12\/TAHTO2024-017-photo-KekeLeppala-4000px-1920x1281.jpg 1920w, https:\/\/tahto.com\/wp-content\/uploads\/2024\/12\/TAHTO2024-017-photo-KekeLeppala-4000px-560x374.jpg 560w\" sizes=\"(max-width: 575px) 100vw, (max-width: 767px) 510px, (max-width: 991px) 290px, (max-width: 1199px) 530px, 840px\" \/><\/figure>\n\n\n                    <\/div>\n                <\/div>\n            <\/div>\n        <\/div>\n    <\/div>\n<\/section>","protected":false},"excerpt":{"rendered":"","protected":false},"author":14,"featured_media":13674,"parent":14325,"menu_order":0,"comment_status":"closed","ping_status":"closed","template":"","meta":{"_acf_changed":false,"_relevanssi_hide_post":"","_relevanssi_hide_content":"","_relevanssi_pin_for_all":"","_relevanssi_pin_keywords":"","_relevanssi_unpin_keywords":"","_relevanssi_related_keywords":"","_relevanssi_related_include_ids":"","_relevanssi_related_exclude_ids":"","_relevanssi_related_no_append":"","_relevanssi_related_not_related":"","_relevanssi_related_posts":"8900,11156,3451,10068,11464,8829","_relevanssi_noindex_reason":"","_improvement_type_select":"improve_an_existing","_thumb_yes_seoaic":false,"_frame_yes_seoaic":false,"seoaic_generate_description":"","seoaic_improve_instructions_prompt":"","seoaic_rollback_content_improvement":"","seoaic_idea_thumbnail_generator":"","thumbnail_generated":false,"thumbnail_generate_prompt":"","seoaic_article_description":"","footnotes":""},"class_list":["post-14595","page","type-page","status-publish","has-post-thumbnail","hentry"],"acf":[],"yoast_head":"<!-- This site is optimized with the Yoast SEO plugin v27.1.1 - https:\/\/yoast.com\/product\/yoast-seo-wordpress\/ -->\n<title>Hela familjens \u00e4ventyr - Tahto<\/title>\n<meta name=\"description\" content=\"Bekanta er med den idrottsliga upplevelsen med hela familjen. TAHTO motions\u00e4ventyr \u00e4r \u00f6ppet f\u00f6r alla bes\u00f6kare.\" \/>\n<meta name=\"robots\" content=\"index, follow, max-snippet:-1, max-image-preview:large, max-video-preview:-1\" \/>\n<link rel=\"canonical\" href=\"https:\/\/tahto.com\/sv\/liikuntaseikkailu\/liikuntaseikkailu-koko-perhe-liikkuu\/\" \/>\n<meta property=\"og:locale\" content=\"sv_SE\" \/>\n<meta property=\"og:type\" content=\"article\" \/>\n<meta property=\"og:title\" content=\"Hela familjens \u00e4ventyr - Tahto\" \/>\n<meta property=\"og:description\" content=\"Bekanta er med den idrottsliga upplevelsen med hela familjen. TAHTO motions\u00e4ventyr \u00e4r \u00f6ppet f\u00f6r alla bes\u00f6kare.\" \/>\n<meta property=\"og:url\" content=\"https:\/\/tahto.com\/sv\/liikuntaseikkailu\/liikuntaseikkailu-koko-perhe-liikkuu\/\" \/>\n<meta property=\"og:site_name\" content=\"Tahto\" \/>\n<meta property=\"article:modified_time\" content=\"2025-12-30T13:17:12+00:00\" \/>\n<meta property=\"og:image\" content=\"https:\/\/tahto.com\/wp-content\/uploads\/2024\/12\/TAHTO2024-013-photo-KekeLeppala-4000px-scaled.jpg\" \/>\n\t<meta property=\"og:image:width\" content=\"2560\" \/>\n\t<meta property=\"og:image:height\" content=\"1708\" \/>\n\t<meta property=\"og:image:type\" content=\"image\/jpeg\" \/>\n<meta name=\"twitter:card\" content=\"summary_large_image\" \/>\n<meta name=\"twitter:label1\" content=\"Ber\u00e4knad l\u00e4stid\" \/>\n\t<meta name=\"twitter:data1\" content=\"4 minuter\" \/>\n<script type=\"application\/ld+json\" class=\"yoast-schema-graph\">{\"@context\":\"https:\/\/schema.org\",\"@graph\":[{\"@type\":\"WebPage\",\"@id\":\"https:\/\/tahto.com\/sv\/liikuntaseikkailu\/liikuntaseikkailu-koko-perhe-liikkuu\/\",\"url\":\"https:\/\/tahto.com\/sv\/liikuntaseikkailu\/liikuntaseikkailu-koko-perhe-liikkuu\/\",\"name\":\"Hela familjens \u00e4ventyr - Tahto\",\"isPartOf\":{\"@id\":\"https:\/\/tahto.com\/#website\"},\"primaryImageOfPage\":{\"@id\":\"https:\/\/tahto.com\/sv\/liikuntaseikkailu\/liikuntaseikkailu-koko-perhe-liikkuu\/#primaryimage\"},\"image\":{\"@id\":\"https:\/\/tahto.com\/sv\/liikuntaseikkailu\/liikuntaseikkailu-koko-perhe-liikkuu\/#primaryimage\"},\"thumbnailUrl\":\"https:\/\/tahto.com\/wp-content\/uploads\/2024\/12\/TAHTO2024-013-photo-KekeLeppala-4000px-scaled.jpg\",\"datePublished\":\"2024-11-19T10:25:56+00:00\",\"dateModified\":\"2025-12-30T13:17:12+00:00\",\"description\":\"Bekanta er med den idrottsliga upplevelsen med hela familjen. TAHTO motions\u00e4ventyr \u00e4r \u00f6ppet f\u00f6r alla bes\u00f6kare.\",\"breadcrumb\":{\"@id\":\"https:\/\/tahto.com\/sv\/liikuntaseikkailu\/liikuntaseikkailu-koko-perhe-liikkuu\/#breadcrumb\"},\"inLanguage\":\"sv-SE\",\"potentialAction\":[{\"@type\":\"ReadAction\",\"target\":[\"https:\/\/tahto.com\/sv\/liikuntaseikkailu\/liikuntaseikkailu-koko-perhe-liikkuu\/\"]}]},{\"@type\":\"ImageObject\",\"inLanguage\":\"sv-SE\",\"@id\":\"https:\/\/tahto.com\/sv\/liikuntaseikkailu\/liikuntaseikkailu-koko-perhe-liikkuu\/#primaryimage\",\"url\":\"https:\/\/tahto.com\/wp-content\/uploads\/2024\/12\/TAHTO2024-013-photo-KekeLeppala-4000px-scaled.jpg\",\"contentUrl\":\"https:\/\/tahto.com\/wp-content\/uploads\/2024\/12\/TAHTO2024-013-photo-KekeLeppala-4000px-scaled.jpg\",\"width\":2560,\"height\":1708},{\"@type\":\"BreadcrumbList\",\"@id\":\"https:\/\/tahto.com\/sv\/liikuntaseikkailu\/liikuntaseikkailu-koko-perhe-liikkuu\/#breadcrumb\",\"itemListElement\":[{\"@type\":\"ListItem\",\"position\":1,\"name\":\"Motions\u00e4ventyr\",\"item\":\"https:\/\/tahto.com\/sv\/liikuntaseikkailu\/\"},{\"@type\":\"ListItem\",\"position\":2,\"name\":\"Hela familjens \u00e4ventyr\"}]},{\"@type\":\"WebSite\",\"@id\":\"https:\/\/tahto.com\/#website\",\"url\":\"https:\/\/tahto.com\/\",\"name\":\"Tahto\",\"description\":\"Uusi urheilumuseo\",\"publisher\":{\"@id\":\"https:\/\/tahto.com\/#organization\"},\"potentialAction\":[{\"@type\":\"SearchAction\",\"target\":{\"@type\":\"EntryPoint\",\"urlTemplate\":\"https:\/\/tahto.com\/?s={search_term_string}\"},\"query-input\":{\"@type\":\"PropertyValueSpecification\",\"valueRequired\":true,\"valueName\":\"search_term_string\"}}],\"inLanguage\":\"sv-SE\"},{\"@type\":\"Organization\",\"@id\":\"https:\/\/tahto.com\/#organization\",\"name\":\"Tahto\",\"url\":\"https:\/\/tahto.com\/\",\"logo\":{\"@type\":\"ImageObject\",\"inLanguage\":\"sv-SE\",\"@id\":\"https:\/\/tahto.com\/#\/schema\/logo\/image\/\",\"url\":\"https:\/\/tahto.com\/wp-content\/uploads\/2022\/05\/cropped-Favicon-Tahto-1.png\",\"contentUrl\":\"https:\/\/tahto.com\/wp-content\/uploads\/2022\/05\/cropped-Favicon-Tahto-1.png\",\"width\":240,\"height\":240,\"caption\":\"Tahto\"},\"image\":{\"@id\":\"https:\/\/tahto.com\/#\/schema\/logo\/image\/\"}}]}<\/script>\n<!-- \/ Yoast SEO plugin. -->","yoast_head_json":{"title":"Hela familjens \u00e4ventyr - Tahto","description":"Bekanta er med den idrottsliga upplevelsen med hela familjen. TAHTO motions\u00e4ventyr \u00e4r \u00f6ppet f\u00f6r alla bes\u00f6kare.","robots":{"index":"index","follow":"follow","max-snippet":"max-snippet:-1","max-image-preview":"max-image-preview:large","max-video-preview":"max-video-preview:-1"},"canonical":"https:\/\/tahto.com\/sv\/liikuntaseikkailu\/liikuntaseikkailu-koko-perhe-liikkuu\/","og_locale":"sv_SE","og_type":"article","og_title":"Hela familjens \u00e4ventyr - Tahto","og_description":"Bekanta er med den idrottsliga upplevelsen med hela familjen. TAHTO motions\u00e4ventyr \u00e4r \u00f6ppet f\u00f6r alla bes\u00f6kare.","og_url":"https:\/\/tahto.com\/sv\/liikuntaseikkailu\/liikuntaseikkailu-koko-perhe-liikkuu\/","og_site_name":"Tahto","article_modified_time":"2025-12-30T13:17:12+00:00","og_image":[{"width":2560,"height":1708,"url":"https:\/\/tahto.com\/wp-content\/uploads\/2024\/12\/TAHTO2024-013-photo-KekeLeppala-4000px-scaled.jpg","type":"image\/jpeg"}],"twitter_card":"summary_large_image","twitter_misc":{"Ber\u00e4knad l\u00e4stid":"4 minuter"},"schema":{"@context":"https:\/\/schema.org","@graph":[{"@type":"WebPage","@id":"https:\/\/tahto.com\/sv\/liikuntaseikkailu\/liikuntaseikkailu-koko-perhe-liikkuu\/","url":"https:\/\/tahto.com\/sv\/liikuntaseikkailu\/liikuntaseikkailu-koko-perhe-liikkuu\/","name":"Hela familjens \u00e4ventyr - Tahto","isPartOf":{"@id":"https:\/\/tahto.com\/#website"},"primaryImageOfPage":{"@id":"https:\/\/tahto.com\/sv\/liikuntaseikkailu\/liikuntaseikkailu-koko-perhe-liikkuu\/#primaryimage"},"image":{"@id":"https:\/\/tahto.com\/sv\/liikuntaseikkailu\/liikuntaseikkailu-koko-perhe-liikkuu\/#primaryimage"},"thumbnailUrl":"https:\/\/tahto.com\/wp-content\/uploads\/2024\/12\/TAHTO2024-013-photo-KekeLeppala-4000px-scaled.jpg","datePublished":"2024-11-19T10:25:56+00:00","dateModified":"2025-12-30T13:17:12+00:00","description":"Bekanta er med den idrottsliga upplevelsen med hela familjen. TAHTO motions\u00e4ventyr \u00e4r \u00f6ppet f\u00f6r alla bes\u00f6kare.","breadcrumb":{"@id":"https:\/\/tahto.com\/sv\/liikuntaseikkailu\/liikuntaseikkailu-koko-perhe-liikkuu\/#breadcrumb"},"inLanguage":"sv-SE","potentialAction":[{"@type":"ReadAction","target":["https:\/\/tahto.com\/sv\/liikuntaseikkailu\/liikuntaseikkailu-koko-perhe-liikkuu\/"]}]},{"@type":"ImageObject","inLanguage":"sv-SE","@id":"https:\/\/tahto.com\/sv\/liikuntaseikkailu\/liikuntaseikkailu-koko-perhe-liikkuu\/#primaryimage","url":"https:\/\/tahto.com\/wp-content\/uploads\/2024\/12\/TAHTO2024-013-photo-KekeLeppala-4000px-scaled.jpg","contentUrl":"https:\/\/tahto.com\/wp-content\/uploads\/2024\/12\/TAHTO2024-013-photo-KekeLeppala-4000px-scaled.jpg","width":2560,"height":1708},{"@type":"BreadcrumbList","@id":"https:\/\/tahto.com\/sv\/liikuntaseikkailu\/liikuntaseikkailu-koko-perhe-liikkuu\/#breadcrumb","itemListElement":[{"@type":"ListItem","position":1,"name":"Motions\u00e4ventyr","item":"https:\/\/tahto.com\/sv\/liikuntaseikkailu\/"},{"@type":"ListItem","position":2,"name":"Hela familjens \u00e4ventyr"}]},{"@type":"WebSite","@id":"https:\/\/tahto.com\/#website","url":"https:\/\/tahto.com\/","name":"Tahto","description":"Uusi urheilumuseo","publisher":{"@id":"https:\/\/tahto.com\/#organization"},"potentialAction":[{"@type":"SearchAction","target":{"@type":"EntryPoint","urlTemplate":"https:\/\/tahto.com\/?s={search_term_string}"},"query-input":{"@type":"PropertyValueSpecification","valueRequired":true,"valueName":"search_term_string"}}],"inLanguage":"sv-SE"},{"@type":"Organization","@id":"https:\/\/tahto.com\/#organization","name":"Tahto","url":"https:\/\/tahto.com\/","logo":{"@type":"ImageObject","inLanguage":"sv-SE","@id":"https:\/\/tahto.com\/#\/schema\/logo\/image\/","url":"https:\/\/tahto.com\/wp-content\/uploads\/2022\/05\/cropped-Favicon-Tahto-1.png","contentUrl":"https:\/\/tahto.com\/wp-content\/uploads\/2022\/05\/cropped-Favicon-Tahto-1.png","width":240,"height":240,"caption":"Tahto"},"image":{"@id":"https:\/\/tahto.com\/#\/schema\/logo\/image\/"}}]}},"_links":{"self":[{"href":"https:\/\/tahto.com\/sv\/wp-json\/wp\/v2\/pages\/14595","targetHints":{"allow":["GET"]}}],"collection":[{"href":"https:\/\/tahto.com\/sv\/wp-json\/wp\/v2\/pages"}],"about":[{"href":"https:\/\/tahto.com\/sv\/wp-json\/wp\/v2\/types\/page"}],"author":[{"embeddable":true,"href":"https:\/\/tahto.com\/sv\/wp-json\/wp\/v2\/users\/14"}],"replies":[{"embeddable":true,"href":"https:\/\/tahto.com\/sv\/wp-json\/wp\/v2\/comments?post=14595"}],"version-history":[{"count":5,"href":"https:\/\/tahto.com\/sv\/wp-json\/wp\/v2\/pages\/14595\/revisions"}],"predecessor-version":[{"id":17729,"href":"https:\/\/tahto.com\/sv\/wp-json\/wp\/v2\/pages\/14595\/revisions\/17729"}],"up":[{"embeddable":true,"href":"https:\/\/tahto.com\/sv\/wp-json\/wp\/v2\/pages\/14325"}],"wp:featuredmedia":[{"embeddable":true,"href":"https:\/\/tahto.com\/sv\/wp-json\/wp\/v2\/media\/13674"}],"wp:attachment":[{"href":"https:\/\/tahto.com\/sv\/wp-json\/wp\/v2\/media?parent=14595"}],"curies":[{"name":"wp","href":"https:\/\/api.w.org\/{rel}","templated":true}]}}