{"id":14388,"date":"2022-04-26T15:44:35","date_gmt":"2022-04-26T12:44:35","guid":{"rendered":"https:\/\/tahto.com\/vieraile-stadionilla\/"},"modified":"2026-01-05T14:50:14","modified_gmt":"2026-01-05T12:50:14","slug":"vieraile-stadionilla","status":"publish","type":"page","link":"https:\/\/tahto.com\/sv\/vieraile-stadionilla\/","title":{"rendered":"Bes\u00f6k stadion och Bistron"},"content":{"rendered":"\n<section class=\"block block-content-wrapper container-fluid theme-white\">\n    <div class=\"container\">\n        <div class=\"row\">\n            <div class=\"col-12 col-lg-8 offset-lg-2 col-hd-6 offset-hd-3\">\n                <main class=\"entry-content\">\n                    \n\n<h5 class=\"wp-block-heading\">Komplettera ditt museibes\u00f6k och bes\u00f6k \u00e4ven Olympiastadions torn<\/h5>\n\n\n\n<p><\/p>\n\n\n\n<p>KOMBIBILJETT TILL TAHTO OCH STADIONTORNET 20,50 \u20ac \/ 14,50 \u20ac \/ 9,50 \u20ac (kombibiljetten kan inte k\u00f6pas med kulturf\u00f6rm\u00e5ner)<\/p>\n\n\n\n<p><a href=\"https:\/\/www.stadion.fi\/sv\/besok-stadion\/besokarcenter\">Olympiastadions bes\u00f6karcenter<\/a> \u00e4r \u00f6ppet dagligen vid tornets fot. I bes\u00f6karcentret kan du fritt sl\u00e5 dig ner i Isku Lounge och njuta av stadionens unika atmosf\u00e4r.<\/p>\n\n\n\n<p>Fr\u00e5n bes\u00f6karcentret kan du bes\u00f6ka Olympiastadions m\u00f6tes- och idrottsanl\u00e4ggningar, stadiontornet och restaurang Bistro Stadion. I Olympiastadions nya restaurang kan du njuta av en lugn kaffestund eller lunch.<\/p>\n\n\n\n<p>Utforska den renoverade Olympiastadion p\u00e5 en guidad stadiontur, som \u00e4ven inkluderar intr\u00e4de och bes\u00f6k till Tahto. Boka turerna <a href=\"https:\/\/www.stadion.fi\/sv\/besok-stadion\/stadionrundvandring\">h\u00e4r<\/a>. Alla guidade stadionturer utg\u00e5r fr\u00e5n bes\u00f6kscentret.<\/p>\n\n\n\n<p>Olympiastadions bes\u00f6karcenter tel. 050 343 1619<\/p>\n\n\n\n<p><\/p>\n\n\n\n<figure class=\"wp-block-image size-full\"><img decoding=\"async\" width=\"640\" height=\"428\" src=\"https:\/\/tahto.com\/wp-content\/uploads\/2022\/09\/stadionin-yo.jpg\" alt=\"\" class=\"wp-image-5234\" srcset=\"https:\/\/tahto.com\/wp-content\/uploads\/2022\/09\/stadionin-yo.jpg 640w, https:\/\/tahto.com\/wp-content\/uploads\/2022\/09\/stadionin-yo-300x201.jpg 300w, https:\/\/tahto.com\/wp-content\/uploads\/2022\/09\/stadionin-yo-560x375.jpg 560w\" sizes=\"(max-width: 575px) 100vw, (max-width: 767px) 510px, (max-width: 991px) 290px, (max-width: 1199px) 530px, 640px\" \/><\/figure>\n\n\n                <\/main>\n            <\/div>\n        <\/div>\n    <\/div>\n<\/section>\n\n\n<section class=\"block block-content-wrapper container-fluid theme-white\">\n    <div class=\"container\">\n        <div class=\"row\">\n            <div class=\"col-12 col-lg-8 offset-lg-2 col-hd-6 offset-hd-3\">\n                <main class=\"entry-content\">\n                    \n\n<h5 class=\"wp-block-heading\">Bistro stadion<\/h5>\n\n\n\n<p>Bistro Stadion \u00e4r hj\u00e4rtat av den nya dj\u00e4rva Olympiastadion. Det pulserar mitt i en varm, avslappnad, rak funkarkitektur och erbjuder smakupplevelser f\u00f6r en m\u00e4ngd m\u00f6ten och m\u00f6ten.<\/p>\n\n\n\n<p>Bistro Stadion matfilosofi bygger p\u00e5 nordiska smak, kompletterat med internationell mat. Kom och \u00e4ta lunch, s\u00e4tt dig ner f\u00f6r en kopp kaffe en dag eller k\u00f6p ett mellanm\u00e5l \u2013 Bistro Stadion ger dig energi mitt p\u00e5 dagen!<\/p>\n\n\n\n<p>Bistro \u00e4r \u00f6ppet:<br><strong>m\u00e5n-tis klo 11:00-19:00<\/strong><br><strong>ons-fre 11:00-21:00<\/strong><br><strong>l\u00f6r klo 11:00-17:00 <\/strong><\/p>\n\n\n\n<p><\/p>\n\n\n\n<p><a href=\"https:\/\/www.stadion.fi\/sv\/node\/370\" target=\"_blank\" rel=\"noreferrer noopener\">Avvikande \u00f6ppettider<\/a><\/p>\n\n\n\n<h5 class=\"wp-block-heading\">Kontaktinformation<\/h5>\n\n\n\n<p>ravintolamyynti.stadion@compass-group-fs.com,<\/p>\n\n\n\n<p>tel. 010 729 6710.<\/p>\n\n\n\n<figure class=\"wp-block-image size-large\"><img decoding=\"async\" width=\"1024\" height=\"683\" src=\"https:\/\/tahto.com\/wp-content\/uploads\/2022\/06\/Bistro-Stadion-6-NETTIKUVA-1024x683.jpg\" alt=\"\" class=\"wp-image-3227\" srcset=\"https:\/\/tahto.com\/wp-content\/uploads\/2022\/06\/Bistro-Stadion-6-NETTIKUVA-1024x683.jpg 1024w, https:\/\/tahto.com\/wp-content\/uploads\/2022\/06\/Bistro-Stadion-6-NETTIKUVA-300x200.jpg 300w, https:\/\/tahto.com\/wp-content\/uploads\/2022\/06\/Bistro-Stadion-6-NETTIKUVA-768x512.jpg 768w, https:\/\/tahto.com\/wp-content\/uploads\/2022\/06\/Bistro-Stadion-6-NETTIKUVA-1536x1024.jpg 1536w, https:\/\/tahto.com\/wp-content\/uploads\/2022\/06\/Bistro-Stadion-6-NETTIKUVA-1920x1280.jpg 1920w, https:\/\/tahto.com\/wp-content\/uploads\/2022\/06\/Bistro-Stadion-6-NETTIKUVA-560x373.jpg 560w, https:\/\/tahto.com\/wp-content\/uploads\/2022\/06\/Bistro-Stadion-6-NETTIKUVA.jpg 2048w\" sizes=\"(max-width: 575px) 100vw, (max-width: 767px) 510px, (max-width: 991px) 290px, (max-width: 1199px) 530px, 840px\" \/><figcaption class=\"wp-element-caption\">Bistro Stadion. Bild: Wellu H\u00e4m\u00e4l\u00e4inen.<\/figcaption><\/figure>\n\n\n                <\/main>\n            <\/div>\n        <\/div>\n    <\/div>\n<\/section>","protected":false},"excerpt":{"rendered":"","protected":false},"author":1,"featured_media":5234,"parent":0,"menu_order":0,"comment_status":"closed","ping_status":"closed","template":"","meta":{"_acf_changed":false,"_relevanssi_hide_post":"","_relevanssi_hide_content":"","_relevanssi_pin_for_all":"","_relevanssi_pin_keywords":"","_relevanssi_unpin_keywords":"","_relevanssi_related_keywords":"","_relevanssi_related_include_ids":"","_relevanssi_related_exclude_ids":"","_relevanssi_related_no_append":"","_relevanssi_related_not_related":"","_relevanssi_related_posts":"10980,5719,6395,10708,12135,13295","_relevanssi_noindex_reason":"","_improvement_type_select":"improve_an_existing","_thumb_yes_seoaic":false,"_frame_yes_seoaic":false,"seoaic_generate_description":"","seoaic_improve_instructions_prompt":"","seoaic_rollback_content_improvement":"","seoaic_idea_thumbnail_generator":"","thumbnail_generated":false,"thumbnail_generate_prompt":"","seoaic_article_description":"","footnotes":""},"class_list":["post-14388","page","type-page","status-publish","has-post-thumbnail","hentry"],"acf":[],"yoast_head":"<!-- This site is optimized with the Yoast SEO plugin v27.4 - https:\/\/yoast.com\/product\/yoast-seo-wordpress\/ -->\n<title>Bes\u00f6k stadion och Bistron - Tahto<\/title>\n<meta name=\"description\" content=\"Bes\u00f6k Olympiastadion och Bistron. K\u00f6p kombibiljet till TAHTO och stadiontornet.\" \/>\n<meta name=\"robots\" content=\"index, follow, max-snippet:-1, max-image-preview:large, max-video-preview:-1\" \/>\n<link rel=\"canonical\" href=\"https:\/\/tahto.com\/sv\/vieraile-stadionilla\/\" \/>\n<meta property=\"og:locale\" content=\"sv_SE\" \/>\n<meta property=\"og:type\" content=\"article\" \/>\n<meta property=\"og:title\" content=\"Bes\u00f6k stadion och Bistron - Tahto\" \/>\n<meta property=\"og:description\" content=\"Bes\u00f6k Olympiastadion och Bistron. K\u00f6p kombibiljet till TAHTO och stadiontornet.\" \/>\n<meta property=\"og:url\" content=\"https:\/\/tahto.com\/sv\/vieraile-stadionilla\/\" \/>\n<meta property=\"og:site_name\" content=\"Tahto\" \/>\n<meta property=\"article:modified_time\" content=\"2026-01-05T12:50:14+00:00\" \/>\n<meta property=\"og:image\" content=\"https:\/\/tahto.com\/wp-content\/uploads\/2022\/09\/stadionin-yo.jpg\" \/>\n\t<meta property=\"og:image:width\" content=\"640\" \/>\n\t<meta property=\"og:image:height\" content=\"428\" \/>\n\t<meta property=\"og:image:type\" content=\"image\/jpeg\" \/>\n<meta name=\"twitter:card\" content=\"summary_large_image\" \/>\n<meta name=\"twitter:label1\" content=\"Ber\u00e4knad l\u00e4stid\" \/>\n\t<meta name=\"twitter:data1\" content=\"4 minuter\" \/>\n<script type=\"application\/ld+json\" class=\"yoast-schema-graph\">{\"@context\":\"https:\\\/\\\/schema.org\",\"@graph\":[{\"@type\":\"WebPage\",\"@id\":\"https:\\\/\\\/tahto.com\\\/sv\\\/vieraile-stadionilla\\\/\",\"url\":\"https:\\\/\\\/tahto.com\\\/sv\\\/vieraile-stadionilla\\\/\",\"name\":\"Bes\u00f6k stadion och Bistron - Tahto\",\"isPartOf\":{\"@id\":\"https:\\\/\\\/tahto.com\\\/#website\"},\"primaryImageOfPage\":{\"@id\":\"https:\\\/\\\/tahto.com\\\/sv\\\/vieraile-stadionilla\\\/#primaryimage\"},\"image\":{\"@id\":\"https:\\\/\\\/tahto.com\\\/sv\\\/vieraile-stadionilla\\\/#primaryimage\"},\"thumbnailUrl\":\"https:\\\/\\\/tahto.com\\\/wp-content\\\/uploads\\\/2022\\\/09\\\/stadionin-yo.jpg\",\"datePublished\":\"2022-04-26T12:44:35+00:00\",\"dateModified\":\"2026-01-05T12:50:14+00:00\",\"description\":\"Bes\u00f6k Olympiastadion och Bistron. K\u00f6p kombibiljet till TAHTO och stadiontornet.\",\"inLanguage\":\"sv-SE\",\"potentialAction\":[{\"@type\":\"ReadAction\",\"target\":[\"https:\\\/\\\/tahto.com\\\/sv\\\/vieraile-stadionilla\\\/\"]}]},{\"@type\":\"ImageObject\",\"inLanguage\":\"sv-SE\",\"@id\":\"https:\\\/\\\/tahto.com\\\/sv\\\/vieraile-stadionilla\\\/#primaryimage\",\"url\":\"https:\\\/\\\/tahto.com\\\/wp-content\\\/uploads\\\/2022\\\/09\\\/stadionin-yo.jpg\",\"contentUrl\":\"https:\\\/\\\/tahto.com\\\/wp-content\\\/uploads\\\/2022\\\/09\\\/stadionin-yo.jpg\",\"width\":640,\"height\":428},{\"@type\":\"WebSite\",\"@id\":\"https:\\\/\\\/tahto.com\\\/#website\",\"url\":\"https:\\\/\\\/tahto.com\\\/\",\"name\":\"Tahto\",\"description\":\"Uusi urheilumuseo\",\"publisher\":{\"@id\":\"https:\\\/\\\/tahto.com\\\/#organization\"},\"potentialAction\":[{\"@type\":\"SearchAction\",\"target\":{\"@type\":\"EntryPoint\",\"urlTemplate\":\"https:\\\/\\\/tahto.com\\\/?s={search_term_string}\"},\"query-input\":{\"@type\":\"PropertyValueSpecification\",\"valueRequired\":true,\"valueName\":\"search_term_string\"}}],\"inLanguage\":\"sv-SE\"},{\"@type\":\"Organization\",\"@id\":\"https:\\\/\\\/tahto.com\\\/#organization\",\"name\":\"Tahto\",\"url\":\"https:\\\/\\\/tahto.com\\\/\",\"logo\":{\"@type\":\"ImageObject\",\"inLanguage\":\"sv-SE\",\"@id\":\"https:\\\/\\\/tahto.com\\\/#\\\/schema\\\/logo\\\/image\\\/\",\"url\":\"https:\\\/\\\/tahto.com\\\/wp-content\\\/uploads\\\/2022\\\/05\\\/cropped-Favicon-Tahto-1.png\",\"contentUrl\":\"https:\\\/\\\/tahto.com\\\/wp-content\\\/uploads\\\/2022\\\/05\\\/cropped-Favicon-Tahto-1.png\",\"width\":240,\"height\":240,\"caption\":\"Tahto\"},\"image\":{\"@id\":\"https:\\\/\\\/tahto.com\\\/#\\\/schema\\\/logo\\\/image\\\/\"}}]}<\/script>\n<!-- \/ Yoast SEO plugin. -->","yoast_head_json":{"title":"Bes\u00f6k stadion och Bistron - Tahto","description":"Bes\u00f6k Olympiastadion och Bistron. K\u00f6p kombibiljet till TAHTO och stadiontornet.","robots":{"index":"index","follow":"follow","max-snippet":"max-snippet:-1","max-image-preview":"max-image-preview:large","max-video-preview":"max-video-preview:-1"},"canonical":"https:\/\/tahto.com\/sv\/vieraile-stadionilla\/","og_locale":"sv_SE","og_type":"article","og_title":"Bes\u00f6k stadion och Bistron - Tahto","og_description":"Bes\u00f6k Olympiastadion och Bistron. K\u00f6p kombibiljet till TAHTO och stadiontornet.","og_url":"https:\/\/tahto.com\/sv\/vieraile-stadionilla\/","og_site_name":"Tahto","article_modified_time":"2026-01-05T12:50:14+00:00","og_image":[{"width":640,"height":428,"url":"https:\/\/tahto.com\/wp-content\/uploads\/2022\/09\/stadionin-yo.jpg","type":"image\/jpeg"}],"twitter_card":"summary_large_image","twitter_misc":{"Ber\u00e4knad l\u00e4stid":"4 minuter"},"schema":{"@context":"https:\/\/schema.org","@graph":[{"@type":"WebPage","@id":"https:\/\/tahto.com\/sv\/vieraile-stadionilla\/","url":"https:\/\/tahto.com\/sv\/vieraile-stadionilla\/","name":"Bes\u00f6k stadion och Bistron - Tahto","isPartOf":{"@id":"https:\/\/tahto.com\/#website"},"primaryImageOfPage":{"@id":"https:\/\/tahto.com\/sv\/vieraile-stadionilla\/#primaryimage"},"image":{"@id":"https:\/\/tahto.com\/sv\/vieraile-stadionilla\/#primaryimage"},"thumbnailUrl":"https:\/\/tahto.com\/wp-content\/uploads\/2022\/09\/stadionin-yo.jpg","datePublished":"2022-04-26T12:44:35+00:00","dateModified":"2026-01-05T12:50:14+00:00","description":"Bes\u00f6k Olympiastadion och Bistron. K\u00f6p kombibiljet till TAHTO och stadiontornet.","inLanguage":"sv-SE","potentialAction":[{"@type":"ReadAction","target":["https:\/\/tahto.com\/sv\/vieraile-stadionilla\/"]}]},{"@type":"ImageObject","inLanguage":"sv-SE","@id":"https:\/\/tahto.com\/sv\/vieraile-stadionilla\/#primaryimage","url":"https:\/\/tahto.com\/wp-content\/uploads\/2022\/09\/stadionin-yo.jpg","contentUrl":"https:\/\/tahto.com\/wp-content\/uploads\/2022\/09\/stadionin-yo.jpg","width":640,"height":428},{"@type":"WebSite","@id":"https:\/\/tahto.com\/#website","url":"https:\/\/tahto.com\/","name":"Tahto","description":"Uusi urheilumuseo","publisher":{"@id":"https:\/\/tahto.com\/#organization"},"potentialAction":[{"@type":"SearchAction","target":{"@type":"EntryPoint","urlTemplate":"https:\/\/tahto.com\/?s={search_term_string}"},"query-input":{"@type":"PropertyValueSpecification","valueRequired":true,"valueName":"search_term_string"}}],"inLanguage":"sv-SE"},{"@type":"Organization","@id":"https:\/\/tahto.com\/#organization","name":"Tahto","url":"https:\/\/tahto.com\/","logo":{"@type":"ImageObject","inLanguage":"sv-SE","@id":"https:\/\/tahto.com\/#\/schema\/logo\/image\/","url":"https:\/\/tahto.com\/wp-content\/uploads\/2022\/05\/cropped-Favicon-Tahto-1.png","contentUrl":"https:\/\/tahto.com\/wp-content\/uploads\/2022\/05\/cropped-Favicon-Tahto-1.png","width":240,"height":240,"caption":"Tahto"},"image":{"@id":"https:\/\/tahto.com\/#\/schema\/logo\/image\/"}}]}},"_links":{"self":[{"href":"https:\/\/tahto.com\/sv\/wp-json\/wp\/v2\/pages\/14388","targetHints":{"allow":["GET"]}}],"collection":[{"href":"https:\/\/tahto.com\/sv\/wp-json\/wp\/v2\/pages"}],"about":[{"href":"https:\/\/tahto.com\/sv\/wp-json\/wp\/v2\/types\/page"}],"author":[{"embeddable":true,"href":"https:\/\/tahto.com\/sv\/wp-json\/wp\/v2\/users\/1"}],"replies":[{"embeddable":true,"href":"https:\/\/tahto.com\/sv\/wp-json\/wp\/v2\/comments?post=14388"}],"version-history":[{"count":5,"href":"https:\/\/tahto.com\/sv\/wp-json\/wp\/v2\/pages\/14388\/revisions"}],"predecessor-version":[{"id":17755,"href":"https:\/\/tahto.com\/sv\/wp-json\/wp\/v2\/pages\/14388\/revisions\/17755"}],"wp:featuredmedia":[{"embeddable":true,"href":"https:\/\/tahto.com\/sv\/wp-json\/wp\/v2\/media\/5234"}],"wp:attachment":[{"href":"https:\/\/tahto.com\/sv\/wp-json\/wp\/v2\/media?parent=14388"}],"curies":[{"name":"wp","href":"https:\/\/api.w.org\/{rel}","templated":true}]}}