{"id":14325,"date":"2024-11-19T15:33:17","date_gmt":"2024-11-19T13:33:17","guid":{"rendered":"https:\/\/tahto.com\/liikuntaseikkailu\/"},"modified":"2025-12-30T14:47:22","modified_gmt":"2025-12-30T12:47:22","slug":"liikuntaseikkailu","status":"publish","type":"page","link":"https:\/\/tahto.com\/sv\/liikuntaseikkailu\/","title":{"rendered":"Motions\u00e4ventyr"},"content":{"rendered":"\n<section class=\"block block-content-wrapper container-fluid theme-white\">\n    <div class=\"container\">\n        <div class=\"row\">\n            <div class=\"col-12 col-lg-8 offset-lg-2 col-hd-6 offset-hd-3\">\n                <main class=\"entry-content\">\n                    \n\n<figure class=\"wp-block-image size-large\"><img decoding=\"async\" width=\"1024\" height=\"301\" src=\"https:\/\/tahto.com\/wp-content\/uploads\/2024\/11\/LK_logo-1-1024x301.jpg\" alt=\"\" class=\"wp-image-13025\" srcset=\"https:\/\/tahto.com\/wp-content\/uploads\/2024\/11\/LK_logo-1-1024x301.jpg 1024w, https:\/\/tahto.com\/wp-content\/uploads\/2024\/11\/LK_logo-1-300x88.jpg 300w, https:\/\/tahto.com\/wp-content\/uploads\/2024\/11\/LK_logo-1-768x226.jpg 768w, https:\/\/tahto.com\/wp-content\/uploads\/2024\/11\/LK_logo-1-1536x452.jpg 1536w, https:\/\/tahto.com\/wp-content\/uploads\/2024\/11\/LK_logo-1-1920x565.jpg 1920w, https:\/\/tahto.com\/wp-content\/uploads\/2024\/11\/LK_logo-1-560x165.jpg 560w, https:\/\/tahto.com\/wp-content\/uploads\/2024\/11\/LK_logo-1.jpg 2008w\" sizes=\"(max-width: 575px) 100vw, (max-width: 767px) 510px, (max-width: 991px) 290px, (max-width: 1199px) 530px, 840px\" \/><\/figure>\n\n\n\n<h6 class=\"wp-block-heading\"><strong>TAHTO inbjuder dig att delta i \u00e4ventyret!<\/strong><\/h6>\n\n\n\n<p>Idrotts- och motionskulturcentret TAHTO har utvecklat en ny nationell idrottspedagogisk upplevelse som unikt kombinerar r\u00f6relsegl\u00e4dje och idrottskultur.<\/p>\n\n\n\n<p>Den funktionella v\u00e4rlden som byggts i museets lokaler hj\u00e4lper och inspirerar barn, ungdomar och vuxna att hitta sin egen relation till motion. Kom med och r\u00f6r p\u00e5 dig, l\u00e4r dig och uppt\u00e4ck!<\/p>\n\n\n\n<p>TAHTO Motions\u00e4ventyr \u00e4r \u00f6ppet f\u00f6r alla bes\u00f6kare, f\u00f6rutom de timmar som \u00e4r reserverade f\u00f6r skolklasser under skoldagar. <strong>Grupper endast med f\u00f6rhandsbokning!<\/strong><\/p>\n\n\n\n<div class=\"wp-block-button\"><a class=\"wp-block-button__link has-orange-background-color has-background wp-element-button\" href=\"https:\/\/tahto.com\/sv\/liikuntaseikkailu\/liikuntaseikkailu-mika-on-liikuntaseikkailu\/\">VAD \u00c4R TAHTO MOTIONS\u00c4VENTYR?<\/a><\/div>\n\n\n\n<p><\/p>\n\n\n\n<div class=\"wp-block-button\"><a class=\"wp-block-button__link has-black-color has-orange-background-color has-text-color has-background has-link-color wp-element-button\" href=\"https:\/\/tahto.com\/sv\/liikuntaseikkailu\/liikuntaseikkailu-koko-perhe-liikkuu\/\">ETT \u00c4VENTYR F\u00d6R HELA FAMILJEN<\/a><\/div>\n\n\n\n<p><\/p>\n\n\n\n<div class=\"wp-block-button\"><a class=\"wp-block-button__link has-orange-background-color has-background wp-element-button\" href=\"https:\/\/tahto.com\/sv\/liikuntaseikkailu\/opettajille\/\">KLASSERNA MED &#8211; INSTRUKTONER F\u00d6R L\u00c4RAREN<\/a><\/div>\n\n\n\n<p><\/p>\n\n\n\n<p>Grundfinansieringen av TAHTO Motions\u00e4ventyr har f\u00e5tt st\u00f6d fr\u00e5n samh\u00e4llsakt\u00f6rer, f\u00f6retag och stiftelser. Finansieringen av pilotfasen st\u00f6ddes av Finlands undervisnings- och kulturministeriums program Finland i r\u00f6relse, Jane och Aatos Erkkos stiftelse, TAHTOs l\u00e5ngvariga f\u00f6retags samarbetspartner Luhta samt L\u00e4hiTapiola med sin donation.<\/p>\n\n\n\n<div class=\"wp-block-button\"><a class=\"wp-block-button__link has-orange-background-color has-background wp-element-button\">BLI PARTNER TILL TAHTO MOTIONS\u00c4VERNTYR<\/a><\/div>\n\n\n\n<p><\/p>\n\n\n\n<figure class=\"wp-block-image size-large\"><img decoding=\"async\" width=\"1024\" height=\"683\" src=\"https:\/\/tahto.com\/wp-content\/uploads\/2024\/12\/TAHTO2024-017-photo-KekeLeppala-4000px-1024x683.jpg\" alt=\"\" class=\"wp-image-13662\" srcset=\"https:\/\/tahto.com\/wp-content\/uploads\/2024\/12\/TAHTO2024-017-photo-KekeLeppala-4000px-1024x683.jpg 1024w, https:\/\/tahto.com\/wp-content\/uploads\/2024\/12\/TAHTO2024-017-photo-KekeLeppala-4000px-300x200.jpg 300w, https:\/\/tahto.com\/wp-content\/uploads\/2024\/12\/TAHTO2024-017-photo-KekeLeppala-4000px-768x512.jpg 768w, https:\/\/tahto.com\/wp-content\/uploads\/2024\/12\/TAHTO2024-017-photo-KekeLeppala-4000px-1536x1025.jpg 1536w, https:\/\/tahto.com\/wp-content\/uploads\/2024\/12\/TAHTO2024-017-photo-KekeLeppala-4000px-2048x1366.jpg 2048w, https:\/\/tahto.com\/wp-content\/uploads\/2024\/12\/TAHTO2024-017-photo-KekeLeppala-4000px-1920x1281.jpg 1920w, https:\/\/tahto.com\/wp-content\/uploads\/2024\/12\/TAHTO2024-017-photo-KekeLeppala-4000px-560x374.jpg 560w\" sizes=\"(max-width: 575px) 100vw, (max-width: 767px) 510px, (max-width: 991px) 290px, (max-width: 1199px) 530px, 840px\" \/><figcaption class=\"wp-element-caption\">TAHTO Motions\u00e4ventyr erbjuder mycket roligt f\u00f6r hela familjen.<\/figcaption><\/figure>\n\n\n                <\/main>\n            <\/div>\n        <\/div>\n    <\/div>\n<\/section>","protected":false},"excerpt":{"rendered":"","protected":false},"author":14,"featured_media":13664,"parent":0,"menu_order":0,"comment_status":"closed","ping_status":"closed","template":"","meta":{"_acf_changed":false,"_relevanssi_hide_post":"","_relevanssi_hide_content":"","_relevanssi_pin_for_all":"","_relevanssi_pin_keywords":"","_relevanssi_unpin_keywords":"","_relevanssi_related_keywords":"","_relevanssi_related_include_ids":"","_relevanssi_related_exclude_ids":"","_relevanssi_related_no_append":"","_relevanssi_related_not_related":"","_relevanssi_related_posts":"6952,7360,7639,11642,7078,7882","_relevanssi_noindex_reason":"","_improvement_type_select":"improve_an_existing","_thumb_yes_seoaic":false,"_frame_yes_seoaic":false,"seoaic_generate_description":"","seoaic_improve_instructions_prompt":"","seoaic_rollback_content_improvement":"","seoaic_idea_thumbnail_generator":"","thumbnail_generated":false,"thumbnail_generate_prompt":"","seoaic_article_description":"","footnotes":""},"class_list":["post-14325","page","type-page","status-publish","has-post-thumbnail","hentry"],"acf":[],"yoast_head":"<!-- This site is optimized with the Yoast SEO plugin v27.1.1 - https:\/\/yoast.com\/product\/yoast-seo-wordpress\/ -->\n<title>Motions\u00e4ventyr - Tahto<\/title>\n<meta name=\"description\" content=\"TAHTO har utvecklat en ny nationell idrottspedagogisk upplevelse som unikt kombinerar r\u00f6relsegl\u00e4dje och idrottskultur.\" \/>\n<meta name=\"robots\" content=\"index, follow, max-snippet:-1, max-image-preview:large, max-video-preview:-1\" \/>\n<link rel=\"canonical\" href=\"https:\/\/tahto.com\/sv\/liikuntaseikkailu\/\" \/>\n<meta property=\"og:locale\" content=\"sv_SE\" \/>\n<meta property=\"og:type\" content=\"article\" \/>\n<meta property=\"og:title\" content=\"Motions\u00e4ventyr - Tahto\" \/>\n<meta property=\"og:description\" content=\"TAHTO har utvecklat en ny nationell idrottspedagogisk upplevelse som unikt kombinerar r\u00f6relsegl\u00e4dje och idrottskultur.\" \/>\n<meta property=\"og:url\" content=\"https:\/\/tahto.com\/sv\/liikuntaseikkailu\/\" \/>\n<meta property=\"og:site_name\" content=\"Tahto\" \/>\n<meta property=\"article:modified_time\" content=\"2025-12-30T12:47:22+00:00\" \/>\n<meta property=\"og:image\" content=\"https:\/\/tahto.com\/wp-content\/uploads\/2024\/12\/TAHTO2024-017-photo-KekeLeppala-4000px-scaled.jpg\" \/>\n\t<meta property=\"og:image:width\" content=\"2560\" \/>\n\t<meta property=\"og:image:height\" content=\"1708\" \/>\n\t<meta property=\"og:image:type\" content=\"image\/jpeg\" \/>\n<meta name=\"twitter:card\" content=\"summary_large_image\" \/>\n<meta name=\"twitter:label1\" content=\"Ber\u00e4knad l\u00e4stid\" \/>\n\t<meta name=\"twitter:data1\" content=\"3 minuter\" \/>\n<script type=\"application\/ld+json\" class=\"yoast-schema-graph\">{\"@context\":\"https:\/\/schema.org\",\"@graph\":[{\"@type\":\"WebPage\",\"@id\":\"https:\/\/tahto.com\/sv\/liikuntaseikkailu\/\",\"url\":\"https:\/\/tahto.com\/sv\/liikuntaseikkailu\/\",\"name\":\"Motions\u00e4ventyr - Tahto\",\"isPartOf\":{\"@id\":\"https:\/\/tahto.com\/#website\"},\"primaryImageOfPage\":{\"@id\":\"https:\/\/tahto.com\/sv\/liikuntaseikkailu\/#primaryimage\"},\"image\":{\"@id\":\"https:\/\/tahto.com\/sv\/liikuntaseikkailu\/#primaryimage\"},\"thumbnailUrl\":\"https:\/\/tahto.com\/wp-content\/uploads\/2024\/12\/TAHTO2024-017-photo-KekeLeppala-4000px-scaled.jpg\",\"datePublished\":\"2024-11-19T13:33:17+00:00\",\"dateModified\":\"2025-12-30T12:47:22+00:00\",\"description\":\"TAHTO har utvecklat en ny nationell idrottspedagogisk upplevelse som unikt kombinerar r\u00f6relsegl\u00e4dje och idrottskultur.\",\"inLanguage\":\"sv-SE\",\"potentialAction\":[{\"@type\":\"ReadAction\",\"target\":[\"https:\/\/tahto.com\/sv\/liikuntaseikkailu\/\"]}]},{\"@type\":\"ImageObject\",\"inLanguage\":\"sv-SE\",\"@id\":\"https:\/\/tahto.com\/sv\/liikuntaseikkailu\/#primaryimage\",\"url\":\"https:\/\/tahto.com\/wp-content\/uploads\/2024\/12\/TAHTO2024-017-photo-KekeLeppala-4000px-scaled.jpg\",\"contentUrl\":\"https:\/\/tahto.com\/wp-content\/uploads\/2024\/12\/TAHTO2024-017-photo-KekeLeppala-4000px-scaled.jpg\",\"width\":2560,\"height\":1708,\"caption\":\"TAHDON Liikuntaseikkailusta l\u00f6ytyy paljon mukavaa tekemist\u00e4 koko perheelle.\"},{\"@type\":\"WebSite\",\"@id\":\"https:\/\/tahto.com\/#website\",\"url\":\"https:\/\/tahto.com\/\",\"name\":\"Tahto\",\"description\":\"Uusi urheilumuseo\",\"publisher\":{\"@id\":\"https:\/\/tahto.com\/#organization\"},\"potentialAction\":[{\"@type\":\"SearchAction\",\"target\":{\"@type\":\"EntryPoint\",\"urlTemplate\":\"https:\/\/tahto.com\/?s={search_term_string}\"},\"query-input\":{\"@type\":\"PropertyValueSpecification\",\"valueRequired\":true,\"valueName\":\"search_term_string\"}}],\"inLanguage\":\"sv-SE\"},{\"@type\":\"Organization\",\"@id\":\"https:\/\/tahto.com\/#organization\",\"name\":\"Tahto\",\"url\":\"https:\/\/tahto.com\/\",\"logo\":{\"@type\":\"ImageObject\",\"inLanguage\":\"sv-SE\",\"@id\":\"https:\/\/tahto.com\/#\/schema\/logo\/image\/\",\"url\":\"https:\/\/tahto.com\/wp-content\/uploads\/2022\/05\/cropped-Favicon-Tahto-1.png\",\"contentUrl\":\"https:\/\/tahto.com\/wp-content\/uploads\/2022\/05\/cropped-Favicon-Tahto-1.png\",\"width\":240,\"height\":240,\"caption\":\"Tahto\"},\"image\":{\"@id\":\"https:\/\/tahto.com\/#\/schema\/logo\/image\/\"}}]}<\/script>\n<!-- \/ Yoast SEO plugin. -->","yoast_head_json":{"title":"Motions\u00e4ventyr - Tahto","description":"TAHTO har utvecklat en ny nationell idrottspedagogisk upplevelse som unikt kombinerar r\u00f6relsegl\u00e4dje och idrottskultur.","robots":{"index":"index","follow":"follow","max-snippet":"max-snippet:-1","max-image-preview":"max-image-preview:large","max-video-preview":"max-video-preview:-1"},"canonical":"https:\/\/tahto.com\/sv\/liikuntaseikkailu\/","og_locale":"sv_SE","og_type":"article","og_title":"Motions\u00e4ventyr - Tahto","og_description":"TAHTO har utvecklat en ny nationell idrottspedagogisk upplevelse som unikt kombinerar r\u00f6relsegl\u00e4dje och idrottskultur.","og_url":"https:\/\/tahto.com\/sv\/liikuntaseikkailu\/","og_site_name":"Tahto","article_modified_time":"2025-12-30T12:47:22+00:00","og_image":[{"width":2560,"height":1708,"url":"https:\/\/tahto.com\/wp-content\/uploads\/2024\/12\/TAHTO2024-017-photo-KekeLeppala-4000px-scaled.jpg","type":"image\/jpeg"}],"twitter_card":"summary_large_image","twitter_misc":{"Ber\u00e4knad l\u00e4stid":"3 minuter"},"schema":{"@context":"https:\/\/schema.org","@graph":[{"@type":"WebPage","@id":"https:\/\/tahto.com\/sv\/liikuntaseikkailu\/","url":"https:\/\/tahto.com\/sv\/liikuntaseikkailu\/","name":"Motions\u00e4ventyr - Tahto","isPartOf":{"@id":"https:\/\/tahto.com\/#website"},"primaryImageOfPage":{"@id":"https:\/\/tahto.com\/sv\/liikuntaseikkailu\/#primaryimage"},"image":{"@id":"https:\/\/tahto.com\/sv\/liikuntaseikkailu\/#primaryimage"},"thumbnailUrl":"https:\/\/tahto.com\/wp-content\/uploads\/2024\/12\/TAHTO2024-017-photo-KekeLeppala-4000px-scaled.jpg","datePublished":"2024-11-19T13:33:17+00:00","dateModified":"2025-12-30T12:47:22+00:00","description":"TAHTO har utvecklat en ny nationell idrottspedagogisk upplevelse som unikt kombinerar r\u00f6relsegl\u00e4dje och idrottskultur.","inLanguage":"sv-SE","potentialAction":[{"@type":"ReadAction","target":["https:\/\/tahto.com\/sv\/liikuntaseikkailu\/"]}]},{"@type":"ImageObject","inLanguage":"sv-SE","@id":"https:\/\/tahto.com\/sv\/liikuntaseikkailu\/#primaryimage","url":"https:\/\/tahto.com\/wp-content\/uploads\/2024\/12\/TAHTO2024-017-photo-KekeLeppala-4000px-scaled.jpg","contentUrl":"https:\/\/tahto.com\/wp-content\/uploads\/2024\/12\/TAHTO2024-017-photo-KekeLeppala-4000px-scaled.jpg","width":2560,"height":1708,"caption":"TAHDON Liikuntaseikkailusta l\u00f6ytyy paljon mukavaa tekemist\u00e4 koko perheelle."},{"@type":"WebSite","@id":"https:\/\/tahto.com\/#website","url":"https:\/\/tahto.com\/","name":"Tahto","description":"Uusi urheilumuseo","publisher":{"@id":"https:\/\/tahto.com\/#organization"},"potentialAction":[{"@type":"SearchAction","target":{"@type":"EntryPoint","urlTemplate":"https:\/\/tahto.com\/?s={search_term_string}"},"query-input":{"@type":"PropertyValueSpecification","valueRequired":true,"valueName":"search_term_string"}}],"inLanguage":"sv-SE"},{"@type":"Organization","@id":"https:\/\/tahto.com\/#organization","name":"Tahto","url":"https:\/\/tahto.com\/","logo":{"@type":"ImageObject","inLanguage":"sv-SE","@id":"https:\/\/tahto.com\/#\/schema\/logo\/image\/","url":"https:\/\/tahto.com\/wp-content\/uploads\/2022\/05\/cropped-Favicon-Tahto-1.png","contentUrl":"https:\/\/tahto.com\/wp-content\/uploads\/2022\/05\/cropped-Favicon-Tahto-1.png","width":240,"height":240,"caption":"Tahto"},"image":{"@id":"https:\/\/tahto.com\/#\/schema\/logo\/image\/"}}]}},"_links":{"self":[{"href":"https:\/\/tahto.com\/sv\/wp-json\/wp\/v2\/pages\/14325","targetHints":{"allow":["GET"]}}],"collection":[{"href":"https:\/\/tahto.com\/sv\/wp-json\/wp\/v2\/pages"}],"about":[{"href":"https:\/\/tahto.com\/sv\/wp-json\/wp\/v2\/types\/page"}],"author":[{"embeddable":true,"href":"https:\/\/tahto.com\/sv\/wp-json\/wp\/v2\/users\/14"}],"replies":[{"embeddable":true,"href":"https:\/\/tahto.com\/sv\/wp-json\/wp\/v2\/comments?post=14325"}],"version-history":[{"count":15,"href":"https:\/\/tahto.com\/sv\/wp-json\/wp\/v2\/pages\/14325\/revisions"}],"predecessor-version":[{"id":17718,"href":"https:\/\/tahto.com\/sv\/wp-json\/wp\/v2\/pages\/14325\/revisions\/17718"}],"wp:featuredmedia":[{"embeddable":true,"href":"https:\/\/tahto.com\/sv\/wp-json\/wp\/v2\/media\/13664"}],"wp:attachment":[{"href":"https:\/\/tahto.com\/sv\/wp-json\/wp\/v2\/media?parent=14325"}],"curies":[{"name":"wp","href":"https:\/\/api.w.org\/{rel}","templated":true}]}}