{"id":12769,"date":"2024-10-15T11:03:04","date_gmt":"2024-10-15T08:03:04","guid":{"rendered":"https:\/\/tahto.com\/tilavuokraus-2-2\/"},"modified":"2025-01-13T14:26:41","modified_gmt":"2025-01-13T12:26:41","slug":"tilavuokraus-2-2","status":"publish","type":"page","link":"https:\/\/tahto.com\/sv\/tilavuokraus-2-2\/","title":{"rendered":"Utrymmesuthyrning"},"content":{"rendered":"\n\n\n<section\n    class=\"block block-hero container-fluid theme-blue block-hero-mobile-no-bottom-padding\">\n    <div class=\"container\">\n        <div class=\"row block-hero-row\">\n            <div class=\"col-12 col-lg-6 text-content\">\n                <main class=\"entry-content\">\n                    \n\n<h1 class=\"wp-block-heading\">ANNORLUNDA M\u00d6TESDAG I TAHTO<\/h1>\n\n\n\n<p>Idrotts- och motionskulturcentret Tahtos faciliteter erbjuder ett intressant alternativ f\u00f6r att arrangera m\u00f6ten eller en kv\u00e4llsfest f\u00f6r f\u00f6retaget. B\u00e5de m\u00f6tes- och utst\u00e4llningsutrymmen kan hyras och de l\u00e4mpar sig \u00e4ven f\u00f6r r\u00f6relsehindrade.<\/p>\n\n\n                <\/main>\n            <\/div>\n                        <div class=\"col-12 col-lg-6 image-spacer\">\n                <div class=\"hero-image full-width-md-down\" role=\"presentation\"\n                    style=\"background-image: url('https:\/\/tahto.com\/wp-content\/themes\/urheilumuseo\/dist\/images\/hero-theme-blue.svg')\">\n                <\/div>\n            <\/div>\n                    <\/div>\n    <\/div>\n<\/section>\n\n\n<section class=\"block block-content-wrapper container-fluid theme-orange\">\n    <div class=\"container\">\n        <div class=\"row\">\n            <div class=\"col-12 col-lg-8 offset-lg-2 col-hd-6 offset-hd-3\">\n                <main class=\"entry-content\">\n                    \n\n<h2 class=\"wp-block-heading\">Sylvi Saimo Hall<\/h2>\n\n\n\n<p>M\u00f6teslokalen rymmer h\u00f6gst 50 personer med kostnadsfri tillg\u00e5ng till modern AV-teknik (98\u2033 tums skr\u00e4m HDMI, Displayport) och Wi-Fi.<\/p>\n\n\n\n<p>Lokalen l\u00e4mpar sig ocks\u00e5 f\u00f6r mindre fester samt kund- och informationsevenemang.<\/p>\n\n\n\n<p>Evenemanget kan upplivas med en guidad tur i museet eller ett bes\u00f6k i Olympiastadions torn.<br><br>Serveringen i v\u00e5ra utrymmen kan anordnas enligt \u00f6nskem\u00e5l och sk\u00f6ts med ensamr\u00e4tt av Compass Group,&nbsp;<a href=\"https:\/\/www.stadion.fi\/sv\/node\/370\">Bistro Stadion<\/a>.<\/p>\n\n\n\n<figure class=\"wp-block-image size-large is-resized\"><img decoding=\"async\" width=\"1024\" height=\"692\" src=\"https:\/\/tahto.com\/wp-content\/uploads\/2024\/02\/Sylvi-Saimo-nettisivukoko-1024x692.png\" alt=\"\" class=\"wp-image-9141\" style=\"object-fit:cover;width:768px;height:519px\" srcset=\"https:\/\/tahto.com\/wp-content\/uploads\/2024\/02\/Sylvi-Saimo-nettisivukoko-1024x692.png 1024w, https:\/\/tahto.com\/wp-content\/uploads\/2024\/02\/Sylvi-Saimo-nettisivukoko-300x203.png 300w, https:\/\/tahto.com\/wp-content\/uploads\/2024\/02\/Sylvi-Saimo-nettisivukoko-768x519.png 768w, https:\/\/tahto.com\/wp-content\/uploads\/2024\/02\/Sylvi-Saimo-nettisivukoko-1536x1038.png 1536w, https:\/\/tahto.com\/wp-content\/uploads\/2024\/02\/Sylvi-Saimo-nettisivukoko-2048x1384.png 2048w, https:\/\/tahto.com\/wp-content\/uploads\/2024\/02\/Sylvi-Saimo-nettisivukoko-1920x1298.png 1920w, https:\/\/tahto.com\/wp-content\/uploads\/2024\/02\/Sylvi-Saimo-nettisivukoko-560x379.png 560w\" sizes=\"(max-width: 575px) 100vw, (max-width: 767px) 510px, (max-width: 991px) 290px, (max-width: 1199px) 530px, 840px\" \/><\/figure>\n\n\n                <\/main>\n            <\/div>\n        <\/div>\n    <\/div>\n<\/section>\n\n\n<section class=\"block block-content-wrapper container-fluid theme-white\">\n    <div class=\"container\">\n        <div class=\"row\">\n            <div class=\"col-12 col-lg-8 offset-lg-2 col-hd-6 offset-hd-3\">\n                <main class=\"entry-content\">\n                    \n\n<h2 class=\"wp-block-heading\">Utst\u00e4llingsutrymmet<\/h2>\n\n\n\n<p>Utst\u00e4llningsutrymmet kan hyras utanf\u00f6r museets \u00f6ppeth\u00e5llningstider. Det ryms t.o.m. 160 personer i museet och utrymmena l\u00e4mpar sig utm\u00e4rkt f\u00f6r f\u00f6retagets informations- och marknadsf\u00f6ringsevenemang, personaldagar eller privata fester.<br>\u00a0<br>Tag kontakt och kom och bekanta dig med v\u00e5ra utrymmen!<\/p>\n\n\n\n<figure class=\"wp-block-image size-large is-resized\"><img decoding=\"async\" width=\"1024\" height=\"692\" src=\"https:\/\/tahto.com\/wp-content\/uploads\/2024\/02\/evli-nettisivukoko-1024x692.png\" alt=\"\" class=\"wp-image-9142\" style=\"object-fit:cover;width:768px;height:519px\" srcset=\"https:\/\/tahto.com\/wp-content\/uploads\/2024\/02\/evli-nettisivukoko-1024x692.png 1024w, https:\/\/tahto.com\/wp-content\/uploads\/2024\/02\/evli-nettisivukoko-300x203.png 300w, https:\/\/tahto.com\/wp-content\/uploads\/2024\/02\/evli-nettisivukoko-768x519.png 768w, https:\/\/tahto.com\/wp-content\/uploads\/2024\/02\/evli-nettisivukoko-1536x1038.png 1536w, https:\/\/tahto.com\/wp-content\/uploads\/2024\/02\/evli-nettisivukoko-2048x1384.png 2048w, https:\/\/tahto.com\/wp-content\/uploads\/2024\/02\/evli-nettisivukoko-1920x1298.png 1920w, https:\/\/tahto.com\/wp-content\/uploads\/2024\/02\/evli-nettisivukoko-560x379.png 560w\" sizes=\"(max-width: 575px) 100vw, (max-width: 767px) 510px, (max-width: 991px) 290px, (max-width: 1199px) 530px, 840px\" \/><\/figure>\n\n\n\n<p><\/p>\n\n\n                <\/main>\n            <\/div>\n        <\/div>\n    <\/div>\n<\/section>\n\n\n<section class=\"block block-content-wrapper container-fluid theme-white\">\n    <div class=\"container\">\n        <div class=\"row\">\n            <div class=\"col-12 col-lg-8 offset-lg-2 col-hd-6 offset-hd-3\">\n                <main class=\"entry-content\">\n                    \n\n<h2 class=\"wp-block-heading\"><strong>Priser<\/strong><\/h2>\n\n\n\n<h4 class=\"wp-block-heading\">Rymdtj\u00e4nster<\/h4>\n\n\n\n<figure class=\"wp-block-table\"><table class=\"has-fixed-layout\"><tbody><tr><td>SYLVI SAIMO HALL<br>Vardagar 8\u201318<\/td><td>93,00 \u20ac\/timme<\/td><\/tr><tr><td>Vardagar 18\u201323<\/td><td>124,00 \u20ac\/timme<\/td><\/tr><tr><td>UTST\u00c4LLNINGSUTRYMMET<br>Vardagar 18\u201323<\/td><td>Beg\u00e4ra ett erbjudande!<\/td><\/tr><tr><td>ARBETSKRAFTSKOSTNADER<\/td><td>80,00\u2013120,00 \u20ac\/timme<\/td><\/tr><\/tbody><\/table><\/figure>\n\n\n\n<p><strong>F\u00d6RS\u00c4LJNING OCH RESERVATIONER:<\/strong><br>Pia Arvo<br>+358 40 532 1688<br>pia.arvo(at)tahto.com<\/p>\n\n\n                <\/main>\n            <\/div>\n        <\/div>\n    <\/div>\n<\/section>","protected":false},"excerpt":{"rendered":"","protected":false},"author":11,"featured_media":6809,"parent":0,"menu_order":0,"comment_status":"closed","ping_status":"closed","template":"","meta":{"_acf_changed":false,"_relevanssi_hide_post":"","_relevanssi_hide_content":"","_relevanssi_pin_for_all":"","_relevanssi_pin_keywords":"","_relevanssi_unpin_keywords":"","_relevanssi_related_keywords":"","_relevanssi_related_include_ids":"","_relevanssi_related_exclude_ids":"","_relevanssi_related_no_append":"","_relevanssi_related_not_related":"","_relevanssi_related_posts":"10442,10445,11016,11019,11020,11021","_relevanssi_noindex_reason":"","_improvement_type_select":"improve_an_existing","_thumb_yes_seoaic":false,"_frame_yes_seoaic":false,"seoaic_generate_description":"","seoaic_improve_instructions_prompt":"","seoaic_rollback_content_improvement":"","seoaic_idea_thumbnail_generator":"","thumbnail_generated":false,"thumbnail_generate_prompt":"","seoaic_article_description":"","footnotes":""},"class_list":["post-12769","page","type-page","status-publish","has-post-thumbnail","hentry"],"acf":[],"yoast_head":"<!-- This site is optimized with the Yoast SEO plugin v27.1.1 - https:\/\/yoast.com\/product\/yoast-seo-wordpress\/ -->\n<title>Utrymmesuthyrning - Tahto<\/title>\n<meta name=\"robots\" content=\"index, follow, max-snippet:-1, max-image-preview:large, max-video-preview:-1\" \/>\n<link rel=\"canonical\" href=\"https:\/\/tahto.com\/sv\/tilavuokraus-2-2\/\" \/>\n<meta property=\"og:locale\" content=\"sv_SE\" \/>\n<meta property=\"og:type\" content=\"article\" \/>\n<meta property=\"og:title\" content=\"Utrymmesuthyrning - Tahto\" \/>\n<meta property=\"og:url\" content=\"https:\/\/tahto.com\/sv\/tilavuokraus-2-2\/\" \/>\n<meta property=\"og:site_name\" content=\"Tahto\" \/>\n<meta property=\"article:modified_time\" content=\"2025-01-13T12:26:41+00:00\" \/>\n<meta property=\"og:image\" content=\"https:\/\/tahto.com\/wp-content\/uploads\/2023\/03\/Kokoustila.jpg\" \/>\n\t<meta property=\"og:image:width\" content=\"1200\" \/>\n\t<meta property=\"og:image:height\" content=\"750\" \/>\n\t<meta property=\"og:image:type\" content=\"image\/jpeg\" \/>\n<meta name=\"twitter:card\" content=\"summary_large_image\" \/>\n<meta name=\"twitter:label1\" content=\"Ber\u00e4knad l\u00e4stid\" \/>\n\t<meta name=\"twitter:data1\" content=\"3 minuter\" \/>\n<script type=\"application\/ld+json\" class=\"yoast-schema-graph\">{\"@context\":\"https:\/\/schema.org\",\"@graph\":[{\"@type\":\"WebPage\",\"@id\":\"https:\/\/tahto.com\/sv\/tilavuokraus-2-2\/\",\"url\":\"https:\/\/tahto.com\/sv\/tilavuokraus-2-2\/\",\"name\":\"Utrymmesuthyrning - Tahto\",\"isPartOf\":{\"@id\":\"https:\/\/tahto.com\/#website\"},\"primaryImageOfPage\":{\"@id\":\"https:\/\/tahto.com\/sv\/tilavuokraus-2-2\/#primaryimage\"},\"image\":{\"@id\":\"https:\/\/tahto.com\/sv\/tilavuokraus-2-2\/#primaryimage\"},\"thumbnailUrl\":\"https:\/\/tahto.com\/wp-content\/uploads\/2023\/03\/Kokoustila.jpg\",\"datePublished\":\"2024-10-15T08:03:04+00:00\",\"dateModified\":\"2025-01-13T12:26:41+00:00\",\"inLanguage\":\"sv-SE\",\"potentialAction\":[{\"@type\":\"ReadAction\",\"target\":[\"https:\/\/tahto.com\/sv\/tilavuokraus-2-2\/\"]}]},{\"@type\":\"ImageObject\",\"inLanguage\":\"sv-SE\",\"@id\":\"https:\/\/tahto.com\/sv\/tilavuokraus-2-2\/#primaryimage\",\"url\":\"https:\/\/tahto.com\/wp-content\/uploads\/2023\/03\/Kokoustila.jpg\",\"contentUrl\":\"https:\/\/tahto.com\/wp-content\/uploads\/2023\/03\/Kokoustila.jpg\",\"width\":1200,\"height\":750,\"caption\":\"Sylvi Saimo -sali\"},{\"@type\":\"WebSite\",\"@id\":\"https:\/\/tahto.com\/#website\",\"url\":\"https:\/\/tahto.com\/\",\"name\":\"Tahto\",\"description\":\"Uusi urheilumuseo\",\"publisher\":{\"@id\":\"https:\/\/tahto.com\/#organization\"},\"potentialAction\":[{\"@type\":\"SearchAction\",\"target\":{\"@type\":\"EntryPoint\",\"urlTemplate\":\"https:\/\/tahto.com\/?s={search_term_string}\"},\"query-input\":{\"@type\":\"PropertyValueSpecification\",\"valueRequired\":true,\"valueName\":\"search_term_string\"}}],\"inLanguage\":\"sv-SE\"},{\"@type\":\"Organization\",\"@id\":\"https:\/\/tahto.com\/#organization\",\"name\":\"Tahto\",\"url\":\"https:\/\/tahto.com\/\",\"logo\":{\"@type\":\"ImageObject\",\"inLanguage\":\"sv-SE\",\"@id\":\"https:\/\/tahto.com\/#\/schema\/logo\/image\/\",\"url\":\"https:\/\/tahto.com\/wp-content\/uploads\/2022\/05\/cropped-Favicon-Tahto-1.png\",\"contentUrl\":\"https:\/\/tahto.com\/wp-content\/uploads\/2022\/05\/cropped-Favicon-Tahto-1.png\",\"width\":240,\"height\":240,\"caption\":\"Tahto\"},\"image\":{\"@id\":\"https:\/\/tahto.com\/#\/schema\/logo\/image\/\"}}]}<\/script>\n<!-- \/ Yoast SEO plugin. -->","yoast_head_json":{"title":"Utrymmesuthyrning - Tahto","robots":{"index":"index","follow":"follow","max-snippet":"max-snippet:-1","max-image-preview":"max-image-preview:large","max-video-preview":"max-video-preview:-1"},"canonical":"https:\/\/tahto.com\/sv\/tilavuokraus-2-2\/","og_locale":"sv_SE","og_type":"article","og_title":"Utrymmesuthyrning - Tahto","og_url":"https:\/\/tahto.com\/sv\/tilavuokraus-2-2\/","og_site_name":"Tahto","article_modified_time":"2025-01-13T12:26:41+00:00","og_image":[{"width":1200,"height":750,"url":"https:\/\/tahto.com\/wp-content\/uploads\/2023\/03\/Kokoustila.jpg","type":"image\/jpeg"}],"twitter_card":"summary_large_image","twitter_misc":{"Ber\u00e4knad l\u00e4stid":"3 minuter"},"schema":{"@context":"https:\/\/schema.org","@graph":[{"@type":"WebPage","@id":"https:\/\/tahto.com\/sv\/tilavuokraus-2-2\/","url":"https:\/\/tahto.com\/sv\/tilavuokraus-2-2\/","name":"Utrymmesuthyrning - Tahto","isPartOf":{"@id":"https:\/\/tahto.com\/#website"},"primaryImageOfPage":{"@id":"https:\/\/tahto.com\/sv\/tilavuokraus-2-2\/#primaryimage"},"image":{"@id":"https:\/\/tahto.com\/sv\/tilavuokraus-2-2\/#primaryimage"},"thumbnailUrl":"https:\/\/tahto.com\/wp-content\/uploads\/2023\/03\/Kokoustila.jpg","datePublished":"2024-10-15T08:03:04+00:00","dateModified":"2025-01-13T12:26:41+00:00","inLanguage":"sv-SE","potentialAction":[{"@type":"ReadAction","target":["https:\/\/tahto.com\/sv\/tilavuokraus-2-2\/"]}]},{"@type":"ImageObject","inLanguage":"sv-SE","@id":"https:\/\/tahto.com\/sv\/tilavuokraus-2-2\/#primaryimage","url":"https:\/\/tahto.com\/wp-content\/uploads\/2023\/03\/Kokoustila.jpg","contentUrl":"https:\/\/tahto.com\/wp-content\/uploads\/2023\/03\/Kokoustila.jpg","width":1200,"height":750,"caption":"Sylvi Saimo -sali"},{"@type":"WebSite","@id":"https:\/\/tahto.com\/#website","url":"https:\/\/tahto.com\/","name":"Tahto","description":"Uusi urheilumuseo","publisher":{"@id":"https:\/\/tahto.com\/#organization"},"potentialAction":[{"@type":"SearchAction","target":{"@type":"EntryPoint","urlTemplate":"https:\/\/tahto.com\/?s={search_term_string}"},"query-input":{"@type":"PropertyValueSpecification","valueRequired":true,"valueName":"search_term_string"}}],"inLanguage":"sv-SE"},{"@type":"Organization","@id":"https:\/\/tahto.com\/#organization","name":"Tahto","url":"https:\/\/tahto.com\/","logo":{"@type":"ImageObject","inLanguage":"sv-SE","@id":"https:\/\/tahto.com\/#\/schema\/logo\/image\/","url":"https:\/\/tahto.com\/wp-content\/uploads\/2022\/05\/cropped-Favicon-Tahto-1.png","contentUrl":"https:\/\/tahto.com\/wp-content\/uploads\/2022\/05\/cropped-Favicon-Tahto-1.png","width":240,"height":240,"caption":"Tahto"},"image":{"@id":"https:\/\/tahto.com\/#\/schema\/logo\/image\/"}}]}},"_links":{"self":[{"href":"https:\/\/tahto.com\/sv\/wp-json\/wp\/v2\/pages\/12769","targetHints":{"allow":["GET"]}}],"collection":[{"href":"https:\/\/tahto.com\/sv\/wp-json\/wp\/v2\/pages"}],"about":[{"href":"https:\/\/tahto.com\/sv\/wp-json\/wp\/v2\/types\/page"}],"author":[{"embeddable":true,"href":"https:\/\/tahto.com\/sv\/wp-json\/wp\/v2\/users\/11"}],"replies":[{"embeddable":true,"href":"https:\/\/tahto.com\/sv\/wp-json\/wp\/v2\/comments?post=12769"}],"version-history":[{"count":5,"href":"https:\/\/tahto.com\/sv\/wp-json\/wp\/v2\/pages\/12769\/revisions"}],"predecessor-version":[{"id":13962,"href":"https:\/\/tahto.com\/sv\/wp-json\/wp\/v2\/pages\/12769\/revisions\/13962"}],"wp:featuredmedia":[{"embeddable":true,"href":"https:\/\/tahto.com\/sv\/wp-json\/wp\/v2\/media\/6809"}],"wp:attachment":[{"href":"https:\/\/tahto.com\/sv\/wp-json\/wp\/v2\/media?parent=12769"}],"curies":[{"name":"wp","href":"https:\/\/api.w.org\/{rel}","templated":true}]}}