{"id":1269,"date":"2022-05-31T15:29:40","date_gmt":"2022-05-31T12:29:40","guid":{"rendered":"https:\/\/tahto.com\/?page_id=1269"},"modified":"2024-09-30T16:01:19","modified_gmt":"2024-09-30T13:01:19","slug":"foremal","status":"publish","type":"page","link":"https:\/\/tahto.com\/sv\/samlingar\/foremal\/","title":{"rendered":"F\u00f6rem\u00e5l"},"content":{"rendered":"\n<section class=\"block block-content-wrapper container-fluid theme-orange\">\n    <div class=\"container\">\n        <div class=\"row\">\n            <div class=\"col-12 col-lg-8 offset-lg-2 col-hd-6 offset-hd-3\">\n                <main class=\"entry-content\">\n                    \n\n<h1 class=\"wp-block-heading\">F\u00d6REM\u00c5L<\/h1>\n\n\n\n<p>V\u00e5r f\u00f6rem\u00e5lssamling omfattar pris- och minnesf\u00f6rem\u00e5l, idrottsredskap, utrustning, dr\u00e4kter och affischer fr\u00e5n 1800-talet till dags dato. <\/p>\n\n\n\n<div class=\"wp-block-button\"><a class=\"wp-block-button__link has-white-color has-black-background-color has-text-color has-background has-link-color wp-element-button\" href=\"https:\/\/museo.disec.fi\/Yksa4\/public\/Urheilumuseo\/\">F\u00f6rem\u00e5lss\u00f6kning<\/a><\/div>\n\n\n\n<p>(Endast p\u00e5 Finska och Engelska)<\/p>\n\n\n                <\/main>\n            <\/div>\n        <\/div>\n    <\/div>\n<\/section>\n\n\n<section class=\"block block-fifty-fifty container-fluid theme-blue\">\n    <div class=\"container\">\n        <div class=\"row flex-xl-row-reverse\">\n            <div class=\"col-12 col-xl-6 d-inline-flex flex-column left-column\">\n                \n\n<img decoding=\"async\" src=\"https:\/\/tahto.com\/wp-content\/uploads\/2024\/04\/5D39907_Urheilumuseo_Photo_PasiSalminen_com-e1712748115849.jpg\" width=\"1728\" height=\"1152\" class=\"fifty-fifty-media\" alt=\"\" loading=\"lazy\">\n                \n                            <\/div>\n            <div class=\"col-12 col-xl-6\">\n                <div\n                    class=\"h-100 d-flex flex-column justify-content-start \">\n                    <div class=\"entry-content\">\n                        \n\n<h5 class=\"wp-block-heading\"><strong>F\u00f6rem\u00e5lssamling <\/strong><\/h5>\n\n\n\n<p>Bakom varje f\u00f6rem\u00e5l finns en ber\u00e4ttelse. F\u00f6r en del av f\u00f6rem\u00e5len ger ber\u00e4ttelsen en helt ny dimension. Paavo Nurmis miniatyrstaty \u00e4r redan i sig ett fint f\u00f6rem\u00e5l, men speciellt intressant blir den n\u00e4r man beaktar statyns roll i alla tiders teknologhyss, som gjordes p\u00e5 Vasaskeppet i Stockholm 1961. Denna och 71 \u00f6vriga ber\u00e4ttelser om v\u00e5ra 3D-f\u00f6rem\u00e5l kan du bekanta dig med p\u00e5 v\u00e5r Sketchfab sida. F\u00f6rem\u00e5l som digitaliserats tredimensionellt kan studeras ur m\u00e5nga vinklar p\u00e5 n\u00e4ra h\u00e5ll eller p\u00e5 distans. 3D-f\u00f6rem\u00e5len utg\u00f6r en genomsk\u00e4rning av hela v\u00e5r f\u00f6rem\u00e5lssamling.<br><\/p>\n\n\n\n<div class=\"wp-block-button\"><a class=\"wp-block-button__link has-white-color has-black-background-color has-text-color has-background has-link-color wp-element-button\" href=\"https:\/\/sketchfab.com\/urheilumuseo\/models\">3D-f\u00f6rem\u00e5l<\/a><\/div>\n\n\n\n<p><\/p>\n\n\n\n<p>Du kan bl\u00e4ddra i Idrottsmuseets f\u00f6rem\u00e5lssamlingar genom n\u00e4tservicen Finna. Genom Finna kan man bland annat studera v\u00e5ra f\u00f6rem\u00e5l i anknytning till olympiska spelen, olika idrottsgrenars spelskjortor samt spikskor. Bilderna i Finna kan fritt laddas ner och anv\u00e4ndas, bara man n\u00e4mner fotografens namn och Idrottsmuseet. Vi kompletterar servicen regelbundet med nytt material.<\/p>\n\n\n\n<div class=\"wp-block-button\"><a class=\"wp-block-button__link has-white-color has-black-background-color has-text-color has-background has-link-color wp-element-button\" href=\"https:\/\/urheilumuseo.finna.fi\/\">Finna<\/a><\/div>\n\n\n\n<p>(Endast p\u00e5 Finska)<\/p>\n\n\n\n<h6 class=\"wp-block-heading\"><strong>Till\u00e4ggsinformation<\/strong><\/h6>\n\n\n\n<p>Jouni Lavikainen<br>intendent<br>jouni.lavikainen@tahto.com<br>tel. 044 732 3040<\/p>\n\n\n                    <\/div>\n                <\/div>\n            <\/div>\n        <\/div>\n    <\/div>\n<\/section>","protected":false},"excerpt":{"rendered":"","protected":false},"author":15,"featured_media":9805,"parent":927,"menu_order":0,"comment_status":"closed","ping_status":"closed","template":"","meta":{"_acf_changed":false,"_relevanssi_hide_post":"","_relevanssi_hide_content":"","_relevanssi_pin_for_all":"","_relevanssi_pin_keywords":"","_relevanssi_unpin_keywords":"","_relevanssi_related_keywords":"","_relevanssi_related_include_ids":"","_relevanssi_related_exclude_ids":"","_relevanssi_related_no_append":"","_relevanssi_related_not_related":"","_relevanssi_related_posts":"10595","_relevanssi_noindex_reason":"","_improvement_type_select":"improve_an_existing","_thumb_yes_seoaic":false,"_frame_yes_seoaic":false,"seoaic_generate_description":"","seoaic_improve_instructions_prompt":"","seoaic_rollback_content_improvement":"","seoaic_idea_thumbnail_generator":"","thumbnail_generated":false,"thumbnail_generate_prompt":"","seoaic_article_description":"","footnotes":""},"class_list":["post-1269","page","type-page","status-publish","has-post-thumbnail","hentry"],"acf":[],"yoast_head":"<!-- This site is optimized with the Yoast SEO plugin v27.1.1 - https:\/\/yoast.com\/product\/yoast-seo-wordpress\/ -->\n<title>F\u00f6rem\u00e5l - Tahto<\/title>\n<meta name=\"robots\" content=\"index, follow, max-snippet:-1, max-image-preview:large, max-video-preview:-1\" \/>\n<link rel=\"canonical\" href=\"https:\/\/tahto.com\/sv\/samlingar\/foremal\/\" \/>\n<meta property=\"og:locale\" content=\"sv_SE\" \/>\n<meta property=\"og:type\" content=\"article\" \/>\n<meta property=\"og:title\" content=\"F\u00f6rem\u00e5l - Tahto\" \/>\n<meta property=\"og:url\" content=\"https:\/\/tahto.com\/sv\/samlingar\/foremal\/\" \/>\n<meta property=\"og:site_name\" content=\"Tahto\" \/>\n<meta property=\"article:modified_time\" content=\"2024-09-30T13:01:19+00:00\" \/>\n<meta property=\"og:image\" content=\"https:\/\/tahto.com\/wp-content\/uploads\/2024\/04\/5D39907_Urheilumuseo_Photo_PasiSalminen_com-e1712748115849.jpg\" \/>\n\t<meta property=\"og:image:width\" content=\"1728\" \/>\n\t<meta property=\"og:image:height\" content=\"1152\" \/>\n\t<meta property=\"og:image:type\" content=\"image\/jpeg\" \/>\n<meta name=\"twitter:card\" content=\"summary_large_image\" \/>\n<meta name=\"twitter:label1\" content=\"Ber\u00e4knad l\u00e4stid\" \/>\n\t<meta name=\"twitter:data1\" content=\"3 minuter\" \/>\n<script type=\"application\/ld+json\" class=\"yoast-schema-graph\">{\"@context\":\"https:\/\/schema.org\",\"@graph\":[{\"@type\":\"WebPage\",\"@id\":\"https:\/\/tahto.com\/sv\/samlingar\/foremal\/\",\"url\":\"https:\/\/tahto.com\/sv\/samlingar\/foremal\/\",\"name\":\"F\u00f6rem\u00e5l - Tahto\",\"isPartOf\":{\"@id\":\"https:\/\/tahto.com\/#website\"},\"primaryImageOfPage\":{\"@id\":\"https:\/\/tahto.com\/sv\/samlingar\/foremal\/#primaryimage\"},\"image\":{\"@id\":\"https:\/\/tahto.com\/sv\/samlingar\/foremal\/#primaryimage\"},\"thumbnailUrl\":\"https:\/\/tahto.com\/wp-content\/uploads\/2024\/04\/5D39907_Urheilumuseo_Photo_PasiSalminen_com-e1712748115849.jpg\",\"datePublished\":\"2022-05-31T12:29:40+00:00\",\"dateModified\":\"2024-09-30T13:01:19+00:00\",\"breadcrumb\":{\"@id\":\"https:\/\/tahto.com\/sv\/samlingar\/foremal\/#breadcrumb\"},\"inLanguage\":\"sv-SE\",\"potentialAction\":[{\"@type\":\"ReadAction\",\"target\":[\"https:\/\/tahto.com\/sv\/samlingar\/foremal\/\"]}]},{\"@type\":\"ImageObject\",\"inLanguage\":\"sv-SE\",\"@id\":\"https:\/\/tahto.com\/sv\/samlingar\/foremal\/#primaryimage\",\"url\":\"https:\/\/tahto.com\/wp-content\/uploads\/2024\/04\/5D39907_Urheilumuseo_Photo_PasiSalminen_com-e1712748115849.jpg\",\"contentUrl\":\"https:\/\/tahto.com\/wp-content\/uploads\/2024\/04\/5D39907_Urheilumuseo_Photo_PasiSalminen_com-e1712748115849.jpg\",\"width\":1728,\"height\":1152,\"caption\":\"Karhun piikkarit.\"},{\"@type\":\"BreadcrumbList\",\"@id\":\"https:\/\/tahto.com\/sv\/samlingar\/foremal\/#breadcrumb\",\"itemListElement\":[{\"@type\":\"ListItem\",\"position\":1,\"name\":\"Samlingar\",\"item\":\"https:\/\/tahto.com\/sv\/samlingar\/\"},{\"@type\":\"ListItem\",\"position\":2,\"name\":\"F\u00f6rem\u00e5l\"}]},{\"@type\":\"WebSite\",\"@id\":\"https:\/\/tahto.com\/#website\",\"url\":\"https:\/\/tahto.com\/\",\"name\":\"Tahto\",\"description\":\"Uusi urheilumuseo\",\"publisher\":{\"@id\":\"https:\/\/tahto.com\/#organization\"},\"potentialAction\":[{\"@type\":\"SearchAction\",\"target\":{\"@type\":\"EntryPoint\",\"urlTemplate\":\"https:\/\/tahto.com\/?s={search_term_string}\"},\"query-input\":{\"@type\":\"PropertyValueSpecification\",\"valueRequired\":true,\"valueName\":\"search_term_string\"}}],\"inLanguage\":\"sv-SE\"},{\"@type\":\"Organization\",\"@id\":\"https:\/\/tahto.com\/#organization\",\"name\":\"Tahto\",\"url\":\"https:\/\/tahto.com\/\",\"logo\":{\"@type\":\"ImageObject\",\"inLanguage\":\"sv-SE\",\"@id\":\"https:\/\/tahto.com\/#\/schema\/logo\/image\/\",\"url\":\"https:\/\/tahto.com\/wp-content\/uploads\/2022\/05\/cropped-Favicon-Tahto-1.png\",\"contentUrl\":\"https:\/\/tahto.com\/wp-content\/uploads\/2022\/05\/cropped-Favicon-Tahto-1.png\",\"width\":240,\"height\":240,\"caption\":\"Tahto\"},\"image\":{\"@id\":\"https:\/\/tahto.com\/#\/schema\/logo\/image\/\"}}]}<\/script>\n<!-- \/ Yoast SEO plugin. -->","yoast_head_json":{"title":"F\u00f6rem\u00e5l - Tahto","robots":{"index":"index","follow":"follow","max-snippet":"max-snippet:-1","max-image-preview":"max-image-preview:large","max-video-preview":"max-video-preview:-1"},"canonical":"https:\/\/tahto.com\/sv\/samlingar\/foremal\/","og_locale":"sv_SE","og_type":"article","og_title":"F\u00f6rem\u00e5l - Tahto","og_url":"https:\/\/tahto.com\/sv\/samlingar\/foremal\/","og_site_name":"Tahto","article_modified_time":"2024-09-30T13:01:19+00:00","og_image":[{"width":1728,"height":1152,"url":"https:\/\/tahto.com\/wp-content\/uploads\/2024\/04\/5D39907_Urheilumuseo_Photo_PasiSalminen_com-e1712748115849.jpg","type":"image\/jpeg"}],"twitter_card":"summary_large_image","twitter_misc":{"Ber\u00e4knad l\u00e4stid":"3 minuter"},"schema":{"@context":"https:\/\/schema.org","@graph":[{"@type":"WebPage","@id":"https:\/\/tahto.com\/sv\/samlingar\/foremal\/","url":"https:\/\/tahto.com\/sv\/samlingar\/foremal\/","name":"F\u00f6rem\u00e5l - Tahto","isPartOf":{"@id":"https:\/\/tahto.com\/#website"},"primaryImageOfPage":{"@id":"https:\/\/tahto.com\/sv\/samlingar\/foremal\/#primaryimage"},"image":{"@id":"https:\/\/tahto.com\/sv\/samlingar\/foremal\/#primaryimage"},"thumbnailUrl":"https:\/\/tahto.com\/wp-content\/uploads\/2024\/04\/5D39907_Urheilumuseo_Photo_PasiSalminen_com-e1712748115849.jpg","datePublished":"2022-05-31T12:29:40+00:00","dateModified":"2024-09-30T13:01:19+00:00","breadcrumb":{"@id":"https:\/\/tahto.com\/sv\/samlingar\/foremal\/#breadcrumb"},"inLanguage":"sv-SE","potentialAction":[{"@type":"ReadAction","target":["https:\/\/tahto.com\/sv\/samlingar\/foremal\/"]}]},{"@type":"ImageObject","inLanguage":"sv-SE","@id":"https:\/\/tahto.com\/sv\/samlingar\/foremal\/#primaryimage","url":"https:\/\/tahto.com\/wp-content\/uploads\/2024\/04\/5D39907_Urheilumuseo_Photo_PasiSalminen_com-e1712748115849.jpg","contentUrl":"https:\/\/tahto.com\/wp-content\/uploads\/2024\/04\/5D39907_Urheilumuseo_Photo_PasiSalminen_com-e1712748115849.jpg","width":1728,"height":1152,"caption":"Karhun piikkarit."},{"@type":"BreadcrumbList","@id":"https:\/\/tahto.com\/sv\/samlingar\/foremal\/#breadcrumb","itemListElement":[{"@type":"ListItem","position":1,"name":"Samlingar","item":"https:\/\/tahto.com\/sv\/samlingar\/"},{"@type":"ListItem","position":2,"name":"F\u00f6rem\u00e5l"}]},{"@type":"WebSite","@id":"https:\/\/tahto.com\/#website","url":"https:\/\/tahto.com\/","name":"Tahto","description":"Uusi urheilumuseo","publisher":{"@id":"https:\/\/tahto.com\/#organization"},"potentialAction":[{"@type":"SearchAction","target":{"@type":"EntryPoint","urlTemplate":"https:\/\/tahto.com\/?s={search_term_string}"},"query-input":{"@type":"PropertyValueSpecification","valueRequired":true,"valueName":"search_term_string"}}],"inLanguage":"sv-SE"},{"@type":"Organization","@id":"https:\/\/tahto.com\/#organization","name":"Tahto","url":"https:\/\/tahto.com\/","logo":{"@type":"ImageObject","inLanguage":"sv-SE","@id":"https:\/\/tahto.com\/#\/schema\/logo\/image\/","url":"https:\/\/tahto.com\/wp-content\/uploads\/2022\/05\/cropped-Favicon-Tahto-1.png","contentUrl":"https:\/\/tahto.com\/wp-content\/uploads\/2022\/05\/cropped-Favicon-Tahto-1.png","width":240,"height":240,"caption":"Tahto"},"image":{"@id":"https:\/\/tahto.com\/#\/schema\/logo\/image\/"}}]}},"_links":{"self":[{"href":"https:\/\/tahto.com\/sv\/wp-json\/wp\/v2\/pages\/1269","targetHints":{"allow":["GET"]}}],"collection":[{"href":"https:\/\/tahto.com\/sv\/wp-json\/wp\/v2\/pages"}],"about":[{"href":"https:\/\/tahto.com\/sv\/wp-json\/wp\/v2\/types\/page"}],"author":[{"embeddable":true,"href":"https:\/\/tahto.com\/sv\/wp-json\/wp\/v2\/users\/15"}],"replies":[{"embeddable":true,"href":"https:\/\/tahto.com\/sv\/wp-json\/wp\/v2\/comments?post=1269"}],"version-history":[{"count":10,"href":"https:\/\/tahto.com\/sv\/wp-json\/wp\/v2\/pages\/1269\/revisions"}],"predecessor-version":[{"id":12514,"href":"https:\/\/tahto.com\/sv\/wp-json\/wp\/v2\/pages\/1269\/revisions\/12514"}],"up":[{"embeddable":true,"href":"https:\/\/tahto.com\/sv\/wp-json\/wp\/v2\/pages\/927"}],"wp:featuredmedia":[{"embeddable":true,"href":"https:\/\/tahto.com\/sv\/wp-json\/wp\/v2\/media\/9805"}],"wp:attachment":[{"href":"https:\/\/tahto.com\/sv\/wp-json\/wp\/v2\/media?parent=1269"}],"curies":[{"name":"wp","href":"https:\/\/api.w.org\/{rel}","templated":true}]}}