{"id":3247,"date":"2022-04-26T15:44:35","date_gmt":"2022-04-26T12:44:35","guid":{"rendered":"https:\/\/tahto.com\/vieraile-stadionilla\/"},"modified":"2026-01-02T09:17:08","modified_gmt":"2026-01-02T07:17:08","slug":"olympic-stadium","status":"publish","type":"page","link":"https:\/\/tahto.com\/en\/olympic-stadium\/","title":{"rendered":"The Olympic Stadium and Bistro"},"content":{"rendered":"\n<section class=\"block block-content-wrapper container-fluid theme-white\">\n    <div class=\"container\">\n        <div class=\"row\">\n            <div class=\"col-12 col-lg-8 offset-lg-2 col-hd-6 offset-hd-3\">\n                <main class=\"entry-content\">\n                    \n\n<h5 class=\"wp-block-heading\">Complete your museum experience and visit the Tower of the Stadium.<\/h5>\n\n\n\n<p>COMBINATION TICKET TO TAHTO AND THE STADIUM TOWER IS 20,50 \u20ac \/ 14,50 \u20ac \/ 9,50 \u20ac.<\/p>\n\n\n\n<p><a href=\"https:\/\/www.stadion.fi\/en\/visit-stadium\/visitor-centre\">The visitor centre <\/a>is open daily at the foot of the tower.&nbsp;At the visitor centre you can sit in the lounge and enjoy the unique feeling of the Olympic Stadium.<\/p>\n\n\n\n<p>The access to the conference rooms as well as the sports facilities, the tower and the Bistro Stadium is through the visitor centre. You can enjoy lunch or a cup of coffee at the new Bistro of the Stadium.<\/p>\n\n\n\n<p>Experience the renovated Olympic Stadium via stadium tours, which also includes tickets to TAHTO and the Stadium Tower. The children&#8217;s tour offers the children the opportunity to dive into the stories and places at the Stadium<strong>.<\/strong> Book the tours <a href=\"https:\/\/www.stadion.fi\/en\/attraction\/book-a-tour\">here<\/a>. All the tours start from the visitor centre. <\/p>\n\n\n\n<p>The visitor centre phone. 050 343 1619<\/p>\n\n\n\n<figure class=\"wp-block-image size-full\"><img decoding=\"async\" width=\"640\" height=\"428\" src=\"https:\/\/tahto.com\/wp-content\/uploads\/2022\/09\/stadionin-yo.jpg\" alt=\"\" class=\"wp-image-5233\" srcset=\"https:\/\/tahto.com\/wp-content\/uploads\/2022\/09\/stadionin-yo.jpg 640w, https:\/\/tahto.com\/wp-content\/uploads\/2022\/09\/stadionin-yo-300x201.jpg 300w, https:\/\/tahto.com\/wp-content\/uploads\/2022\/09\/stadionin-yo-560x375.jpg 560w\" sizes=\"(max-width: 575px) 100vw, (max-width: 767px) 510px, (max-width: 991px) 290px, (max-width: 1199px) 530px, 640px\" \/><\/figure>\n\n\n                <\/main>\n            <\/div>\n        <\/div>\n    <\/div>\n<\/section>\n\n\n<section class=\"block block-content-wrapper container-fluid theme-white\">\n    <div class=\"container\">\n        <div class=\"row\">\n            <div class=\"col-12 col-lg-8 offset-lg-2 col-hd-6 offset-hd-3\">\n                <main class=\"entry-content\">\n                    \n\n<h5 class=\"wp-block-heading\">Bistro stadion<\/h5>\n\n\n\n<p>Bistro Stadion in the Olympic Stadium in Helsinki is a meeting place where you can enjoy great food in a unique Functionalist architectural setting.<strong>&nbsp;<\/strong>Bistro Stadion is a local restaurant where the chefs create delicious seasonal menus.&nbsp;The focus is on&nbsp;Finnish traditional flavours and top-quality ingredients, prepared with an exciting international twist.<\/p>\n\n\n\n<p><\/p>\n\n\n\n<p>Entrance goes through the Visitor Centre, near the Stadium Tower.<\/p>\n\n\n\n<p><\/p>\n\n\n\n<p><strong>Openin hours:<br><strong>Mon and Tue 11:00-19:00<\/strong><br><strong>Wed, Thu and Fri 11:00-21:00 <\/strong><br><strong>Sat 11:00-17:00<\/strong><\/strong><br><strong>Sun closed<\/strong><\/p>\n\n\n\n<p><a href=\"https:\/\/www.stadion.fi\/en\/attraction\/bistro-stadion\">More information.<\/a><\/p>\n\n\n\n<figure class=\"wp-block-image size-large\"><img decoding=\"async\" width=\"1024\" height=\"683\" src=\"https:\/\/tahto.com\/wp-content\/uploads\/2022\/06\/Bistro-Stadion-6-NETTIKUVA-1024x683.jpg\" alt=\"\" class=\"wp-image-3226\" srcset=\"https:\/\/tahto.com\/wp-content\/uploads\/2022\/06\/Bistro-Stadion-6-NETTIKUVA-1024x683.jpg 1024w, https:\/\/tahto.com\/wp-content\/uploads\/2022\/06\/Bistro-Stadion-6-NETTIKUVA-300x200.jpg 300w, https:\/\/tahto.com\/wp-content\/uploads\/2022\/06\/Bistro-Stadion-6-NETTIKUVA-768x512.jpg 768w, https:\/\/tahto.com\/wp-content\/uploads\/2022\/06\/Bistro-Stadion-6-NETTIKUVA-1536x1024.jpg 1536w, https:\/\/tahto.com\/wp-content\/uploads\/2022\/06\/Bistro-Stadion-6-NETTIKUVA-1920x1280.jpg 1920w, https:\/\/tahto.com\/wp-content\/uploads\/2022\/06\/Bistro-Stadion-6-NETTIKUVA-560x373.jpg 560w, https:\/\/tahto.com\/wp-content\/uploads\/2022\/06\/Bistro-Stadion-6-NETTIKUVA.jpg 2048w\" sizes=\"(max-width: 575px) 100vw, (max-width: 767px) 510px, (max-width: 991px) 290px, (max-width: 1199px) 530px, 840px\" \/><figcaption class=\"wp-element-caption\">Bistro Stadion. Photo Wellu H\u00e4m\u00e4l\u00e4inen.<\/figcaption><\/figure>\n\n\n                <\/main>\n            <\/div>\n        <\/div>\n    <\/div>\n<\/section>","protected":false},"excerpt":{"rendered":"","protected":false},"author":1,"featured_media":5233,"parent":0,"menu_order":0,"comment_status":"closed","ping_status":"closed","template":"","meta":{"_acf_changed":false,"_relevanssi_hide_post":"","_relevanssi_hide_content":"","_relevanssi_pin_for_all":"","_relevanssi_pin_keywords":"","_relevanssi_unpin_keywords":"","_relevanssi_related_keywords":"","_relevanssi_related_include_ids":"","_relevanssi_related_exclude_ids":"","_relevanssi_related_no_append":"","_relevanssi_related_not_related":"","_relevanssi_related_posts":"10494,10504,10523","_relevanssi_noindex_reason":"","_improvement_type_select":"improve_an_existing","_thumb_yes_seoaic":false,"_frame_yes_seoaic":false,"seoaic_generate_description":"","seoaic_improve_instructions_prompt":"","seoaic_rollback_content_improvement":"","seoaic_idea_thumbnail_generator":"","thumbnail_generated":false,"thumbnail_generate_prompt":"","seoaic_article_description":"","footnotes":""},"class_list":["post-3247","page","type-page","status-publish","has-post-thumbnail","hentry"],"acf":[],"yoast_head":"<!-- This site is optimized with the Yoast SEO plugin v27.4 - https:\/\/yoast.com\/product\/yoast-seo-wordpress\/ -->\n<title>The Olympic Stadium and Bistro - Tahto<\/title>\n<meta name=\"description\" content=\"Visit TAHTO! Complete your museum experience and visit the Tower of the Olympic Stadium in Helsinki.\" \/>\n<meta name=\"robots\" content=\"index, follow, max-snippet:-1, max-image-preview:large, max-video-preview:-1\" \/>\n<link rel=\"canonical\" href=\"https:\/\/tahto.com\/en\/olympic-stadium\/\" \/>\n<meta property=\"og:locale\" content=\"en_US\" \/>\n<meta property=\"og:type\" content=\"article\" \/>\n<meta property=\"og:title\" content=\"The Olympic Stadium and Bistro - Tahto\" \/>\n<meta property=\"og:description\" content=\"Visit TAHTO! Complete your museum experience and visit the Tower of the Olympic Stadium in Helsinki.\" \/>\n<meta property=\"og:url\" content=\"https:\/\/tahto.com\/en\/olympic-stadium\/\" \/>\n<meta property=\"og:site_name\" content=\"Tahto\" \/>\n<meta property=\"article:modified_time\" content=\"2026-01-02T07:17:08+00:00\" \/>\n<meta property=\"og:image\" content=\"https:\/\/tahto.com\/wp-content\/uploads\/2023\/06\/Olympiastadion-X-TAHTO-kesan-sykahdyttavin-vierailukohde-verkko-1024x576.png\" \/>\n\t<meta property=\"og:image:width\" content=\"1024\" \/>\n\t<meta property=\"og:image:height\" content=\"576\" \/>\n\t<meta property=\"og:image:type\" content=\"image\/png\" \/>\n<meta name=\"twitter:card\" content=\"summary_large_image\" \/>\n<meta name=\"twitter:label1\" content=\"Est. reading time\" \/>\n\t<meta name=\"twitter:data1\" content=\"5 minutes\" \/>\n<script type=\"application\/ld+json\" class=\"yoast-schema-graph\">{\"@context\":\"https:\\\/\\\/schema.org\",\"@graph\":[{\"@type\":\"WebPage\",\"@id\":\"https:\\\/\\\/tahto.com\\\/en\\\/olympic-stadium\\\/\",\"url\":\"https:\\\/\\\/tahto.com\\\/en\\\/olympic-stadium\\\/\",\"name\":\"The Olympic Stadium and Bistro - Tahto\",\"isPartOf\":{\"@id\":\"https:\\\/\\\/tahto.com\\\/#website\"},\"primaryImageOfPage\":{\"@id\":\"https:\\\/\\\/tahto.com\\\/en\\\/olympic-stadium\\\/#primaryimage\"},\"image\":{\"@id\":\"https:\\\/\\\/tahto.com\\\/en\\\/olympic-stadium\\\/#primaryimage\"},\"thumbnailUrl\":\"https:\\\/\\\/tahto.com\\\/wp-content\\\/uploads\\\/2022\\\/09\\\/stadionin-yo.jpg\",\"datePublished\":\"2022-04-26T12:44:35+00:00\",\"dateModified\":\"2026-01-02T07:17:08+00:00\",\"description\":\"Visit TAHTO! Complete your museum experience and visit the Tower of the Olympic Stadium in Helsinki.\",\"inLanguage\":\"en-US\",\"potentialAction\":[{\"@type\":\"ReadAction\",\"target\":[\"https:\\\/\\\/tahto.com\\\/en\\\/olympic-stadium\\\/\"]}]},{\"@type\":\"ImageObject\",\"inLanguage\":\"en-US\",\"@id\":\"https:\\\/\\\/tahto.com\\\/en\\\/olympic-stadium\\\/#primaryimage\",\"url\":\"https:\\\/\\\/tahto.com\\\/wp-content\\\/uploads\\\/2022\\\/09\\\/stadionin-yo.jpg\",\"contentUrl\":\"https:\\\/\\\/tahto.com\\\/wp-content\\\/uploads\\\/2022\\\/09\\\/stadionin-yo.jpg\",\"width\":640,\"height\":428},{\"@type\":\"WebSite\",\"@id\":\"https:\\\/\\\/tahto.com\\\/#website\",\"url\":\"https:\\\/\\\/tahto.com\\\/\",\"name\":\"Tahto\",\"description\":\"Uusi urheilumuseo\",\"publisher\":{\"@id\":\"https:\\\/\\\/tahto.com\\\/#organization\"},\"potentialAction\":[{\"@type\":\"SearchAction\",\"target\":{\"@type\":\"EntryPoint\",\"urlTemplate\":\"https:\\\/\\\/tahto.com\\\/?s={search_term_string}\"},\"query-input\":{\"@type\":\"PropertyValueSpecification\",\"valueRequired\":true,\"valueName\":\"search_term_string\"}}],\"inLanguage\":\"en-US\"},{\"@type\":\"Organization\",\"@id\":\"https:\\\/\\\/tahto.com\\\/#organization\",\"name\":\"Tahto\",\"url\":\"https:\\\/\\\/tahto.com\\\/\",\"logo\":{\"@type\":\"ImageObject\",\"inLanguage\":\"en-US\",\"@id\":\"https:\\\/\\\/tahto.com\\\/#\\\/schema\\\/logo\\\/image\\\/\",\"url\":\"https:\\\/\\\/tahto.com\\\/wp-content\\\/uploads\\\/2022\\\/05\\\/cropped-Favicon-Tahto-1.png\",\"contentUrl\":\"https:\\\/\\\/tahto.com\\\/wp-content\\\/uploads\\\/2022\\\/05\\\/cropped-Favicon-Tahto-1.png\",\"width\":240,\"height\":240,\"caption\":\"Tahto\"},\"image\":{\"@id\":\"https:\\\/\\\/tahto.com\\\/#\\\/schema\\\/logo\\\/image\\\/\"}}]}<\/script>\n<!-- \/ Yoast SEO plugin. -->","yoast_head_json":{"title":"The Olympic Stadium and Bistro - Tahto","description":"Visit TAHTO! Complete your museum experience and visit the Tower of the Olympic Stadium in Helsinki.","robots":{"index":"index","follow":"follow","max-snippet":"max-snippet:-1","max-image-preview":"max-image-preview:large","max-video-preview":"max-video-preview:-1"},"canonical":"https:\/\/tahto.com\/en\/olympic-stadium\/","og_locale":"en_US","og_type":"article","og_title":"The Olympic Stadium and Bistro - Tahto","og_description":"Visit TAHTO! Complete your museum experience and visit the Tower of the Olympic Stadium in Helsinki.","og_url":"https:\/\/tahto.com\/en\/olympic-stadium\/","og_site_name":"Tahto","article_modified_time":"2026-01-02T07:17:08+00:00","og_image":[{"width":1024,"height":576,"url":"https:\/\/tahto.com\/wp-content\/uploads\/2023\/06\/Olympiastadion-X-TAHTO-kesan-sykahdyttavin-vierailukohde-verkko-1024x576.png","type":"image\/png"}],"twitter_card":"summary_large_image","twitter_misc":{"Est. reading time":"5 minutes"},"schema":{"@context":"https:\/\/schema.org","@graph":[{"@type":"WebPage","@id":"https:\/\/tahto.com\/en\/olympic-stadium\/","url":"https:\/\/tahto.com\/en\/olympic-stadium\/","name":"The Olympic Stadium and Bistro - Tahto","isPartOf":{"@id":"https:\/\/tahto.com\/#website"},"primaryImageOfPage":{"@id":"https:\/\/tahto.com\/en\/olympic-stadium\/#primaryimage"},"image":{"@id":"https:\/\/tahto.com\/en\/olympic-stadium\/#primaryimage"},"thumbnailUrl":"https:\/\/tahto.com\/wp-content\/uploads\/2022\/09\/stadionin-yo.jpg","datePublished":"2022-04-26T12:44:35+00:00","dateModified":"2026-01-02T07:17:08+00:00","description":"Visit TAHTO! Complete your museum experience and visit the Tower of the Olympic Stadium in Helsinki.","inLanguage":"en-US","potentialAction":[{"@type":"ReadAction","target":["https:\/\/tahto.com\/en\/olympic-stadium\/"]}]},{"@type":"ImageObject","inLanguage":"en-US","@id":"https:\/\/tahto.com\/en\/olympic-stadium\/#primaryimage","url":"https:\/\/tahto.com\/wp-content\/uploads\/2022\/09\/stadionin-yo.jpg","contentUrl":"https:\/\/tahto.com\/wp-content\/uploads\/2022\/09\/stadionin-yo.jpg","width":640,"height":428},{"@type":"WebSite","@id":"https:\/\/tahto.com\/#website","url":"https:\/\/tahto.com\/","name":"Tahto","description":"Uusi urheilumuseo","publisher":{"@id":"https:\/\/tahto.com\/#organization"},"potentialAction":[{"@type":"SearchAction","target":{"@type":"EntryPoint","urlTemplate":"https:\/\/tahto.com\/?s={search_term_string}"},"query-input":{"@type":"PropertyValueSpecification","valueRequired":true,"valueName":"search_term_string"}}],"inLanguage":"en-US"},{"@type":"Organization","@id":"https:\/\/tahto.com\/#organization","name":"Tahto","url":"https:\/\/tahto.com\/","logo":{"@type":"ImageObject","inLanguage":"en-US","@id":"https:\/\/tahto.com\/#\/schema\/logo\/image\/","url":"https:\/\/tahto.com\/wp-content\/uploads\/2022\/05\/cropped-Favicon-Tahto-1.png","contentUrl":"https:\/\/tahto.com\/wp-content\/uploads\/2022\/05\/cropped-Favicon-Tahto-1.png","width":240,"height":240,"caption":"Tahto"},"image":{"@id":"https:\/\/tahto.com\/#\/schema\/logo\/image\/"}}]}},"_links":{"self":[{"href":"https:\/\/tahto.com\/en\/wp-json\/wp\/v2\/pages\/3247","targetHints":{"allow":["GET"]}}],"collection":[{"href":"https:\/\/tahto.com\/en\/wp-json\/wp\/v2\/pages"}],"about":[{"href":"https:\/\/tahto.com\/en\/wp-json\/wp\/v2\/types\/page"}],"author":[{"embeddable":true,"href":"https:\/\/tahto.com\/en\/wp-json\/wp\/v2\/users\/1"}],"replies":[{"embeddable":true,"href":"https:\/\/tahto.com\/en\/wp-json\/wp\/v2\/comments?post=3247"}],"version-history":[{"count":12,"href":"https:\/\/tahto.com\/en\/wp-json\/wp\/v2\/pages\/3247\/revisions"}],"predecessor-version":[{"id":17754,"href":"https:\/\/tahto.com\/en\/wp-json\/wp\/v2\/pages\/3247\/revisions\/17754"}],"wp:featuredmedia":[{"embeddable":true,"href":"https:\/\/tahto.com\/en\/wp-json\/wp\/v2\/media\/5233"}],"wp:attachment":[{"href":"https:\/\/tahto.com\/en\/wp-json\/wp\/v2\/media?parent=3247"}],"curies":[{"name":"wp","href":"https:\/\/api.w.org\/{rel}","templated":true}]}}