{"id":3009,"date":"2022-04-26T15:26:52","date_gmt":"2022-04-26T12:26:52","guid":{"rendered":"https:\/\/tahto.com\/tule-meille\/"},"modified":"2026-01-02T10:39:57","modified_gmt":"2026-01-02T08:39:57","slug":"visit-us","status":"publish","type":"page","link":"https:\/\/tahto.com\/en\/visit-us\/","title":{"rendered":"Visit us"},"content":{"rendered":"\n<section\n    class=\"block block-hero container-fluid theme-blue block-hero-mobile-no-bottom-padding\">\n    <div class=\"container\">\n        <div class=\"row block-hero-row\">\n            <div class=\"col-12 col-lg-6 text-content\">\n                <main class=\"entry-content\">\n                    \n\n<h1 class=\"wp-block-heading\">VISIT US<\/h1>\n\n\n\n<p>Tickets, opening hours and entry<\/p>\n\n\n                <\/main>\n            <\/div>\n                        <div class=\"col-12 col-lg-6 image-spacer\">\n                <div class=\"hero-image full-width-md-down\" role=\"presentation\"\n                    style=\"background-image: url('https:\/\/tahto.com\/wp-content\/themes\/urheilumuseo\/dist\/images\/hero-theme-blue.svg')\">\n                <\/div>\n            <\/div>\n                    <\/div>\n    <\/div>\n<\/section>\n\n\n<section class=\"block block-opening-hours container-fluid theme-white\">\n    <div class=\"container\">\n        <div class=\"row\">\n            <div class=\"col-12 col-lg-8 offset-lg-2 col-hd-6 offset-hd-3\">\n                                <h2 class=\"h3 title\">Opening hours<\/h2>\n                \n                <div class=\"opening-hours-container\">\n                    <div>\n        <h3 class=\"h5 subtitle\">Exhibitions are open: <\/h3>\n\n        <div class=\"row\">\n        <p class=\"col-6 ingress\">Mon, Tue and Fri<\/p>\n        <p class=\"col-6 ingress\">10-18<\/p>\n    <\/div>\n        <div class=\"row\">\n        <p class=\"col-6 ingress\">Wed and Thu<\/p>\n        <p class=\"col-6 ingress\">10-19<\/p>\n    <\/div>\n        <div class=\"row\">\n        <p class=\"col-6 ingress\">Sat and Sun<\/p>\n        <p class=\"col-6 ingress\">10-17<\/p>\n    <\/div>\n    \n        <\/div>\n                    <div>\n        <h3 class=\"h5 subtitle\">Library and archive:<\/h3>\n\n        <div class=\"row\">\n        <p class=\"col-6 ingress\">Mon, Tue and Fri<\/p>\n        <p class=\"col-6 ingress\">10-18<\/p>\n    <\/div>\n        <div class=\"row\">\n        <p class=\"col-6 ingress\">Wed and Thu<\/p>\n        <p class=\"col-6 ingress\">10-19<\/p>\n    <\/div>\n    \n        <div class=\"row\">\n        <p class=\"col-6 ingress\">\n            Sat and Sun<\/p>\n        <p class=\"col-6 ingress\">closed<\/p>\n    <\/div>\n        <\/div>                <\/div>\n\n                                <div class=\"exceptional-opening-hours-wrapper\">\n\n                    \n                    \n<div class=\"accordion\">\n    <button class=\"toggle ingress\">\n        Exceptional opening hours    <\/button>\n    <div class=\"collapse\">\n        <div class=\"collapse-content\">\n                                <div class=\"exceptional-opening-hours-wrapper__inner\">\n                        \n<div class=\"exceptional-opening-hours\">\n    <h4 class=\"ingress uppercase\">Exhibitions<\/h4>\n        <div class=\"row\">\n        <p class=\"col-6 ingress\">\n                        17.4.        <\/p>\n        <p class=\"col-6 ingress\">\n                                     10-17:30                    <\/p>\n\n    <\/div>\n        <div class=\"row\">\n        <p class=\"col-6 ingress\">\n                        30.4.        <\/p>\n        <p class=\"col-6 ingress\">\n                                     10-16                    <\/p>\n\n    <\/div>\n        <div class=\"row\">\n        <p class=\"col-6 ingress\">\n                        1.5.        <\/p>\n        <p class=\"col-6 ingress\">\n                        closed                    <\/p>\n\n    <\/div>\n        <div class=\"row\">\n        <p class=\"col-6 ingress\">\n                        9.5.        <\/p>\n        <p class=\"col-6 ingress\">\n                        closed                    <\/p>\n\n    <\/div>\n        <div class=\"row\">\n        <p class=\"col-6 ingress\">\n                        18.6.        <\/p>\n        <p class=\"col-6 ingress\">\n                                     10-16                    <\/p>\n\n    <\/div>\n        <div class=\"row\">\n        <p class=\"col-6 ingress\">\n                        19.6.-21.6.        <\/p>\n        <p class=\"col-6 ingress\">\n                        closed                    <\/p>\n\n    <\/div>\n            <div class=\"ingress note entry-content\"><p>The opening hours of TAHTO differ from the opening hours of the Olympic Stadium, its tower and Bistro Stadium. <a href=\"https:\/\/www.stadion.fi\/en\/info\/contact-us\">Find more information about their opening hours here.<\/a><\/p>\n<\/div>\n    <\/div>\n                        \n<div class=\"exceptional-opening-hours\">\n    <h4 class=\"ingress uppercase\">Library and archive<\/h4>\n        <div class=\"row\">\n        <p class=\"col-6 ingress\">\n                        30.4.        <\/p>\n        <p class=\"col-6 ingress\">\n                                     10-16                    <\/p>\n\n    <\/div>\n        <div class=\"row\">\n        <p class=\"col-6 ingress\">\n                        1.5.        <\/p>\n        <p class=\"col-6 ingress\">\n                        closed                    <\/p>\n\n    <\/div>\n        <div class=\"row\">\n        <p class=\"col-6 ingress\">\n                        14.5.        <\/p>\n        <p class=\"col-6 ingress\">\n                        closed                    <\/p>\n\n    <\/div>\n        <\/div>\n                    <\/div>\n                            <\/div>\n    <\/div>\n<\/div>\n                <\/div>\n                            <\/div>\n        <\/div>\n    <\/div>\n<\/section>\n\n\n<section class=\"block block-content-wrapper container-fluid theme-white\">\n    <div class=\"container\">\n        <div class=\"row\">\n            <div class=\"col-12 col-lg-8 offset-lg-2 col-hd-6 offset-hd-3\">\n                <main class=\"entry-content\">\n                    \n\n<h3 class=\"wp-block-heading\">ADMISSION FEES TO THE EXHIBITIONS<\/h3>\n\n\n\n<p>YOU CAN ALSO BUY JOINT TICKET TO TAHTO AND TO THE OLYMPIC STADIUM TOWER.<\/p>\n\n\n\n<div class=\"wp-block-columns is-layout-flex wp-container-core-columns-is-layout-9d6595d7 wp-block-columns-is-layout-flex\">\n<div class=\"wp-block-column is-layout-flow wp-block-column-is-layout-flow\" style=\"flex-basis:100%\">\n<figure class=\"wp-block-table\"><table><tbody><tr><td><\/td><td><\/td><td>ADULTS<\/td><td>17 \u20ac<\/td><\/tr><tr><td><\/td><td><\/td><td>STUDENTS, PENSIONERS, MILITARY CONSCRIPTS,<br>PERSONS UNDERGOING NON-MILITARY SERVICE, UNEMPLOYED<\/td><td>12 \u20ac<\/td><\/tr><tr><td><\/td><td><\/td><td>KIDS 7\u201317 YEARS<\/td><td>7 \u20ac<\/td><\/tr><tr><td><\/td><td><\/td><td>UNDER 7 YEARS<\/td><td>free entry<\/td><\/tr><tr><td><\/td><td><\/td><td>GROUP TICKET (MORE THAN 10 PERSONS)<\/td><td>12 \u20ac<\/td><\/tr><tr><td><\/td><td><\/td><td>SCHOOL GROUPS (during the school day, with a teacher)              <\/td><td>4 \u20ac\/pupil<\/td><\/tr><tr><td><\/td><td><\/td><td>MUSEUM CARD, KAIKUKORTTI, HELSINKI CARD AND HELSINKI CITY PASS HOLDERS<\/td><td>free entry<\/td><\/tr><tr><td><\/td><td><\/td><td>VEIKKAUS CARD HOLDERS (On Mondays, two at the price of one)<\/td><td>17 \u20ac<\/td><\/tr><tr><td><\/td><td><\/td><td>JOINT TICKET TO TAHTO AND STADIUM TOWER<\/td><td>20,50 \u20ac \/ 14,50 \u20ac \/ 9,50 \u20ac<\/td><\/tr><tr><td><\/td><td><\/td><td>BUY YOUR MUSEUM CARD HERE<\/td><td>86 \u20ac \/ 79 \u20ac<\/td><\/tr><\/tbody><\/table><\/figure>\n<\/div>\n<\/div>\n\n\n\n<p><\/p>\n\n\n\n<p>Accepted methods of payment: cash, bank cards, major credit cards, MobilePay, Museum Card, Helsinki Card, Helsinki City Pass, Smartum, Edenred, Epassi.<\/p>\n\n\n\n<div class=\"wp-block-buttons is-layout-flex wp-block-buttons-is-layout-flex\">\n<div class=\"wp-block-button is-style-fill\"><a class=\"wp-block-button__link has-black-color has-pink-background-color has-text-color has-background has-link-color wp-element-button\" href=\"https:\/\/tickets.reveel.guide\/0196856d-9a43-7753-a741-e9c6cf30e2e5\">BUY TICKETS<\/a><\/div>\n<\/div>\n\n\n\n<p><\/p>\n\n\n\n<p>You can buy tickets at the ticket counter or online. Please present your online ticket and the card that entitles you to a discount at the museum entrance.&nbsp;<\/p>\n\n\n                <\/main>\n            <\/div>\n        <\/div>\n    <\/div>\n<\/section>\n\n\n<section class=\"block block-fifty-fifty container-fluid theme-white\">\n    <div class=\"container\">\n        <div class=\"row flex-xl-row\">\n            <div class=\"col-12 col-xl-6 d-inline-flex flex-column left-column\">\n                \n\n<img decoding=\"async\" src=\"https:\/\/tahto.com\/wp-content\/uploads\/2022\/09\/OLY-vuokralaisten-aluekartta-FI-EN.png\" width=\"2748\" height=\"1907\" class=\"fifty-fifty-media\" alt=\"\" loading=\"lazy\">\n                \n                            <\/div>\n            <div class=\"col-12 col-xl-6\">\n                <div\n                    class=\"h-100 d-flex flex-column justify-content-end desktop-indentation-left\">\n                    <div class=\"entry-content\">\n                        \n\n<h2 class=\"wp-block-heading\">ENTRY<\/h2>\n\n\n\n<p>Entry through the main door from parking area next to the Stadium Tower.<\/p>\n\n\n\n<p class=\"is-style-lead\">TAHTO Center for Finnish Sports Culture<\/p>\n\n\n\n<p>Olympic Stadium<br>Paavo Nurmen tie 1<br>00250 Helsinki<\/p>\n\n\n                    <\/div>\n                <\/div>\n            <\/div>\n        <\/div>\n    <\/div>\n<\/section>\n\n\n<section class=\"block block-fifty-fifty container-fluid theme-gray\">\n    <div class=\"container\">\n        <div class=\"row flex-xl-row\">\n            <div class=\"col-12 col-xl-6 d-inline-flex flex-column left-column\">\n                \n\n\n                                <h2 class=\"fifty-fifty-title h3\">Parking and public transport<\/h2>\n                \n                            <\/div>\n            <div class=\"col-12 col-xl-6\">\n                <div\n                    class=\"h-100 d-flex flex-column justify-content-start desktop-indentation-left\">\n                    <div class=\"entry-content\">\n                        \n\n<p class=\"is-style-lead\">Parking<\/p>\n\n\n\n<p>Parking spaces (for a fee) are found next to the Stadium Tower, on Urheilukatu and near T\u00f6\u00f6l\u00f6n kisahalli. Please note that Stadium events may cause changes to parking arrangements. The nearby Ice Arena offers four hours of free parking except on game days.<\/p>\n\n\n\n<p><strong>Note!<\/strong>&nbsp;Events at the Olympic Stadium always cause exceptions to the area\u2019s parking availability.<\/p>\n\n\n\n<p class=\"is-style-lead\">Public transport<\/p>\n\n\n\n<p>The Sports Museum TAHTO is easily reached by bus or tram. The closest stops are T\u00f6\u00f6l\u00f6n Kisahalli, T\u00f6\u00f6l\u00f6n kirjasto, Ooppera and Auroran sairaala. See more in the&nbsp;<a href=\"https:\/\/reittiopas.hsl.fi\/%20\/Paavo%20Nurmen%20tie%201%2C%20Helsinki%3A%3A60.186322%2C24.926822\/?utm_campaign=hsl.fi&amp;utm_source=etusivu-reittihaku&amp;utm_medium=referral\" target=\"_blank\" rel=\"noreferrer noopener\">route guide&nbsp;<\/a>of Helsinki Region<\/p>\n\n\n\n<p class=\"is-style-lead\">Parking for disabled<\/p>\n\n\n\n<p>There are a few free parking spaces for holders of disabled parking permits on the western side of the TAHTO<\/p>\n\n\n\n<p><strong>Note!<\/strong>&nbsp;Events at the Olympic Stadium always cause exceptions to the area\u2019s parking availability.<\/p>\n\n\n                    <\/div>\n                <\/div>\n            <\/div>\n        <\/div>\n    <\/div>\n<\/section>\n\n\n<section class=\"block block-page-highlight container-fluid theme-white\">\n    <div class=\"container\">\n        <div class=\"row\">\n            <div class=\"col-12 page-highlight__inner\">\n                                <h2>Explore<\/h2>\n                \n                                <div class=\"row list-unstyled\">\n                                        <div class=\"col-12 col-lg-4 mb-4 mb-lg-0\">\n                        <a class=\"item h-100\" href=\"https:\/\/tahto.com\/en\/exhibitions\/\">\n                            <img decoding=\"async\" width=\"768\" height=\"510\" src=\"https:\/\/tahto.com\/wp-content\/uploads\/2022\/06\/DSC_2764-768x510.jpg\" class=\"attachment-page-highlight size-page-highlight wp-post-image\" alt=\"\" srcset=\"https:\/\/tahto.com\/wp-content\/uploads\/2022\/06\/DSC_2764-768x510.jpg 768w, https:\/\/tahto.com\/wp-content\/uploads\/2022\/06\/DSC_2764-300x200.jpg 300w, https:\/\/tahto.com\/wp-content\/uploads\/2022\/06\/DSC_2764-560x373.jpg 560w\" sizes=\"(max-width: 575px) 100vw, (max-width: 767px) 510px, (max-width: 991px) 290px, (max-width: 1199px) 530px, 768px\" \/>                            <h3 class=\"item-title h6\">Exhibitions<\/h3>\n                        <\/a>\n                    <\/div>\n                                        <div class=\"col-12 col-lg-4 mb-4 mb-lg-0\">\n                        <a class=\"item h-100\" href=\"https:\/\/tahto.com\/en\/kokoelmat\/\">\n                            <img decoding=\"async\" width=\"768\" height=\"510\" src=\"https:\/\/tahto.com\/wp-content\/uploads\/2022\/04\/3619_96-1920x1194-copy-768x510.jpg\" class=\"attachment-page-highlight size-page-highlight wp-post-image\" alt=\"kiva\" \/>                            <h3 class=\"item-title h6\">Collections<\/h3>\n                        <\/a>\n                    <\/div>\n                                        <div class=\"col-12 col-lg-4 mb-4 mb-lg-0\">\n                        <a class=\"item h-100\" href=\"https:\/\/tahto.com\/en\/tilavuokraus-2\/\">\n                            <img decoding=\"async\" width=\"768\" height=\"510\" src=\"https:\/\/tahto.com\/wp-content\/uploads\/2023\/03\/Kokoustila-768x510.jpg\" class=\"attachment-page-highlight size-page-highlight wp-post-image\" alt=\"\" \/>                            <h3 class=\"item-title h6\">Rental Spaces<\/h3>\n                        <\/a>\n                    <\/div>\n                                    <\/div>\n                            <\/div>\n        <\/div>\n    <\/div>\n<\/section>","protected":false},"excerpt":{"rendered":"","protected":false},"author":1,"featured_media":13663,"parent":0,"menu_order":0,"comment_status":"closed","ping_status":"closed","template":"","meta":{"_acf_changed":false,"_relevanssi_hide_post":"","_relevanssi_hide_content":"","_relevanssi_pin_for_all":"","_relevanssi_pin_keywords":"","_relevanssi_unpin_keywords":"","_relevanssi_related_keywords":"","_relevanssi_related_include_ids":"","_relevanssi_related_exclude_ids":"","_relevanssi_related_no_append":"","_relevanssi_related_not_related":"","_relevanssi_related_posts":"10494,10523,10504","_relevanssi_noindex_reason":"","_improvement_type_select":"improve_an_existing","_thumb_yes_seoaic":false,"_frame_yes_seoaic":false,"seoaic_generate_description":"","seoaic_improve_instructions_prompt":"","seoaic_rollback_content_improvement":"","seoaic_idea_thumbnail_generator":"","thumbnail_generated":false,"thumbnail_generate_prompt":"","seoaic_article_description":"","footnotes":""},"class_list":["post-3009","page","type-page","status-publish","has-post-thumbnail","hentry"],"acf":[],"yoast_head":"<!-- This site is optimized with the Yoast SEO plugin v27.4 - https:\/\/yoast.com\/product\/yoast-seo-wordpress\/ -->\n<title>Visit us - Tahto<\/title>\n<meta name=\"description\" content=\"Welcome to TAHTO at the Olympic Stadium in Helsinki. Tickets, opening hours and entry!\" \/>\n<meta name=\"robots\" content=\"index, follow, max-snippet:-1, max-image-preview:large, max-video-preview:-1\" \/>\n<link rel=\"canonical\" href=\"https:\/\/tahto.com\/en\/visit-us\/\" \/>\n<meta property=\"og:locale\" content=\"en_US\" \/>\n<meta property=\"og:type\" content=\"article\" \/>\n<meta property=\"og:title\" content=\"Visit us - Tahto\" \/>\n<meta property=\"og:description\" content=\"Welcome to TAHTO at the Olympic Stadium in Helsinki. Tickets, opening hours and entry!\" \/>\n<meta property=\"og:url\" content=\"https:\/\/tahto.com\/en\/visit-us\/\" \/>\n<meta property=\"og:site_name\" content=\"Tahto\" \/>\n<meta property=\"article:modified_time\" content=\"2026-01-02T08:39:57+00:00\" \/>\n<meta property=\"og:image\" content=\"https:\/\/tahto.com\/wp-content\/uploads\/2024\/12\/TAHTO2024-017-photo-KekeLeppala-4000px-scaled.jpg\" \/>\n\t<meta property=\"og:image:width\" content=\"2560\" \/>\n\t<meta property=\"og:image:height\" content=\"1708\" \/>\n\t<meta property=\"og:image:type\" content=\"image\/jpeg\" \/>\n<meta name=\"twitter:card\" content=\"summary_large_image\" \/>\n<meta name=\"twitter:label1\" content=\"Est. reading time\" \/>\n\t<meta name=\"twitter:data1\" content=\"6 minutes\" \/>\n<script type=\"application\/ld+json\" class=\"yoast-schema-graph\">{\"@context\":\"https:\\\/\\\/schema.org\",\"@graph\":[{\"@type\":\"WebPage\",\"@id\":\"https:\\\/\\\/tahto.com\\\/en\\\/visit-us\\\/\",\"url\":\"https:\\\/\\\/tahto.com\\\/en\\\/visit-us\\\/\",\"name\":\"Visit us - Tahto\",\"isPartOf\":{\"@id\":\"https:\\\/\\\/tahto.com\\\/#website\"},\"primaryImageOfPage\":{\"@id\":\"https:\\\/\\\/tahto.com\\\/en\\\/visit-us\\\/#primaryimage\"},\"image\":{\"@id\":\"https:\\\/\\\/tahto.com\\\/en\\\/visit-us\\\/#primaryimage\"},\"thumbnailUrl\":\"https:\\\/\\\/tahto.com\\\/wp-content\\\/uploads\\\/2024\\\/12\\\/TAHTO2024-017-photo-KekeLeppala-4000px-scaled.jpg\",\"datePublished\":\"2022-04-26T12:26:52+00:00\",\"dateModified\":\"2026-01-02T08:39:57+00:00\",\"description\":\"Welcome to TAHTO at the Olympic Stadium in Helsinki. Tickets, opening hours and entry!\",\"inLanguage\":\"en-US\",\"potentialAction\":[{\"@type\":\"ReadAction\",\"target\":[\"https:\\\/\\\/tahto.com\\\/en\\\/visit-us\\\/\"]}]},{\"@type\":\"ImageObject\",\"inLanguage\":\"en-US\",\"@id\":\"https:\\\/\\\/tahto.com\\\/en\\\/visit-us\\\/#primaryimage\",\"url\":\"https:\\\/\\\/tahto.com\\\/wp-content\\\/uploads\\\/2024\\\/12\\\/TAHTO2024-017-photo-KekeLeppala-4000px-scaled.jpg\",\"contentUrl\":\"https:\\\/\\\/tahto.com\\\/wp-content\\\/uploads\\\/2024\\\/12\\\/TAHTO2024-017-photo-KekeLeppala-4000px-scaled.jpg\",\"width\":2560,\"height\":1708,\"caption\":\"TAHDON Liikuntaseikkailusta l\u00f6ytyy paljon mukavaa tekemist\u00e4 koko perheelle.\"},{\"@type\":\"WebSite\",\"@id\":\"https:\\\/\\\/tahto.com\\\/#website\",\"url\":\"https:\\\/\\\/tahto.com\\\/\",\"name\":\"Tahto\",\"description\":\"Uusi urheilumuseo\",\"publisher\":{\"@id\":\"https:\\\/\\\/tahto.com\\\/#organization\"},\"potentialAction\":[{\"@type\":\"SearchAction\",\"target\":{\"@type\":\"EntryPoint\",\"urlTemplate\":\"https:\\\/\\\/tahto.com\\\/?s={search_term_string}\"},\"query-input\":{\"@type\":\"PropertyValueSpecification\",\"valueRequired\":true,\"valueName\":\"search_term_string\"}}],\"inLanguage\":\"en-US\"},{\"@type\":\"Organization\",\"@id\":\"https:\\\/\\\/tahto.com\\\/#organization\",\"name\":\"Tahto\",\"url\":\"https:\\\/\\\/tahto.com\\\/\",\"logo\":{\"@type\":\"ImageObject\",\"inLanguage\":\"en-US\",\"@id\":\"https:\\\/\\\/tahto.com\\\/#\\\/schema\\\/logo\\\/image\\\/\",\"url\":\"https:\\\/\\\/tahto.com\\\/wp-content\\\/uploads\\\/2022\\\/05\\\/cropped-Favicon-Tahto-1.png\",\"contentUrl\":\"https:\\\/\\\/tahto.com\\\/wp-content\\\/uploads\\\/2022\\\/05\\\/cropped-Favicon-Tahto-1.png\",\"width\":240,\"height\":240,\"caption\":\"Tahto\"},\"image\":{\"@id\":\"https:\\\/\\\/tahto.com\\\/#\\\/schema\\\/logo\\\/image\\\/\"}}]}<\/script>\n<!-- \/ Yoast SEO plugin. -->","yoast_head_json":{"title":"Visit us - Tahto","description":"Welcome to TAHTO at the Olympic Stadium in Helsinki. Tickets, opening hours and entry!","robots":{"index":"index","follow":"follow","max-snippet":"max-snippet:-1","max-image-preview":"max-image-preview:large","max-video-preview":"max-video-preview:-1"},"canonical":"https:\/\/tahto.com\/en\/visit-us\/","og_locale":"en_US","og_type":"article","og_title":"Visit us - Tahto","og_description":"Welcome to TAHTO at the Olympic Stadium in Helsinki. Tickets, opening hours and entry!","og_url":"https:\/\/tahto.com\/en\/visit-us\/","og_site_name":"Tahto","article_modified_time":"2026-01-02T08:39:57+00:00","og_image":[{"width":2560,"height":1708,"url":"https:\/\/tahto.com\/wp-content\/uploads\/2024\/12\/TAHTO2024-017-photo-KekeLeppala-4000px-scaled.jpg","type":"image\/jpeg"}],"twitter_card":"summary_large_image","twitter_misc":{"Est. reading time":"6 minutes"},"schema":{"@context":"https:\/\/schema.org","@graph":[{"@type":"WebPage","@id":"https:\/\/tahto.com\/en\/visit-us\/","url":"https:\/\/tahto.com\/en\/visit-us\/","name":"Visit us - Tahto","isPartOf":{"@id":"https:\/\/tahto.com\/#website"},"primaryImageOfPage":{"@id":"https:\/\/tahto.com\/en\/visit-us\/#primaryimage"},"image":{"@id":"https:\/\/tahto.com\/en\/visit-us\/#primaryimage"},"thumbnailUrl":"https:\/\/tahto.com\/wp-content\/uploads\/2024\/12\/TAHTO2024-017-photo-KekeLeppala-4000px-scaled.jpg","datePublished":"2022-04-26T12:26:52+00:00","dateModified":"2026-01-02T08:39:57+00:00","description":"Welcome to TAHTO at the Olympic Stadium in Helsinki. Tickets, opening hours and entry!","inLanguage":"en-US","potentialAction":[{"@type":"ReadAction","target":["https:\/\/tahto.com\/en\/visit-us\/"]}]},{"@type":"ImageObject","inLanguage":"en-US","@id":"https:\/\/tahto.com\/en\/visit-us\/#primaryimage","url":"https:\/\/tahto.com\/wp-content\/uploads\/2024\/12\/TAHTO2024-017-photo-KekeLeppala-4000px-scaled.jpg","contentUrl":"https:\/\/tahto.com\/wp-content\/uploads\/2024\/12\/TAHTO2024-017-photo-KekeLeppala-4000px-scaled.jpg","width":2560,"height":1708,"caption":"TAHDON Liikuntaseikkailusta l\u00f6ytyy paljon mukavaa tekemist\u00e4 koko perheelle."},{"@type":"WebSite","@id":"https:\/\/tahto.com\/#website","url":"https:\/\/tahto.com\/","name":"Tahto","description":"Uusi urheilumuseo","publisher":{"@id":"https:\/\/tahto.com\/#organization"},"potentialAction":[{"@type":"SearchAction","target":{"@type":"EntryPoint","urlTemplate":"https:\/\/tahto.com\/?s={search_term_string}"},"query-input":{"@type":"PropertyValueSpecification","valueRequired":true,"valueName":"search_term_string"}}],"inLanguage":"en-US"},{"@type":"Organization","@id":"https:\/\/tahto.com\/#organization","name":"Tahto","url":"https:\/\/tahto.com\/","logo":{"@type":"ImageObject","inLanguage":"en-US","@id":"https:\/\/tahto.com\/#\/schema\/logo\/image\/","url":"https:\/\/tahto.com\/wp-content\/uploads\/2022\/05\/cropped-Favicon-Tahto-1.png","contentUrl":"https:\/\/tahto.com\/wp-content\/uploads\/2022\/05\/cropped-Favicon-Tahto-1.png","width":240,"height":240,"caption":"Tahto"},"image":{"@id":"https:\/\/tahto.com\/#\/schema\/logo\/image\/"}}]}},"_links":{"self":[{"href":"https:\/\/tahto.com\/en\/wp-json\/wp\/v2\/pages\/3009","targetHints":{"allow":["GET"]}}],"collection":[{"href":"https:\/\/tahto.com\/en\/wp-json\/wp\/v2\/pages"}],"about":[{"href":"https:\/\/tahto.com\/en\/wp-json\/wp\/v2\/types\/page"}],"author":[{"embeddable":true,"href":"https:\/\/tahto.com\/en\/wp-json\/wp\/v2\/users\/1"}],"replies":[{"embeddable":true,"href":"https:\/\/tahto.com\/en\/wp-json\/wp\/v2\/comments?post=3009"}],"version-history":[{"count":15,"href":"https:\/\/tahto.com\/en\/wp-json\/wp\/v2\/pages\/3009\/revisions"}],"predecessor-version":[{"id":17796,"href":"https:\/\/tahto.com\/en\/wp-json\/wp\/v2\/pages\/3009\/revisions\/17796"}],"wp:featuredmedia":[{"embeddable":true,"href":"https:\/\/tahto.com\/en\/wp-json\/wp\/v2\/media\/13663"}],"wp:attachment":[{"href":"https:\/\/tahto.com\/en\/wp-json\/wp\/v2\/media?parent=3009"}],"curies":[{"name":"wp","href":"https:\/\/api.w.org\/{rel}","templated":true}]}}